{"id":1114,"date":"2017-11-15T16:30:53","date_gmt":"2017-11-15T15:30:53","guid":{"rendered":"http:\/\/citu-paragraphe.fr\/?page_id=1114"},"modified":"2019-06-12T17:29:52","modified_gmt":"2019-06-12T16:29:52","slug":"theatromania","status":"publish","type":"page","link":"https:\/\/citu-paragraphe.fr\/index.php\/projets\/theatromania\/","title":{"rendered":"Th\u00e9atromania"},"content":{"rendered":"\n\n\n<h1>Th\u00e9atromania<\/h1>\n\n\n\n<p style=\"font-size:30px\">Le nouveau spectateur<\/p>\n\n\n\n<p>Nous pr\u00e9sentons ici un projet exploratoire de quelques-uns de ces possibles d\u2019une nouvelle visite patrimoniale \u00e0 travers 3 postures utilisateur(s) : celle du spectateur- promeneur, celle du spectateur-joueur et celle du spectateur-amateur. Ce prototype se nomme Theatromania et fait appel \u00e0 la r\u00e9alit\u00e9 augment\u00e9e, \u00e0 l\u2019immersion sonore et \u00e0 la g\u00e9olocalisation \u00e0 travers un espace urbain, un espace de mus\u00e9e et le salon m\u00eame de chaque utilisateur.<\/p>\n\n\n\n<p>Nous sommes conscients que le r\u00e9sultat final de ce nouveau regard sur les archives, dont le prototype, r\u00e9alis\u00e9 cette ann\u00e9e, peut paraitre d\u00e9suet devant l\u2019acc\u00e9l\u00e9ration exceptionnelle et permanente des \u00e9volutions technologiques. Mais l\u2019apport de ce projet est \u00e0 chercher dans le processus de conception et les choix des technologies autant que dans la confrontation des visions des diff\u00e9rents acteurs de ce projet de recherche universitaire. Conservateurs, enseignants-chercheurs, historiens, game-designers, graphistes, informaticiens, et chercheurs en science de l\u2019information et de la communication ont travaill\u00e9 de concert au profit d\u2019un seul interlocuteur : le spectateur. Au d\u00e9part de ce prototypage, nos trois postures Spectateur devaient \u00eatre respectivement partag\u00e9es entre trois outils : la Tablettes ou le Smartphone pour la premi\u00e8re, une Table tactile g\u00e9ante pour la seconde et le PC pour la troisi\u00e8me. Mais apr\u00e8s diff\u00e9rentes exp\u00e9rimentations nous sommes enclins \u00e0 nous axer sur un seul outil nomade : la Tablette\/Smartphone, \u00e0 utiliser dans la rue, dans le mus\u00e9e et chez soi, pour s\u2019immerger de la m\u00eame mani\u00e8re avec des attitudes compl\u00e9mentaires mais le m\u00eame jeu avec cette r\u00e9alit\u00e9 augment\u00e9e id\u00e9ale pour marier notre r\u00e9alit\u00e9 et celle de l\u2019archive de notre projet : celle du th\u00e9\u00e2tre fran\u00e7ais du XIXe si\u00e8cle.<\/p>\n\n\n\n<p>Allait-on vers un nouveau spectateur, un spectateur actif, debout (et non plus cal\u00e9 dans un fauteuil) en pleine action revenant en cela au premier spectateur de th\u00e9\u00e2tre, d\u00e9bout curieux, se d\u00e9pla\u00e7ant sans cesse et rentrant en interaction avec le spectacle ? Le spectateur contemporain est bombard\u00e9 d\u2019innovations techniques et narratives (\u00e0 travers des web-doc et autres exp\u00e9riences immersives). Ce spectateur, acteur de sa vie sur les r\u00e9seaux sociaux. Spectateur hier curieux et aujourd\u2019hui amateur \u00e9clair\u00e9, et demain infatigable travailleur propre \u00e0 enrichir des bases de donn\u00e9es \u00e0 travers une d\u00e9l\u00e9gation collaborativisme ludique et circonstancielle d\u2019un \u00e9change de comp\u00e9tences toujours plus \u00e9troites et enrichies. Un Spectateur Ub\u00e9ris\u00e9 peut-\u00eatre, mais surtout de plus en plus concern\u00e9 et projet\u00e9 dans un voyage personnel dans l\u2019Archive (au sens large de ce qui est disponible \u00e0 travers les Big Data et autres bases de donn\u00e9es accessibles sur les r\u00e9seaux) qu\u2019il peut aujourd\u2019hui fictioner en se l\u2019appropriant, sans en d\u00e9tourner la v\u00e9racit\u00e9 historique av\u00e9r\u00e9e, mais en y jouant physiquement le trouble f\u00eate. M\u00e9lange d\u2019espace temps concert\u00e9, comme lorsque l\u2019on regarde les touristes visiteurs immerg\u00e9s au sein de la c\u00e9l\u00e8bre sc\u00e8ne des escaliers d\u2019Odessa (du film de SM Eisenstein Le Cuisass\u00e9 Potenkin (1925)) aventure audiovisuelle imagin\u00e9e en 1987 par le r\u00e9alisateur Polonais Zbigniew Rybczy\u0144ski dans son essai vid\u00e9o HD Steps. Ici, dans Theatromania, le partage d\u2019\u00e9l\u00e9ments documentaires historiques (donn\u00e9es graphiques d\u2019un fond patrimonial) et pr\u00e9sents (architectures et b\u00e2timents d\u2019\u00e9poque) permet au gr\u00e9 d\u2019une narration d\u2019immerger en temps r\u00e9el notre spectateur, nouveau promeneur, joueur, travailleur) au coeur d\u2019une Histoire culturelle c\u00e9l\u00e8bre, celle du Th\u00e9\u00e2tre fran\u00e7ais et parisien au XIXe si\u00e8cle.<\/p>\n\n\n\n<p><strong>Porteur du projet : <\/strong>Equipe CITU-Paragraphe \u2013 Jean Jacques Gay<\/p>\n","protected":false},"excerpt":{"rendered":"<p>Th\u00e9atromania Le nouveau spectateur Nous pr\u00e9sentons ici un projet exploratoire de quelques-uns de ces possibles d\u2019une nouvelle visite patrimoniale \u00e0 travers 3 postures utilisateur(s) : celle du spectateur- promeneur, celle du spectateur-joueur et celle du spectateur-amateur. Ce prototype se nomme Theatromania et fait appel \u00e0 la r\u00e9alit\u00e9 augment\u00e9e, \u00e0 l\u2019immersion sonore et \u00e0 la g\u00e9olocalisation &hellip;<\/p>\n","protected":false},"author":5,"featured_media":0,"parent":27,"menu_order":0,"comment_status":"closed","ping_status":"closed","template":"","meta":[],"jetpack-related-posts":[{"id":4769,"url":"https:\/\/citu-paragraphe.fr\/index.php\/nos-seminaires-bimensuels\/","url_meta":{"origin":1114,"position":0},"title":"Nos s\u00e9minaires bimensuels","author":"Nasreddine Bouhai","date":"13 avril 2023","format":false,"excerpt":"Nos s\u00e9minaires bimensuels (2025\/2026) _________________________________________________________________________________ Cr\u00e9ation sonore g\u00e9n\u00e9rative : entre IA et h\u00e9ritage soufi \u00e0 travers ma pratique personnelle Dora Ben Lamine, Doctorante \u00c0 l\u2019\u00e8re de l\u2019intelligence artificielle, la cr\u00e9ation sonore se trouve confront\u00e9e \u00e0 un double d\u00e9fi : repenser ses modalit\u00e9s d\u2019\u00e9laboration et interroger ses conditions de r\u00e9ception dans\u2026","rel":"","context":"Article similaire","block_context":{"text":"Article similaire","link":""},"img":{"alt_text":"","src":"https:\/\/i0.wp.com\/citu-paragraphe.fr\/wp-content\/uploads\/2026\/03\/Gemini_Generated_Image_tu2iddtu2iddtu2i-1.png?resize=350%2C200&ssl=1","width":350,"height":200,"srcset":"https:\/\/i0.wp.com\/citu-paragraphe.fr\/wp-content\/uploads\/2026\/03\/Gemini_Generated_Image_tu2iddtu2iddtu2i-1.png?resize=350%2C200&ssl=1 1x, https:\/\/i0.wp.com\/citu-paragraphe.fr\/wp-content\/uploads\/2026\/03\/Gemini_Generated_Image_tu2iddtu2iddtu2i-1.png?resize=525%2C300&ssl=1 1.5x, https:\/\/i0.wp.com\/citu-paragraphe.fr\/wp-content\/uploads\/2026\/03\/Gemini_Generated_Image_tu2iddtu2iddtu2i-1.png?resize=700%2C400&ssl=1 2x"},"classes":[]},{"id":577,"url":"https:\/\/citu-paragraphe.fr\/index.php\/formation\/ateliers\/atelier-conception-collaborative-ergonomique\/","url_meta":{"origin":1114,"position":1},"title":"Atelier Conception Collaborative Ergonomique","author":"Pierre Ch\u00e2tel-Innocenti","date":"18 janvier 2016","format":false,"excerpt":"Atelier M2 NET\/Ergo - \u201cConception Collaborative Ergonomique\u201d Responsables de l\u2019atelier-laboratoire : Viviane Folcher et Khaldoun Zreik Sujet : Conception de projets ergonomiques en \u00e9quipes pluridisciplinaires Ann\u00e9e Sujet\u00a0de l'atelier 2011-2012 Re-conception d'un outil de diagnostic du b\u00e2ti pour l'Office Public de l'Habitat de la ville du Havre 2012-2013 Conception en zone\u2026","rel":"","context":"Article similaire","block_context":{"text":"Article similaire","link":""},"img":{"alt_text":"_Pre\u00cc\u0081sentation_Gallicasphe\u00cc\u0080re_","src":"https:\/\/i0.wp.com\/citu-paragraphe.fr\/wp-content\/uploads\/2016\/01\/Pre\u00cc\u0081sentation_Gallicasphe\u00cc\u0080re_-1024x615.png?resize=350%2C200","width":350,"height":200,"srcset":"https:\/\/i0.wp.com\/citu-paragraphe.fr\/wp-content\/uploads\/2016\/01\/Pre\u00cc\u0081sentation_Gallicasphe\u00cc\u0080re_-1024x615.png?resize=350%2C200 1x, https:\/\/i0.wp.com\/citu-paragraphe.fr\/wp-content\/uploads\/2016\/01\/Pre\u00cc\u0081sentation_Gallicasphe\u00cc\u0080re_-1024x615.png?resize=525%2C300 1.5x"},"classes":[]},{"id":450,"url":"https:\/\/citu-paragraphe.fr\/index.php\/formation\/ateliers\/","url_meta":{"origin":1114,"position":2},"title":"Ateliers Master","author":"Pierre Ch\u00e2tel-Innocenti","date":"9 d\u00e9cembre 2015","format":false,"excerpt":"Ateliers\u00a0Master Atelier D\u00e9tail de l'atelier Contact Conception Collaborative Conception de projets ergonomiques en \u00e9quipes pluridisciplinaires Viviane FOLCHER, Khaldoun ZREIK Hyperurbains et Smartcities Explorer les nouvelles formes de communication et d\u2019interaction dans le cadre de la ville connect\u00e9e Khaldoun ZREIK,\u00a0Samuel Szoniecky Proverbes et e-\u00e9ducation Concevoir un dispositif num\u00e9rique pour l\u2019E-education Salam\u2026","rel":"","context":"Article similaire","block_context":{"text":"Article similaire","link":""},"img":{"alt_text":"","src":"","width":0,"height":0},"classes":[]},{"id":2820,"url":"https:\/\/citu-paragraphe.fr\/index.php\/projets\/patrimoine-immateriel\/","url_meta":{"origin":1114,"position":3},"title":"Patrimoine Immat\u00e9riel \u00e0 l&#8217;\u00e8re num\u00e9rique","author":"Luis Torres Yepez","date":"11 juin 2019","format":false,"excerpt":"Patrimoine Immat\u00e9riel \u00e0 l'\u00e8re num\u00e9rique En 2003, l'UNESCO adopte une Convention portant sur le sauvegarde du patrimoine culturel immat\u00e9riel (PCI) d\u00e9fini comme \"les pratiques, repr\u00e9sentations, expressions, connaissances et savoir-faire - ainsi que les instruments, objets, artefacts et espaces culturels qui leur sont associ\u00e9s - que les communaut\u00e9s, les groupes et,\u2026","rel":"","context":"Article similaire","block_context":{"text":"Article similaire","link":""},"img":{"alt_text":"Biopiraterie- Youtube","src":"https:\/\/i0.wp.com\/live.staticflickr.com\/65535\/48044744397_a49cab51a6_b.jpg?resize=350%2C200&ssl=1","width":350,"height":200,"srcset":"https:\/\/i0.wp.com\/live.staticflickr.com\/65535\/48044744397_a49cab51a6_b.jpg?resize=350%2C200&ssl=1 1x, https:\/\/i0.wp.com\/live.staticflickr.com\/65535\/48044744397_a49cab51a6_b.jpg?resize=525%2C300&ssl=1 1.5x, https:\/\/i0.wp.com\/live.staticflickr.com\/65535\/48044744397_a49cab51a6_b.jpg?resize=700%2C400&ssl=1 2x"},"classes":[]},{"id":738,"url":"https:\/\/citu-paragraphe.fr\/index.php\/formation\/master-net\/","url_meta":{"origin":1114,"position":4},"title":"Master Num\u00e9rique : Enjeux, Technologies (M1\/M2 NET)","author":"Pierre Ch\u00e2tel-Innocenti","date":"9 f\u00e9vrier 2016","format":false,"excerpt":"Master Num\u00e9rique : Enjeux, Technologies (NET) Fiche descriptive Domaine\u00a0: Sciences humaines et sociale Mention : Humanit\u00e9s num\u00e9riques Parcours\u00a0: Num\u00e9rique\u00a0: Enjeux et Technologies Responsables de la mention : Ghislaine AZEMARD, Pierre QUETTIER Responsables du parcours\u00a0: M1\u00a0: Guillaume Besacier et Khaldoun Zreik, M2\u00a0: Pierre QUETTIER et Khaldoun ZREIK UFR de rattachement :\u2026","rel":"","context":"Article similaire","block_context":{"text":"Article similaire","link":""},"img":{"alt_text":"","src":"","width":0,"height":0},"classes":[]},{"id":950,"url":"https:\/\/citu-paragraphe.fr\/index.php\/projets\/dualcorps\/","url_meta":{"origin":1114,"position":5},"title":"DualCorps","author":"Pierre Ch\u00e2tel-Innocenti","date":"9 juin 2016","format":false,"excerpt":"DUALCORPS Description DualCorps est un projet exp\u00e9rimental \u00e0 la crois\u00e9e de l\u2019art num\u00e9rique, de la performance et de la recherche-action. Le coeur du projet est une recherche Art-Science autour de la cyber-g\u00e9m\u00e9lleit\u00e9, du poids des donn\u00e9es dans la cr\u00e9ation des identit\u00e9s num\u00e9riques, et de la repr\u00e9sentation de ces derni\u00e8res. Les\u2026","rel":"","context":"Article similaire","block_context":{"text":"Article similaire","link":""},"img":{"alt_text":"visueldualcorps537","src":"https:\/\/i0.wp.com\/citu-paragraphe.fr\/wp-content\/uploads\/2016\/06\/visueldualcorps537.jpg?resize=350%2C200","width":350,"height":200,"srcset":"https:\/\/i0.wp.com\/citu-paragraphe.fr\/wp-content\/uploads\/2016\/06\/visueldualcorps537.jpg?resize=350%2C200 1x, https:\/\/i0.wp.com\/citu-paragraphe.fr\/wp-content\/uploads\/2016\/06\/visueldualcorps537.jpg?resize=525%2C300 1.5x"},"classes":[]}],"_links":{"self":[{"href":"https:\/\/citu-paragraphe.fr\/index.php\/wp-json\/wp\/v2\/pages\/1114"}],"collection":[{"href":"https:\/\/citu-paragraphe.fr\/index.php\/wp-json\/wp\/v2\/pages"}],"about":[{"href":"https:\/\/citu-paragraphe.fr\/index.php\/wp-json\/wp\/v2\/types\/page"}],"author":[{"embeddable":true,"href":"https:\/\/citu-paragraphe.fr\/index.php\/wp-json\/wp\/v2\/users\/5"}],"replies":[{"embeddable":true,"href":"https:\/\/citu-paragraphe.fr\/index.php\/wp-json\/wp\/v2\/comments?post=1114"}],"version-history":[{"count":0,"href":"https:\/\/citu-paragraphe.fr\/index.php\/wp-json\/wp\/v2\/pages\/1114\/revisions"}],"up":[{"embeddable":true,"href":"https:\/\/citu-paragraphe.fr\/index.php\/wp-json\/wp\/v2\/pages\/27"}],"wp:attachment":[{"href":"https:\/\/citu-paragraphe.fr\/index.php\/wp-json\/wp\/v2\/media?parent=1114"}],"curies":[{"name":"wp","href":"https:\/\/api.w.org\/{rel}","templated":true}]}}