{"id":1117,"date":"2017-11-15T16:33:29","date_gmt":"2017-11-15T15:33:29","guid":{"rendered":"http:\/\/citu-paragraphe.fr\/?page_id=1117"},"modified":"2017-12-13T11:44:01","modified_gmt":"2017-12-13T10:44:01","slug":"prevu","status":"publish","type":"page","link":"https:\/\/citu-paragraphe.fr\/index.php\/projets\/prevu\/","title":{"rendered":"Pr\u00e9vu"},"content":{"rendered":"<p>Le projet Pr\u00e9vu consiste \u00e0 mettre en place une plateforme d\u2019acc\u00e8s et de visualisation autour d\u2019un corpus de donn\u00e9es sp\u00e9cifique : les donn\u00e9es de la biblioth\u00e8que de l\u2019Universit\u00e9 de Paris 8 afin\u00a0d\u2019encourager \u00e0 travers leur consultation la recherche scientifique et de faire \u00e9merger de nouvelles\u00a0pratiques de recherche et de nouvelles formes d\u2019\u00e9criture scientifique \u00e0 partir des donn\u00e9es.<\/p>\n<p>Le projet vise \u00e9galement \u00e0 proposer de nouvelles fa\u00e7ons d\u2019acc\u00e9der au catalogue et aux informations\u00a0contenues dans la base de donn\u00e9es de la BU Paris 8 gr\u00e2ce aux repr\u00e9sentations graphiques au design\u00a0travaill\u00e9. Enfin, Pr\u00e9vu propose d\u2019explorer comment le recours aux donn\u00e9es peut servir de moyen\u00a0d\u2019expression et de cr\u00e9ation en donnant acc\u00e8s \u00e0 ces donn\u00e9es \u00e0 des artistes tout au long du projet.<\/p>\n","protected":false},"excerpt":{"rendered":"<p>Le projet Pr\u00e9vu consiste \u00e0 mettre en place une plateforme d\u2019acc\u00e8s et de visualisation autour d\u2019un corpus de donn\u00e9es sp\u00e9cifique : les donn\u00e9es de la biblioth\u00e8que de l\u2019Universit\u00e9 de Paris 8 afin\u00a0d\u2019encourager \u00e0 travers leur consultation la recherche scientifique et de faire \u00e9merger de nouvelles\u00a0pratiques de recherche et de nouvelles formes d\u2019\u00e9criture scientifique \u00e0 partir &hellip;<\/p>\n","protected":false},"author":5,"featured_media":0,"parent":27,"menu_order":0,"comment_status":"closed","ping_status":"closed","template":"","meta":[],"jetpack-related-posts":[{"id":950,"url":"https:\/\/citu-paragraphe.fr\/index.php\/projets\/dualcorps\/","url_meta":{"origin":1117,"position":0},"title":"DualCorps","author":"Pierre Ch\u00e2tel-Innocenti","date":"9 juin 2016","format":false,"excerpt":"DUALCORPS Description DualCorps est un projet exp\u00e9rimental \u00e0 la crois\u00e9e de l\u2019art num\u00e9rique, de la performance et de la recherche-action. Le coeur du projet est une recherche Art-Science autour de la cyber-g\u00e9m\u00e9lleit\u00e9, du poids des donn\u00e9es dans la cr\u00e9ation des identit\u00e9s num\u00e9riques, et de la repr\u00e9sentation de ces derni\u00e8res. Les\u2026","rel":"","context":"Article similaire","block_context":{"text":"Article similaire","link":""},"img":{"alt_text":"visueldualcorps537","src":"https:\/\/i0.wp.com\/citu-paragraphe.fr\/wp-content\/uploads\/2016\/06\/visueldualcorps537.jpg?resize=350%2C200","width":350,"height":200,"srcset":"https:\/\/i0.wp.com\/citu-paragraphe.fr\/wp-content\/uploads\/2016\/06\/visueldualcorps537.jpg?resize=350%2C200 1x, https:\/\/i0.wp.com\/citu-paragraphe.fr\/wp-content\/uploads\/2016\/06\/visueldualcorps537.jpg?resize=525%2C300 1.5x"},"classes":[]},{"id":2129,"url":"https:\/\/citu-paragraphe.fr\/index.php\/membres\/luis-torres-yepez\/","url_meta":{"origin":1117,"position":1},"title":"Luis Torres-Yepez","author":"Luis Torres Yepez","date":"21 janvier 2019","format":false,"excerpt":"Luis Torres-Yepez Chercheur Associ\u00e9 Laboratoire Paragraphe FORMATION 2017 \u2013 2024. Doctorat en Sciences de l\u2019information et de la communication. Laboratoire CiTu \u2013 Paragraphe, Universit\u00e9 Paris 8 Vincennes - St. Denis, France. Th\u00e8se\u00a0: \u00ab\u00a0\u00c9tude de l\u2019appropriation du patrimoine culturel immat\u00e9riel gr\u00e2ce aux m\u00e9thodes num\u00e9riques. Visualisation et cartographie de la biopiraterie des\u2026","rel":"","context":"Article similaire","block_context":{"text":"Article similaire","link":""},"img":{"alt_text":"","src":"https:\/\/i0.wp.com\/img.youtube.com\/vi\/bobDY0AaTtg\/0.jpg?resize=350%2C200","width":350,"height":200},"classes":[]},{"id":29,"url":"https:\/\/citu-paragraphe.fr\/index.php\/formation\/","url_meta":{"origin":1117,"position":2},"title":"Formation","author":"Pierre Ch\u00e2tel-Innocenti","date":"13 novembre 2015","format":false,"excerpt":"Formation Activit\u00e9 D\u00e9tail de l\u2019activit\u00e9 Contact pour l\u2019activit\u00e9 Licence pro CDNL Cr\u00e9ation et d\u00e9veloppement num\u00e9riques en ligne Samuel SZONIECKY Master NET Num\u00e9rique : Enjeux, Technologies Khaldoun ZREIK Atelier M2 NET - BnF Conception de projets ergonomiques en \u00e9quipes pluridisciplinaires Khaldoun ZREIK, Viviane FOLCHER M2 THYP Imad SALEH, Nasreddine BOUHAI Les\u2026","rel":"","context":"Article similaire","block_context":{"text":"Article similaire","link":""},"img":{"alt_text":"","src":"","width":0,"height":0},"classes":[]},{"id":1114,"url":"https:\/\/citu-paragraphe.fr\/index.php\/projets\/theatromania\/","url_meta":{"origin":1117,"position":3},"title":"Th\u00e9atromania","author":"Guillaume Besacier","date":"15 novembre 2017","format":false,"excerpt":"Th\u00e9atromania Le nouveau spectateur Nous pr\u00e9sentons ici un projet exploratoire de quelques-uns de ces possibles d\u2019une nouvelle visite patrimoniale \u00e0 travers 3 postures utilisateur(s) : celle du spectateur- promeneur, celle du spectateur-joueur et celle du spectateur-amateur. Ce prototype se nomme Theatromania et fait appel \u00e0 la r\u00e9alit\u00e9 augment\u00e9e, \u00e0 l\u2019immersion\u2026","rel":"","context":"Article similaire","block_context":{"text":"Article similaire","link":""},"img":{"alt_text":"","src":"","width":0,"height":0},"classes":[]},{"id":738,"url":"https:\/\/citu-paragraphe.fr\/index.php\/formation\/master-net\/","url_meta":{"origin":1117,"position":4},"title":"Master Num\u00e9rique : Enjeux, Technologies (M1\/M2 NET)","author":"Pierre Ch\u00e2tel-Innocenti","date":"9 f\u00e9vrier 2016","format":false,"excerpt":"Master Num\u00e9rique : Enjeux, Technologies (NET) Fiche descriptive Domaine\u00a0: Sciences humaines et sociale Mention : Humanit\u00e9s num\u00e9riques Parcours\u00a0: Num\u00e9rique\u00a0: Enjeux et Technologies Responsables de la mention : Ghislaine AZEMARD, Pierre QUETTIER Responsables du parcours\u00a0: M1\u00a0: Guillaume Besacier et Khaldoun Zreik, M2\u00a0: Pierre QUETTIER et Khaldoun ZREIK UFR de rattachement :\u2026","rel":"","context":"Article similaire","block_context":{"text":"Article similaire","link":""},"img":{"alt_text":"","src":"","width":0,"height":0},"classes":[]},{"id":4769,"url":"https:\/\/citu-paragraphe.fr\/index.php\/nos-seminaires-bimensuels\/","url_meta":{"origin":1117,"position":5},"title":"Nos s\u00e9minaires bimensuels","author":"Nasreddine Bouhai","date":"13 avril 2023","format":false,"excerpt":"Nos s\u00e9minaires bimensuels (2025\/2026) _________________________________________________________________________________ Cr\u00e9ation sonore g\u00e9n\u00e9rative : entre IA et h\u00e9ritage soufi \u00e0 travers ma pratique personnelle Dora Ben Lamine, Doctorante \u00c0 l\u2019\u00e8re de l\u2019intelligence artificielle, la cr\u00e9ation sonore se trouve confront\u00e9e \u00e0 un double d\u00e9fi : repenser ses modalit\u00e9s d\u2019\u00e9laboration et interroger ses conditions de r\u00e9ception dans\u2026","rel":"","context":"Article similaire","block_context":{"text":"Article similaire","link":""},"img":{"alt_text":"","src":"https:\/\/i0.wp.com\/citu-paragraphe.fr\/wp-content\/uploads\/2026\/03\/Gemini_Generated_Image_tu2iddtu2iddtu2i-1.png?resize=350%2C200&ssl=1","width":350,"height":200,"srcset":"https:\/\/i0.wp.com\/citu-paragraphe.fr\/wp-content\/uploads\/2026\/03\/Gemini_Generated_Image_tu2iddtu2iddtu2i-1.png?resize=350%2C200&ssl=1 1x, https:\/\/i0.wp.com\/citu-paragraphe.fr\/wp-content\/uploads\/2026\/03\/Gemini_Generated_Image_tu2iddtu2iddtu2i-1.png?resize=525%2C300&ssl=1 1.5x, https:\/\/i0.wp.com\/citu-paragraphe.fr\/wp-content\/uploads\/2026\/03\/Gemini_Generated_Image_tu2iddtu2iddtu2i-1.png?resize=700%2C400&ssl=1 2x"},"classes":[]}],"_links":{"self":[{"href":"https:\/\/citu-paragraphe.fr\/index.php\/wp-json\/wp\/v2\/pages\/1117"}],"collection":[{"href":"https:\/\/citu-paragraphe.fr\/index.php\/wp-json\/wp\/v2\/pages"}],"about":[{"href":"https:\/\/citu-paragraphe.fr\/index.php\/wp-json\/wp\/v2\/types\/page"}],"author":[{"embeddable":true,"href":"https:\/\/citu-paragraphe.fr\/index.php\/wp-json\/wp\/v2\/users\/5"}],"replies":[{"embeddable":true,"href":"https:\/\/citu-paragraphe.fr\/index.php\/wp-json\/wp\/v2\/comments?post=1117"}],"version-history":[{"count":0,"href":"https:\/\/citu-paragraphe.fr\/index.php\/wp-json\/wp\/v2\/pages\/1117\/revisions"}],"up":[{"embeddable":true,"href":"https:\/\/citu-paragraphe.fr\/index.php\/wp-json\/wp\/v2\/pages\/27"}],"wp:attachment":[{"href":"https:\/\/citu-paragraphe.fr\/index.php\/wp-json\/wp\/v2\/media?parent=1117"}],"curies":[{"name":"wp","href":"https:\/\/api.w.org\/{rel}","templated":true}]}}