{"id":1128,"date":"2017-11-15T17:35:00","date_gmt":"2017-11-15T16:35:00","guid":{"rendered":"http:\/\/citu-paragraphe.fr\/?page_id=1128"},"modified":"2017-11-15T17:55:26","modified_gmt":"2017-11-15T16:55:26","slug":"innovation-at-work","status":"publish","type":"page","link":"https:\/\/citu-paragraphe.fr\/index.php\/projets\/innovation-at-work\/","title":{"rendered":"Innovation At Work"},"content":{"rendered":"<p>TODO: Viviane<\/p>\n","protected":false},"excerpt":{"rendered":"<p>TODO: Viviane<\/p>\n","protected":false},"author":5,"featured_media":0,"parent":27,"menu_order":0,"comment_status":"closed","ping_status":"closed","template":"","meta":[],"jetpack-related-posts":[{"id":2009,"url":"https:\/\/citu-paragraphe.fr\/index.php\/anciens-membres\/","url_meta":{"origin":1128,"position":0},"title":"Anciens membres","author":"Luis Torres Yepez","date":"21 janvier 2019","format":false,"excerpt":"Anciens membres Areti DamalaATERPierre Ch\u00e2tel-InnocentiIng\u00e9nieur de rechercheSamuel SzonieckyMa\u00eetre de Conf\u00e9rencesEverardo ReyesMa\u00eetre de Conf\u00e9rencesViviane FolcherMa\u00eetresse de Conf\u00e9rences HDRMarilou KordahiEnseignante-chercheuse","rel":"","context":"Article similaire","block_context":{"text":"Article similaire","link":""},"img":{"alt_text":"","src":"","width":0,"height":0},"classes":[]},{"id":1122,"url":"https:\/\/citu-paragraphe.fr\/index.php\/projets\/montre-verte\/","url_meta":{"origin":1128,"position":1},"title":"Montre Verte","author":"Guillaume Besacier","date":"15 novembre 2017","format":false,"excerpt":"TODO: Khaldoun","rel":"","context":"Article similaire","block_context":{"text":"Article similaire","link":""},"img":{"alt_text":"","src":"","width":0,"height":0},"classes":[]},{"id":365,"url":"https:\/\/citu-paragraphe.fr\/index.php\/projets\/terra-dynamica\/","url_meta":{"origin":1128,"position":2},"title":"Terra Dynamica","author":"Pierre Ch\u00e2tel-Innocenti","date":"7 d\u00e9cembre 2015","format":false,"excerpt":"TODO: Khaldoun","rel":"","context":"Article similaire","block_context":{"text":"Article similaire","link":""},"img":{"alt_text":"","src":"","width":0,"height":0},"classes":[]},{"id":450,"url":"https:\/\/citu-paragraphe.fr\/index.php\/formation\/ateliers\/","url_meta":{"origin":1128,"position":3},"title":"Ateliers Master","author":"Pierre Ch\u00e2tel-Innocenti","date":"9 d\u00e9cembre 2015","format":false,"excerpt":"Ateliers\u00a0Master Atelier D\u00e9tail de l'atelier Contact Conception Collaborative Conception de projets ergonomiques en \u00e9quipes pluridisciplinaires Viviane FOLCHER, Khaldoun ZREIK Hyperurbains et Smartcities Explorer les nouvelles formes de communication et d\u2019interaction dans le cadre de la ville connect\u00e9e Khaldoun ZREIK,\u00a0Samuel Szoniecky Proverbes et e-\u00e9ducation Concevoir un dispositif num\u00e9rique pour l\u2019E-education Salam\u2026","rel":"","context":"Article similaire","block_context":{"text":"Article similaire","link":""},"img":{"alt_text":"","src":"","width":0,"height":0},"classes":[]},{"id":530,"url":"https:\/\/citu-paragraphe.fr\/index.php\/colloques\/cac\/","url_meta":{"origin":1128,"position":4},"title":"CAC","author":"Pierre Ch\u00e2tel-Innocenti","date":"18 d\u00e9cembre 2015","format":false,"excerpt":"CAC - Computer Art Congress Dedicated website: https:\/\/cac8.sciencesconf.org\/ The Computer Art Congress is an international gathering around art, science, technology, and design. Its first edition was celebrated in Paris (2002), then the CAC traveled to Mexico City (2008), then came back to Paris (2012), and recently was hosted in Rio\u2026","rel":"","context":"Article similaire","block_context":{"text":"Article similaire","link":""},"img":{"alt_text":"","src":"https:\/\/i0.wp.com\/citu-paragraphe.fr\/wp-content\/uploads\/2016\/02\/12366134_10207541690674150_1583002390927422686_o.jpg?resize=350%2C200","width":350,"height":200},"classes":[]},{"id":29,"url":"https:\/\/citu-paragraphe.fr\/index.php\/formation\/","url_meta":{"origin":1128,"position":5},"title":"Formation","author":"Pierre Ch\u00e2tel-Innocenti","date":"13 novembre 2015","format":false,"excerpt":"Formation Activit\u00e9 D\u00e9tail de l\u2019activit\u00e9 Contact pour l\u2019activit\u00e9 Licence pro CDNL Cr\u00e9ation et d\u00e9veloppement num\u00e9riques en ligne Samuel SZONIECKY Master NET Num\u00e9rique : Enjeux, Technologies Khaldoun ZREIK Atelier M2 NET - BnF Conception de projets ergonomiques en \u00e9quipes pluridisciplinaires Khaldoun ZREIK, Viviane FOLCHER M2 THYP Imad SALEH, Nasreddine BOUHAI Les\u2026","rel":"","context":"Article similaire","block_context":{"text":"Article similaire","link":""},"img":{"alt_text":"","src":"","width":0,"height":0},"classes":[]}],"_links":{"self":[{"href":"https:\/\/citu-paragraphe.fr\/index.php\/wp-json\/wp\/v2\/pages\/1128"}],"collection":[{"href":"https:\/\/citu-paragraphe.fr\/index.php\/wp-json\/wp\/v2\/pages"}],"about":[{"href":"https:\/\/citu-paragraphe.fr\/index.php\/wp-json\/wp\/v2\/types\/page"}],"author":[{"embeddable":true,"href":"https:\/\/citu-paragraphe.fr\/index.php\/wp-json\/wp\/v2\/users\/5"}],"replies":[{"embeddable":true,"href":"https:\/\/citu-paragraphe.fr\/index.php\/wp-json\/wp\/v2\/comments?post=1128"}],"version-history":[{"count":0,"href":"https:\/\/citu-paragraphe.fr\/index.php\/wp-json\/wp\/v2\/pages\/1128\/revisions"}],"up":[{"embeddable":true,"href":"https:\/\/citu-paragraphe.fr\/index.php\/wp-json\/wp\/v2\/pages\/27"}],"wp:attachment":[{"href":"https:\/\/citu-paragraphe.fr\/index.php\/wp-json\/wp\/v2\/media?parent=1128"}],"curies":[{"name":"wp","href":"https:\/\/api.w.org\/{rel}","templated":true}]}}