{"id":193,"date":"2015-11-27T15:20:18","date_gmt":"2015-11-27T14:20:18","guid":{"rendered":"http:\/\/citu-paragraphe.fr\/?page_id=193"},"modified":"2015-11-27T15:20:18","modified_gmt":"2015-11-27T14:20:18","slug":"doctorants","status":"publish","type":"page","link":"https:\/\/citu-paragraphe.fr\/index.php\/membres\/doctorants\/","title":{"rendered":"Doctorants"},"content":{"rendered":"","protected":false},"excerpt":{"rendered":"","protected":false},"author":1,"featured_media":0,"parent":15,"menu_order":100,"comment_status":"closed","ping_status":"closed","template":"","meta":[],"jetpack-related-posts":[{"id":509,"url":"https:\/\/citu-paragraphe.fr\/index.php\/formation\/stages-doctorats\/","url_meta":{"origin":193,"position":0},"title":"Stages, doctorats","author":"Pierre Ch\u00e2tel-Innocenti","date":"18 d\u00e9cembre 2015","format":false,"excerpt":"Formation par la recherche: stages, doctorats Le CiTu applique une politique d\u2019accueil et de recherche de financement pour des th\u00e8ses. Actuellement, 4 doctorants sont financ\u00e9s par des contrats, 2 boursiers de CROUS et plusieurs stagiaires.","rel":"","context":"Article similaire","block_context":{"text":"Article similaire","link":""},"img":{"alt_text":"","src":"","width":0,"height":0},"classes":[]},{"id":29,"url":"https:\/\/citu-paragraphe.fr\/index.php\/formation\/","url_meta":{"origin":193,"position":1},"title":"Formation","author":"Pierre Ch\u00e2tel-Innocenti","date":"13 novembre 2015","format":false,"excerpt":"Formation Activit\u00e9 D\u00e9tail de l\u2019activit\u00e9 Contact pour l\u2019activit\u00e9 Licence pro CDNL Cr\u00e9ation et d\u00e9veloppement num\u00e9riques en ligne Samuel SZONIECKY Master NET Num\u00e9rique : Enjeux, Technologies Khaldoun ZREIK Atelier M2 NET - BnF Conception de projets ergonomiques en \u00e9quipes pluridisciplinaires Khaldoun ZREIK, Viviane FOLCHER M2 THYP Imad SALEH, Nasreddine BOUHAI Les\u2026","rel":"","context":"Article similaire","block_context":{"text":"Article similaire","link":""},"img":{"alt_text":"","src":"","width":0,"height":0},"classes":[]}],"_links":{"self":[{"href":"https:\/\/citu-paragraphe.fr\/index.php\/wp-json\/wp\/v2\/pages\/193"}],"collection":[{"href":"https:\/\/citu-paragraphe.fr\/index.php\/wp-json\/wp\/v2\/pages"}],"about":[{"href":"https:\/\/citu-paragraphe.fr\/index.php\/wp-json\/wp\/v2\/types\/page"}],"author":[{"embeddable":true,"href":"https:\/\/citu-paragraphe.fr\/index.php\/wp-json\/wp\/v2\/users\/1"}],"replies":[{"embeddable":true,"href":"https:\/\/citu-paragraphe.fr\/index.php\/wp-json\/wp\/v2\/comments?post=193"}],"version-history":[{"count":0,"href":"https:\/\/citu-paragraphe.fr\/index.php\/wp-json\/wp\/v2\/pages\/193\/revisions"}],"up":[{"embeddable":true,"href":"https:\/\/citu-paragraphe.fr\/index.php\/wp-json\/wp\/v2\/pages\/15"}],"wp:attachment":[{"href":"https:\/\/citu-paragraphe.fr\/index.php\/wp-json\/wp\/v2\/media?parent=193"}],"curies":[{"name":"wp","href":"https:\/\/api.w.org\/{rel}","templated":true}]}}