{"id":2009,"date":"2019-01-21T17:52:30","date_gmt":"2019-01-21T16:52:30","guid":{"rendered":"http:\/\/citu-paragraphe.fr\/?page_id=2009"},"modified":"2024-09-09T08:06:30","modified_gmt":"2024-09-09T07:06:30","slug":"anciens-membres","status":"publish","type":"page","link":"https:\/\/citu-paragraphe.fr\/index.php\/anciens-membres\/","title":{"rendered":"Anciens membres"},"content":{"rendered":"\n<h2>Anciens membres<\/h2>\n\n\n\n<figure class=\"wp-block-table\"><table><tbody><tr><td><strong>Areti Damala<\/strong><\/td><td>ATER<\/td><\/tr><tr><td><strong><a href=\"https:\/\/chatel-photo.fr\/\" data-type=\"URL\" data-id=\"https:\/\/chatel-photo.fr\/\" target=\"_blank\" rel=\"noreferrer noopener\">Pierre Ch\u00e2tel-Innocenti<\/a><\/strong><\/td><td>Ing\u00e9nieur de recherche<\/td><\/tr><tr><td><strong>Samuel Szoniecky<\/strong><\/td><td>Ma\u00eetre de Conf\u00e9rences<\/td><\/tr><tr><td><strong>Everardo Reyes<\/strong><\/td><td>Ma\u00eetre de Conf\u00e9rences<\/td><\/tr><tr><td><strong>Viviane Folcher<\/strong><\/td><td>Ma\u00eetresse de Conf\u00e9rences HDR<\/td><\/tr><tr><td><strong>Marilou Kordahi<\/strong><\/td><td>Enseignante-chercheuse<\/td><\/tr><\/tbody><\/table><\/figure>\n","protected":false},"excerpt":{"rendered":"<p>Anciens membres Areti Damala ATER Pierre Ch\u00e2tel-Innocenti Ing\u00e9nieur de recherche Samuel Szoniecky Ma\u00eetre de Conf\u00e9rences Everardo Reyes Ma\u00eetre de Conf\u00e9rences Viviane Folcher Ma\u00eetresse de Conf\u00e9rences HDR Marilou Kordahi Enseignante-chercheuse<\/p>\n","protected":false},"author":15,"featured_media":0,"parent":0,"menu_order":0,"comment_status":"closed","ping_status":"closed","template":"","meta":[],"jetpack-related-posts":[{"id":3099,"url":"https:\/\/citu-paragraphe.fr\/index.php\/membres-associes\/","url_meta":{"origin":2009,"position":0},"title":"Membres associ\u00e9s","author":"Luis Torres Yepez","date":"13 septembre 2019","format":false,"excerpt":"Membres associ\u00e9s Jacques DucloyChercheur \u00e9m\u00e9rite LORIAKaaouas NadiaProfesseure des Universit\u00e9s \/ Universit\u00e9 Hassan II, MarocHammou FADILIChercheur \/FMSH Paris","rel":"","context":"Article similaire","block_context":{"text":"Article similaire","link":""},"img":{"alt_text":"","src":"","width":0,"height":0},"classes":[]},{"id":193,"url":"https:\/\/citu-paragraphe.fr\/index.php\/membres\/doctorants\/","url_meta":{"origin":2009,"position":1},"title":"Doctorants","author":"Pierre Ch\u00e2tel-Innocenti","date":"27 novembre 2015","format":false,"excerpt":"","rel":"","context":"Article similaire","block_context":{"text":"Article similaire","link":""},"img":{"alt_text":"","src":"","width":0,"height":0},"classes":[]},{"id":189,"url":"https:\/\/citu-paragraphe.fr\/index.php\/membres\/imad-saleh\/","url_meta":{"origin":2009,"position":2},"title":"Imad Saleh","author":"Pierre Ch\u00e2tel-Innocenti","date":"27 novembre 2015","format":false,"excerpt":"Profil Enseignements et responsabilit\u00e9s administratives Publications","rel":"","context":"Article similaire","block_context":{"text":"Article similaire","link":""},"img":{"alt_text":"","src":"","width":0,"height":0},"classes":[]},{"id":3507,"url":"https:\/\/citu-paragraphe.fr\/index.php\/membres\/shumin-liang\/","url_meta":{"origin":2009,"position":3},"title":"Shumin Liang","author":"Luis Torres Yepez","date":"24 novembre 2020","format":false,"excerpt":"Profil Enseignements et responsabilit\u00e9s administratives Publications","rel":"","context":"Article similaire","block_context":{"text":"Article similaire","link":""},"img":{"alt_text":"","src":"","width":0,"height":0},"classes":[]},{"id":3510,"url":"https:\/\/citu-paragraphe.fr\/index.php\/membres\/manon-micaletti\/","url_meta":{"origin":2009,"position":4},"title":"Manon Micaletti","author":"Luis Torres Yepez","date":"24 novembre 2020","format":false,"excerpt":"Profil Enseignements et responsabilit\u00e9s administratives Publications","rel":"","context":"Article similaire","block_context":{"text":"Article similaire","link":""},"img":{"alt_text":"","src":"","width":0,"height":0},"classes":[]},{"id":3512,"url":"https:\/\/citu-paragraphe.fr\/index.php\/membres\/sabrina-mazigh\/","url_meta":{"origin":2009,"position":5},"title":"Sabrina Mazigh","author":"Luis Torres Yepez","date":"24 novembre 2020","format":false,"excerpt":"Profil Enseignements et responsabilit\u00e9s administratives Publications","rel":"","context":"Article similaire","block_context":{"text":"Article similaire","link":""},"img":{"alt_text":"","src":"","width":0,"height":0},"classes":[]}],"_links":{"self":[{"href":"https:\/\/citu-paragraphe.fr\/index.php\/wp-json\/wp\/v2\/pages\/2009"}],"collection":[{"href":"https:\/\/citu-paragraphe.fr\/index.php\/wp-json\/wp\/v2\/pages"}],"about":[{"href":"https:\/\/citu-paragraphe.fr\/index.php\/wp-json\/wp\/v2\/types\/page"}],"author":[{"embeddable":true,"href":"https:\/\/citu-paragraphe.fr\/index.php\/wp-json\/wp\/v2\/users\/15"}],"replies":[{"embeddable":true,"href":"https:\/\/citu-paragraphe.fr\/index.php\/wp-json\/wp\/v2\/comments?post=2009"}],"version-history":[{"count":4,"href":"https:\/\/citu-paragraphe.fr\/index.php\/wp-json\/wp\/v2\/pages\/2009\/revisions"}],"predecessor-version":[{"id":8771,"href":"https:\/\/citu-paragraphe.fr\/index.php\/wp-json\/wp\/v2\/pages\/2009\/revisions\/8771"}],"wp:attachment":[{"href":"https:\/\/citu-paragraphe.fr\/index.php\/wp-json\/wp\/v2\/media?parent=2009"}],"curies":[{"name":"wp","href":"https:\/\/api.w.org\/{rel}","templated":true}]}}