{"id":25,"date":"2015-11-13T09:58:36","date_gmt":"2015-11-13T08:58:36","guid":{"rendered":"http:\/\/01design.eu\/citu\/WordPress3\/?page_id=25"},"modified":"2023-03-14T16:53:39","modified_gmt":"2023-03-14T15:53:39","slug":"recherche","status":"publish","type":"page","link":"https:\/\/citu-paragraphe.fr\/index.php\/recherche\/","title":{"rendered":"Axes de recherche"},"content":{"rendered":"<h1><\/h1>\n<h1>Nos axes de recherche<\/h1>\n<blockquote class=\"ttfmake-testimonial\"><p>Chaque n\u0153ud de cet arbre est un axe de recherche de l&#8217;\u00e9quipe; de mani\u00e8re \u00e0 repr\u00e9senter l&#8217;axe principal (la Conception d&#8217;Information Hypermedia) \u00e0 la racine de l&#8217;arbre et les sous-axes &#8211; transversaux puis\u00a0centraux &#8211; qui en d\u00e9coulent, ainsi que leurs d\u00e9pendances. Pour obtenir plus d&#8217;information sur un\u00a0axe central \u00e0 l&#8217;extr\u00e9mit\u00e9 de l&#8217;arbre, cliquez sur son n\u0153ud.<\/p><\/blockquote>\n<div id=\"diag\"><\/div>\n<p><script src=\"https:\/\/d3js.org\/d3.v3.min.js\"><\/script><br \/>\n<script src=\"https:\/\/citu-paragraphe.fr\/wp-content\/themes\/citu\/js\/pierre\/research_diagram.js\"><\/script><\/p>\n<h1>Axe g\u00e9n\u00e9ral: Conception d&#8217;Information Hyperm\u00e9dia<\/h1>\n<p>Nous consid\u00e8rons que l\u2019information, qui est de plus en plus hyperm\u00e9diatis\u00e9e, \u00e9volue dans des espaces hybrides, compos\u00e9s d&#8217;\u00e9l\u00e9ments physiques traditionnels et de contenus &#8221; immat\u00e9riels &#8220;. L&#8217;information hyperm\u00e9dia (ou hyperm\u00e9diatis\u00e9e) est le produit d&#8217;une collaboration multidisciplinaire, incarnant et respectant, volontairement ou inconsciemment, des exigences d&#8217;hybridation et de mondialisation. Notre approche de recherche est fond\u00e9e sur trois constats majeurs, \u00e0 savoir :<\/p>\n<ul>\n<li>L&#8217;int\u00e9gration de la dimension num\u00e9rique \u00e0 notre espace informationnel suscite d&#8217;importantes mutations conceptuelles et perceptives de l&#8217;information.<\/li>\n<li>L&#8217;existence d&#8217;une information (sa perception et ses usages) est &#8220;encore&#8221; strictement li\u00e9e \u00e0 la pr\u00e9sence humaine, mais tend \u00e0 s\u2019en d\u00e9tacher.<\/li>\n<li>Les interactions humaines sont de plus en plus m\u00e9diatis\u00e9es et assist\u00e9es par l\u2019ordinateur.<\/li>\n<\/ul>\n<p>La majorit\u00e9 de nos projets de recherche ont pour objectif de valider des approches m\u00e9thodologiques, qui sont soutenues par le d\u00e9veloppement des prototypes d\u2019exp\u00e9rimentation, permettant de mod\u00e9liser, concevoir et traiter l\u2019information dans un espace dynamique, c&#8217;est-\u00e0-dire dans un contexte informationnel en \u00e9volution permanente.<\/p>\n<p>La conception d\u2019information hyperm\u00e9diatis\u00e9e repr\u00e9sente aussi des <a href=\"http:\/\/citu-paragraphe.fr\/index.php\/formation\/\">enjeux d\u2019enseignement<\/a> de grande importance. Cette th\u00e9matique est explicitement abord\u00e9e dans la <a href=\"http:\/\/citu-paragraphe.fr\/index.php\/formation\/master-2-net\/\">sp\u00e9cialit\u00e9 NET du master SIC<\/a> de l\u2019universit\u00e9 Paris 8 (en collaboration avec l\u2019universit\u00e9 Paris 13) auquel l\u2019\u00e9quipe CiTu est \u00e9troitement li\u00e9e. De plus, pour d\u00e9velopper le caract\u00e8re multidisciplinaire de la conception, aupr\u00e8s des nouveaux chercheurs travaillant sur l\u2019information hyperm\u00e9diatis\u00e9e, nous animons depuis 2007, en collaboration avec l\u2019\u00e9quipe C3U (dans le cadre des Master NET et ergonomie de l\u2019universit\u00e9 Paris 8) des ateliers transdisciplinaires de conception collaborative. L\u2019objet de ces ateliers \u00e9tant la conception d\u2019objets communicants, c\u2019est-\u00e0-dire des objets utilisant et produisant des informations hyperm\u00e9diatis\u00e9es.<\/p>\n<p><a name=\"axestr\"><\/a><\/p>\n<h1>Axes transversaux<\/h1>\n<p><a name=\"rm\"><\/a><\/p>\n<h2>R\u00e9alit\u00e9 mixte<\/h2>\n<p><a name=\"do\"><\/a><\/p>\n<h2>Donn\u00e9es ouvertes<\/h2>\n<p><a name=\"ecp\"><\/a><\/p>\n<h2>Environnement collaboratif et participatif<\/h2>\n<p><a name=\"cd\"><\/a><\/p>\n<h2>Conception et design<\/h2>\n<p>Les processus de conception constituent un point de convergence entre les sciences de l\u2019information et de la communication, sciences de l\u2019ing\u00e9nieur, design et ergonomie. Les travaux sur la conduite de projets d\u00e9veloppent une d\u00e9marche transdiciplinaire de conception collaborative qui vise la construction conjointe et progressive d\u2019un point de vue sur l\u2019activit\u00e9 humaine au sein de collectifs pluri-m\u00e9tiers.<\/p>\n<p><a name=\"sw\"><\/a><\/p>\n<h2>S\u00e9mantique du Web<\/h2>\n<p><a name=\"axesctr\"><\/a><\/p>\n<h1>Axes centraux<\/h1>\n<p><a name=\"ihm\"><\/a><\/p>\n<h2>Interactions humaines m\u00e9diatis\u00e9es et multimodales<\/h2>\n<p><a name=\"ii\"><\/a><\/p>\n<h2>Immersion et interaction<\/h2>\n<p><a name=\"edi\"><\/a><\/p>\n<h2>Ecosyst\u00e8me d&#8217;information<\/h2>\n<p><a name=\"ta\"><\/a><\/p>\n<h2>Territoires augment\u00e9s<\/h2>\n<p><a name=\"ju\"><\/a><\/p>\n<h2>Jeux utiles<\/h2>\n<p><a name=\"ccp\"><\/a><\/p>\n<h2>Conception et conduite de projet<\/h2>\n<p>Les processus de conception constituent un point de convergence entre les sciences de l\u2019information et de la communication, sciences de l\u2019ing\u00e9nieur, design et ergonomie. Les travaux sur la conduite de projets d\u00e9veloppent une d\u00e9marche transdiciplinaire de conception collaborative qui vise la construction conjointe et progressive d\u2019un point de vue sur l\u2019activit\u00e9 humaine au sein de collectifs pluri-m\u00e9tiers.<\/p>\n<p><a name=\"ma\"><\/a><\/p>\n<h2>Media Art<\/h2>\n<p><a name=\"inh\"><\/a><\/p>\n<h2>Impact du num\u00e9rique sur l&#8217;homme<\/h2>\n","protected":false},"excerpt":{"rendered":"<p>Nos axes de recherche Chaque n\u0153ud de cet arbre est un axe de recherche de l&#8217;\u00e9quipe; de mani\u00e8re \u00e0 repr\u00e9senter l&#8217;axe principal (la Conception d&#8217;Information Hypermedia) \u00e0 la racine de l&#8217;arbre et les sous-axes &#8211; transversaux puis\u00a0centraux &#8211; qui en d\u00e9coulent, ainsi que leurs d\u00e9pendances. Pour obtenir plus d&#8217;information sur un\u00a0axe central \u00e0 l&#8217;extr\u00e9mit\u00e9 de &hellip;<\/p>\n","protected":false},"author":1,"featured_media":0,"parent":0,"menu_order":2,"comment_status":"closed","ping_status":"closed","template":"","meta":[],"jetpack-related-posts":[{"id":90,"url":"https:\/\/citu-paragraphe.fr\/index.php\/accueil-test\/","url_meta":{"origin":25,"position":0},"title":"A propos","author":"Pierre Ch\u00e2tel-Innocenti","date":"25 novembre 2015","format":false,"excerpt":"Qui sommes nous","rel":"","context":"Article similaire","block_context":{"text":"Article similaire","link":""},"img":{"alt_text":"","src":"","width":0,"height":0},"classes":[]},{"id":532,"url":"https:\/\/citu-paragraphe.fr\/index.php\/colloques\/cide\/","url_meta":{"origin":25,"position":1},"title":"CIDE","author":"Pierre Ch\u00e2tel-Innocenti","date":"18 d\u00e9cembre 2015","format":false,"excerpt":"CIDE - Colloque International sur le Document Num\u00e9rique Site web d\u00e9di\u00e9:\u00a0cide18.europia.org Depuis 1998, CIDE propose un cycle de manifestations scientifiques sur le th\u00e8me du document \u00e9lectronique, avec pour objectif de confronter les points de vue des diff\u00e9rentes disciplines concern\u00e9es par sa conception et ses usages et de diffuser les derniers\u2026","rel":"","context":"Article similaire","block_context":{"text":"Article similaire","link":""},"img":{"alt_text":"","src":"https:\/\/i0.wp.com\/citu-paragraphe.fr\/wp-content\/uploads\/2015\/12\/couvCiDE18.jpg?resize=350%2C200","width":350,"height":200},"classes":[]},{"id":29,"url":"https:\/\/citu-paragraphe.fr\/index.php\/formation\/","url_meta":{"origin":25,"position":2},"title":"Formation","author":"Pierre Ch\u00e2tel-Innocenti","date":"13 novembre 2015","format":false,"excerpt":"Formation Activit\u00e9 D\u00e9tail de l\u2019activit\u00e9 Contact pour l\u2019activit\u00e9 Licence pro CDNL Cr\u00e9ation et d\u00e9veloppement num\u00e9riques en ligne Samuel SZONIECKY Master NET Num\u00e9rique : Enjeux, Technologies Khaldoun ZREIK Atelier M2 NET - BnF Conception de projets ergonomiques en \u00e9quipes pluridisciplinaires Khaldoun ZREIK, Viviane FOLCHER M2 THYP Imad SALEH, Nasreddine BOUHAI Les\u2026","rel":"","context":"Article similaire","block_context":{"text":"Article similaire","link":""},"img":{"alt_text":"","src":"","width":0,"height":0},"classes":[]},{"id":738,"url":"https:\/\/citu-paragraphe.fr\/index.php\/formation\/master-net\/","url_meta":{"origin":25,"position":3},"title":"Master Num\u00e9rique : Enjeux, Technologies (M1\/M2 NET)","author":"Pierre Ch\u00e2tel-Innocenti","date":"9 f\u00e9vrier 2016","format":false,"excerpt":"Master Num\u00e9rique : Enjeux, Technologies (NET) Fiche descriptive Domaine\u00a0: Sciences humaines et sociale Mention : Humanit\u00e9s num\u00e9riques Parcours\u00a0: Num\u00e9rique\u00a0: Enjeux et Technologies Responsables de la mention : Ghislaine AZEMARD, Pierre QUETTIER Responsables du parcours\u00a0: M1\u00a0: Guillaume Besacier et Khaldoun Zreik, M2\u00a0: Pierre QUETTIER et Khaldoun ZREIK UFR de rattachement :\u2026","rel":"","context":"Article similaire","block_context":{"text":"Article similaire","link":""},"img":{"alt_text":"","src":"","width":0,"height":0},"classes":[]},{"id":185,"url":"https:\/\/citu-paragraphe.fr\/index.php\/membres\/nasreddine-bouhai\/","url_meta":{"origin":25,"position":4},"title":"Nasreddine Bouhai","author":"Pierre Ch\u00e2tel-Innocenti","date":"27 novembre 2015","format":false,"excerpt":"est ma\u00eetre de conf\u00e9rence en informatique en Sciences de l'information et de la communication, \u00e0 l'Universit\u00e9 Paris 8, d\u00e9partement Humanit\u00e9s num\u00e9riques , Axe de recherche Citu-Paragraphe du laboratoire Paragraphe.","rel":"","context":"Article similaire","block_context":{"text":"Article similaire","link":""},"img":{"alt_text":"","src":"","width":0,"height":0},"classes":[]},{"id":381,"url":"https:\/\/citu-paragraphe.fr\/index.php\/formation\/master-2-thyp\/","url_meta":{"origin":25,"position":5},"title":"Master 2 THYP","author":"Pierre Ch\u00e2tel-Innocenti","date":"7 d\u00e9cembre 2015","format":false,"excerpt":"Master 2 \u201cTechnologie de l\u2019hyperm\u00e9dia\u201d (THYP) Fiche descriptive Site Web d\u00e9di\u00e9: Domaine : Sciences, Technologies, Sant\u00e9 Mention : Informatique Parcours : Technologies de l\u2019Hyperm\u00e9dia (THYP) Responsable de la mention : Arab ALI CHERIF Responsables du parcours THYP : Imad SALEH, Nasreddine BOUHA\u00cf UFR de rattachement : Math\u00e9matiques, Informatique, Technologies, Sciences\u2026","rel":"","context":"Article similaire","block_context":{"text":"Article similaire","link":""},"img":{"alt_text":"","src":"","width":0,"height":0},"classes":[]}],"_links":{"self":[{"href":"https:\/\/citu-paragraphe.fr\/index.php\/wp-json\/wp\/v2\/pages\/25"}],"collection":[{"href":"https:\/\/citu-paragraphe.fr\/index.php\/wp-json\/wp\/v2\/pages"}],"about":[{"href":"https:\/\/citu-paragraphe.fr\/index.php\/wp-json\/wp\/v2\/types\/page"}],"author":[{"embeddable":true,"href":"https:\/\/citu-paragraphe.fr\/index.php\/wp-json\/wp\/v2\/users\/1"}],"replies":[{"embeddable":true,"href":"https:\/\/citu-paragraphe.fr\/index.php\/wp-json\/wp\/v2\/comments?post=25"}],"version-history":[{"count":0,"href":"https:\/\/citu-paragraphe.fr\/index.php\/wp-json\/wp\/v2\/pages\/25\/revisions"}],"wp:attachment":[{"href":"https:\/\/citu-paragraphe.fr\/index.php\/wp-json\/wp\/v2\/media?parent=25"}],"curies":[{"name":"wp","href":"https:\/\/api.w.org\/{rel}","templated":true}]}}