{"id":27,"date":"2015-11-13T09:58:56","date_gmt":"2015-11-13T08:58:56","guid":{"rendered":"http:\/\/01design.eu\/citu\/WordPress3\/?page_id=27"},"modified":"2017-11-15T16:27:11","modified_gmt":"2017-11-15T15:27:11","slug":"projets","status":"publish","type":"page","link":"https:\/\/citu-paragraphe.fr\/index.php\/projets\/","title":{"rendered":"Projets"},"content":{"rendered":"<ul class=\"list-pages-shortcode child-pages\"><li class=\"page_item page-item-950\"><a href=\"https:\/\/citu-paragraphe.fr\/index.php\/projets\/dualcorps\/\">DualCorps<\/a><\/li>\n<li class=\"page_item page-item-1128\"><a href=\"https:\/\/citu-paragraphe.fr\/index.php\/projets\/innovation-at-work\/\">Innovation At Work<\/a><\/li>\n<li class=\"page_item page-item-1122\"><a href=\"https:\/\/citu-paragraphe.fr\/index.php\/projets\/montre-verte\/\">Montre Verte<\/a><\/li>\n<li class=\"page_item page-item-2820\"><a href=\"https:\/\/citu-paragraphe.fr\/index.php\/projets\/patrimoine-immateriel\/\">Patrimoine Immat\u00e9riel \u00e0 l&#8217;\u00e8re num\u00e9rique<\/a><\/li>\n<li class=\"page_item page-item-1117\"><a href=\"https:\/\/citu-paragraphe.fr\/index.php\/projets\/prevu\/\">Pr\u00e9vu<\/a><\/li>\n<li class=\"page_item page-item-365\"><a href=\"https:\/\/citu-paragraphe.fr\/index.php\/projets\/terra-dynamica\/\">Terra Dynamica<\/a><\/li>\n<li class=\"page_item page-item-363\"><a href=\"https:\/\/citu-paragraphe.fr\/index.php\/projets\/the-art-collider\/\">The Art Collider<\/a><\/li>\n<li class=\"page_item page-item-1114\"><a href=\"https:\/\/citu-paragraphe.fr\/index.php\/projets\/theatromania\/\">Th\u00e9atromania<\/a><\/li>\n<\/ul>\n","protected":false},"excerpt":{"rendered":"","protected":false},"author":1,"featured_media":0,"parent":0,"menu_order":0,"comment_status":"closed","ping_status":"closed","template":"","meta":[],"jetpack-related-posts":[{"id":363,"url":"https:\/\/citu-paragraphe.fr\/index.php\/projets\/the-art-collider\/","url_meta":{"origin":27,"position":0},"title":"The Art Collider","author":"Pierre Ch\u00e2tel-Innocenti","date":"7 d\u00e9cembre 2015","format":false,"excerpt":"","rel":"","context":"Article similaire","block_context":{"text":"Article similaire","link":""},"img":{"alt_text":"","src":"","width":0,"height":0},"classes":[]},{"id":1122,"url":"https:\/\/citu-paragraphe.fr\/index.php\/projets\/montre-verte\/","url_meta":{"origin":27,"position":1},"title":"Montre Verte","author":"Guillaume Besacier","date":"15 novembre 2017","format":false,"excerpt":"TODO: Khaldoun","rel":"","context":"Article similaire","block_context":{"text":"Article similaire","link":""},"img":{"alt_text":"","src":"","width":0,"height":0},"classes":[]},{"id":1128,"url":"https:\/\/citu-paragraphe.fr\/index.php\/projets\/innovation-at-work\/","url_meta":{"origin":27,"position":2},"title":"Innovation At Work","author":"Guillaume Besacier","date":"15 novembre 2017","format":false,"excerpt":"TODO: Viviane","rel":"","context":"Article similaire","block_context":{"text":"Article similaire","link":""},"img":{"alt_text":"","src":"","width":0,"height":0},"classes":[]},{"id":365,"url":"https:\/\/citu-paragraphe.fr\/index.php\/projets\/terra-dynamica\/","url_meta":{"origin":27,"position":3},"title":"Terra Dynamica","author":"Pierre Ch\u00e2tel-Innocenti","date":"7 d\u00e9cembre 2015","format":false,"excerpt":"TODO: Khaldoun","rel":"","context":"Article similaire","block_context":{"text":"Article similaire","link":""},"img":{"alt_text":"","src":"","width":0,"height":0},"classes":[]},{"id":1117,"url":"https:\/\/citu-paragraphe.fr\/index.php\/projets\/prevu\/","url_meta":{"origin":27,"position":4},"title":"Pr\u00e9vu","author":"Guillaume Besacier","date":"15 novembre 2017","format":false,"excerpt":"Le projet Pr\u00e9vu consiste \u00e0 mettre en place une plateforme d\u2019acc\u00e8s et de visualisation autour d\u2019un corpus de donn\u00e9es sp\u00e9cifique : les donn\u00e9es de la biblioth\u00e8que de l\u2019Universit\u00e9 de Paris 8 afin\u00a0d\u2019encourager \u00e0 travers leur consultation la recherche scientifique et de faire \u00e9merger de nouvelles\u00a0pratiques de recherche et de nouvelles\u2026","rel":"","context":"Article similaire","block_context":{"text":"Article similaire","link":""},"img":{"alt_text":"","src":"","width":0,"height":0},"classes":[]},{"id":950,"url":"https:\/\/citu-paragraphe.fr\/index.php\/projets\/dualcorps\/","url_meta":{"origin":27,"position":5},"title":"DualCorps","author":"Pierre Ch\u00e2tel-Innocenti","date":"9 juin 2016","format":false,"excerpt":"DUALCORPS Description DualCorps est un projet exp\u00e9rimental \u00e0 la crois\u00e9e de l\u2019art num\u00e9rique, de la performance et de la recherche-action. Le coeur du projet est une recherche Art-Science autour de la cyber-g\u00e9m\u00e9lleit\u00e9, du poids des donn\u00e9es dans la cr\u00e9ation des identit\u00e9s num\u00e9riques, et de la repr\u00e9sentation de ces derni\u00e8res. Les\u2026","rel":"","context":"Article similaire","block_context":{"text":"Article similaire","link":""},"img":{"alt_text":"visueldualcorps537","src":"https:\/\/i0.wp.com\/citu-paragraphe.fr\/wp-content\/uploads\/2016\/06\/visueldualcorps537.jpg?resize=350%2C200","width":350,"height":200,"srcset":"https:\/\/i0.wp.com\/citu-paragraphe.fr\/wp-content\/uploads\/2016\/06\/visueldualcorps537.jpg?resize=350%2C200 1x, https:\/\/i0.wp.com\/citu-paragraphe.fr\/wp-content\/uploads\/2016\/06\/visueldualcorps537.jpg?resize=525%2C300 1.5x"},"classes":[]}],"_links":{"self":[{"href":"https:\/\/citu-paragraphe.fr\/index.php\/wp-json\/wp\/v2\/pages\/27"}],"collection":[{"href":"https:\/\/citu-paragraphe.fr\/index.php\/wp-json\/wp\/v2\/pages"}],"about":[{"href":"https:\/\/citu-paragraphe.fr\/index.php\/wp-json\/wp\/v2\/types\/page"}],"author":[{"embeddable":true,"href":"https:\/\/citu-paragraphe.fr\/index.php\/wp-json\/wp\/v2\/users\/1"}],"replies":[{"embeddable":true,"href":"https:\/\/citu-paragraphe.fr\/index.php\/wp-json\/wp\/v2\/comments?post=27"}],"version-history":[{"count":0,"href":"https:\/\/citu-paragraphe.fr\/index.php\/wp-json\/wp\/v2\/pages\/27\/revisions"}],"wp:attachment":[{"href":"https:\/\/citu-paragraphe.fr\/index.php\/wp-json\/wp\/v2\/media?parent=27"}],"curies":[{"name":"wp","href":"https:\/\/api.w.org\/{rel}","templated":true}]}}