{"id":2820,"date":"2019-06-11T14:50:47","date_gmt":"2019-06-11T13:50:47","guid":{"rendered":"http:\/\/citu-paragraphe.fr\/?page_id=2820"},"modified":"2019-06-12T17:33:12","modified_gmt":"2019-06-12T16:33:12","slug":"patrimoine-immateriel","status":"publish","type":"page","link":"https:\/\/citu-paragraphe.fr\/index.php\/projets\/patrimoine-immateriel\/","title":{"rendered":"Patrimoine Immat\u00e9riel \u00e0 l&#8217;\u00e8re num\u00e9rique"},"content":{"rendered":"<h1>Patrimoine Immat\u00e9riel \u00e0 l&#8217;\u00e8re num\u00e9rique<\/h1>\n<p>En 2003, l&#8217;UNESCO adopte une Convention portant sur le sauvegarde du patrimoine culturel immat\u00e9riel (PCI) d\u00e9fini comme &#8220;les pratiques, repr\u00e9sentations, expressions, connaissances et savoir-faire &#8211; ainsi que les instruments, objets, artefacts et espaces culturels qui leur sont associ\u00e9s &#8211; que les communaut\u00e9s, les groupes et, le cas \u00e9ch\u00e9ant, les individus reconnaissent comme faisant partie de leur patrimoine culturel\u201d<\/p>\n<p>C&#8217;est dans ce contexte que nous d\u00e9veloppons le projet de recherche &#8220;Intangible&#8221; sur l\u2019appropriation du patrimoine culturel immat\u00e9riel. Nous portons un int\u00e9r\u00eat particulier \u00e0 analyser le cas de la biopiraterie des m\u00e9decines traditionnelles \u00e0 l&#8217;\u00e8re du num\u00e9rique. Le terme biopiraterie commence \u00e0 s&#8217;utiliser en 2001 par l\u2019organisation RAFI, qui devient &#8220;ETC Group&#8221; :<\/p>\n<p style=\"padding-left: 30px;\"><em><cite>&#8220;La biopiraterie est l\u2019appropriation &#8211; en g\u00e9n\u00e9ral par des droits de propri\u00e9t\u00e9 intellectuelle &#8211; de ressources g\u00e9n\u00e9tiques, de connaissances et de cultures traditionnelles appartenant \u00e0 des Peuples ou des communaut\u00e9s paysannes qui ont d\u00e9velopp\u00e9 et am\u00e9lior\u00e9 ces ressources. La biopiraterie inclut la bioprospection, les brevets sur le vivant (g\u00e8nes, et mol\u00e9cules) et la commercialisation des connaissances culturelles\u201d<\/cite><\/em><\/p>\n<p>Dans l\u2019espace num\u00e9rique (web, blog et m\u00e9dia social), nous retrouvons de multiples acteurs qui se mobilisent d&#8217;une part pour informer sur les pratiques de la biopiraterie et d&#8217;autre part pour rendre plus visible les mouvements contestataires militant contre cette pratique.<\/p>\n<p><a title=\"Biopiraterie- Youtube\" href=\"https:\/\/www.flickr.com\/photos\/92951686@N04\/48044744397\/in\/dateposted-public\/\" data-flickr-embed=\"true\"><img decoding=\"async\" loading=\"lazy\" src=\"https:\/\/i0.wp.com\/live.staticflickr.com\/65535\/48044744397_a49cab51a6_b.jpg?resize=620%2C627&#038;ssl=1\" alt=\"Biopiraterie- Youtube\" width=\"620\" height=\"627\" data-recalc-dims=\"1\" \/><\/a><br \/>\n<script src=\"\/\/embedr.flickr.com\/assets\/client-code.js\" async=\"\" charset=\"utf-8\"><\/script><\/p>\n<p>Dans notre projet, nous consid\u00e9rons les donn\u00e9es num\u00e9riques portant sur ce ph\u00e9nom\u00e8ne comme une source d\u2019informations importantes sur le sujet de la biopiraterie du patrimoine culturel immat\u00e9riel en g\u00e9n\u00e9ral et des m\u00e9decines traditionnelles en particulier. Ainsi nous nous int\u00e9ressons, entre autre, \u00e0 l\u2019analyse et \u00e0 la visualisation de ces traces num\u00e9riques pour de meilleures compr\u00e9hensions et ma\u00eetrises de ce ph\u00e9nom\u00e8ne et de son \u00e9volution.<\/p>\n","protected":false},"excerpt":{"rendered":"<p>Patrimoine Immat\u00e9riel \u00e0 l&#8217;\u00e8re num\u00e9rique En 2003, l&#8217;UNESCO adopte une Convention portant sur le sauvegarde du patrimoine culturel immat\u00e9riel (PCI) d\u00e9fini comme &#8220;les pratiques, repr\u00e9sentations, expressions, connaissances et savoir-faire &#8211; ainsi que les instruments, objets, artefacts et espaces culturels qui leur sont associ\u00e9s &#8211; que les communaut\u00e9s, les groupes et, le cas \u00e9ch\u00e9ant, les individus &hellip;<\/p>\n","protected":false},"author":15,"featured_media":0,"parent":27,"menu_order":0,"comment_status":"closed","ping_status":"closed","template":"","meta":[],"jetpack-related-posts":[{"id":2129,"url":"https:\/\/citu-paragraphe.fr\/index.php\/membres\/luis-torres-yepez\/","url_meta":{"origin":2820,"position":0},"title":"Luis Torres-Yepez","author":"Luis Torres Yepez","date":"21 janvier 2019","format":false,"excerpt":"Luis Torres-Yepez Chercheur Associ\u00e9 Laboratoire Paragraphe FORMATION 2017 \u2013 2024. Doctorat en Sciences de l\u2019information et de la communication. Laboratoire CiTu \u2013 Paragraphe, Universit\u00e9 Paris 8 Vincennes - St. Denis, France. Th\u00e8se\u00a0: \u00ab\u00a0\u00c9tude de l\u2019appropriation du patrimoine culturel immat\u00e9riel gr\u00e2ce aux m\u00e9thodes num\u00e9riques. Visualisation et cartographie de la biopiraterie des\u2026","rel":"","context":"Article similaire","block_context":{"text":"Article similaire","link":""},"img":{"alt_text":"","src":"https:\/\/i0.wp.com\/img.youtube.com\/vi\/bobDY0AaTtg\/0.jpg?resize=350%2C200","width":350,"height":200},"classes":[]},{"id":4769,"url":"https:\/\/citu-paragraphe.fr\/index.php\/nos-seminaires-bimensuels\/","url_meta":{"origin":2820,"position":1},"title":"Nos s\u00e9minaires bimensuels","author":"Nasreddine Bouhai","date":"13 avril 2023","format":false,"excerpt":"Nos s\u00e9minaires bimensuels (2025\/2026) _________________________________________________________________________________ Du trou surgit la fleur, les Alternate Reality Games comme sympt\u00f4me, rem\u00e8de et poison Lucile Hujeux Avec cette th\u00e8se de recherche-cr\u00e9ation, j\u2019essaie d\u2019interroger les Alternate Reality Games (ARGs) comme dispositifs esth\u00e9tiques, politiques et \u00e9pist\u00e9mologiques \u00e0 l\u2019\u00e8re du Web 3.0 et de l\u2019intelligence artificielle. En partant\u2026","rel":"","context":"Article similaire","block_context":{"text":"Article similaire","link":""},"img":{"alt_text":"","src":"https:\/\/i0.wp.com\/citu-paragraphe.fr\/wp-content\/uploads\/2026\/03\/Gemini_Generated_Image_tu2iddtu2iddtu2i-1.png?resize=350%2C200&ssl=1","width":350,"height":200,"srcset":"https:\/\/i0.wp.com\/citu-paragraphe.fr\/wp-content\/uploads\/2026\/03\/Gemini_Generated_Image_tu2iddtu2iddtu2i-1.png?resize=350%2C200&ssl=1 1x, https:\/\/i0.wp.com\/citu-paragraphe.fr\/wp-content\/uploads\/2026\/03\/Gemini_Generated_Image_tu2iddtu2iddtu2i-1.png?resize=525%2C300&ssl=1 1.5x, https:\/\/i0.wp.com\/citu-paragraphe.fr\/wp-content\/uploads\/2026\/03\/Gemini_Generated_Image_tu2iddtu2iddtu2i-1.png?resize=700%2C400&ssl=1 2x"},"classes":[]},{"id":532,"url":"https:\/\/citu-paragraphe.fr\/index.php\/colloques\/cide\/","url_meta":{"origin":2820,"position":2},"title":"CIDE","author":"Pierre Ch\u00e2tel-Innocenti","date":"18 d\u00e9cembre 2015","format":false,"excerpt":"CIDE - Colloque International sur le Document Num\u00e9rique Site web d\u00e9di\u00e9:\u00a0cide18.europia.org Depuis 1998, CIDE propose un cycle de manifestations scientifiques sur le th\u00e8me du document \u00e9lectronique, avec pour objectif de confronter les points de vue des diff\u00e9rentes disciplines concern\u00e9es par sa conception et ses usages et de diffuser les derniers\u2026","rel":"","context":"Article similaire","block_context":{"text":"Article similaire","link":""},"img":{"alt_text":"","src":"https:\/\/i0.wp.com\/citu-paragraphe.fr\/wp-content\/uploads\/2015\/12\/couvCiDE18.jpg?resize=350%2C200","width":350,"height":200},"classes":[]},{"id":191,"url":"https:\/\/citu-paragraphe.fr\/index.php\/membres\/guillaume-besacier\/","url_meta":{"origin":2820,"position":3},"title":"Guillaume Besacier","author":"Pierre Ch\u00e2tel-Innocenti","date":"27 novembre 2015","format":false,"excerpt":"Guillaume Besacier Ma\u00eetre de conf\u00e9rence \/ Associate Professor Guillaume Besacier is an Associate Professor in Computer Science at Universit\u00e9 Paris 8, in the Digital Humanities department and the Citu-Paragraphe research team. His research themes are broadly defined by how new digital devices and new interaction techniques can change the way\u2026","rel":"","context":"Article similaire","block_context":{"text":"Article similaire","link":""},"img":{"alt_text":"","src":"","width":0,"height":0},"classes":[]},{"id":17,"url":"https:\/\/citu-paragraphe.fr\/index.php\/membres\/khaldoun-zreik\/","url_meta":{"origin":2820,"position":4},"title":"Khaldoun Zreik","author":"Pierre Ch\u00e2tel-Innocenti","date":"13 novembre 2015","format":false,"excerpt":"\u00a0 \u00a0Khaldoun ZREIK Professeur en Sciences de l'Information et d la Communication, Universit\u00e9 Paris 8 Directeur du D\u00e9partement Hyperm\u00e9dia (UFR MITSIC), Universit\u00e9 Paris 8 Responsable scientifique du\u00a0Groupe de recherche CITU- Paragraphe (Cybermedia, Interactions, Transdisciplinarit\u00e9 & Ubiquitous), Laboratoire Paragraphe, University of Paris 8 Co-directeur du\u00a0Master NET (Num\u00e9rique : Enjeux et Technologies):,\u2026","rel":"","context":"Article similaire","block_context":{"text":"Article similaire","link":""},"img":{"alt_text":"","src":"","width":0,"height":0},"classes":[]},{"id":3514,"url":"https:\/\/citu-paragraphe.fr\/index.php\/membres\/alyse-yilmaz\/","url_meta":{"origin":2820,"position":5},"title":"Alyse Yilmaz","author":"Alyse Yilmaz","date":"24 novembre 2020","format":false,"excerpt":"Alyse Yilmaz Doctorante contractuelle Actuellement doctorante en sciences humaines et sociales, Alyse Yilmaz se sp\u00e9cialise dans l'\u00e9tude des dynamiques d'appropriation des technologies. Son travail s'appuie sur une m\u00e9thodologie mixte, alliant des approches quantitatives et qualitatives pour une analyse exhaustive. Elle est affili\u00e9e au laboratoire Paragraphe, une collaboration entre l'Universit\u00e9 Paris\u2026","rel":"","context":"Article similaire","block_context":{"text":"Article similaire","link":""},"img":{"alt_text":"","src":"","width":0,"height":0},"classes":[]}],"_links":{"self":[{"href":"https:\/\/citu-paragraphe.fr\/index.php\/wp-json\/wp\/v2\/pages\/2820"}],"collection":[{"href":"https:\/\/citu-paragraphe.fr\/index.php\/wp-json\/wp\/v2\/pages"}],"about":[{"href":"https:\/\/citu-paragraphe.fr\/index.php\/wp-json\/wp\/v2\/types\/page"}],"author":[{"embeddable":true,"href":"https:\/\/citu-paragraphe.fr\/index.php\/wp-json\/wp\/v2\/users\/15"}],"replies":[{"embeddable":true,"href":"https:\/\/citu-paragraphe.fr\/index.php\/wp-json\/wp\/v2\/comments?post=2820"}],"version-history":[{"count":0,"href":"https:\/\/citu-paragraphe.fr\/index.php\/wp-json\/wp\/v2\/pages\/2820\/revisions"}],"up":[{"embeddable":true,"href":"https:\/\/citu-paragraphe.fr\/index.php\/wp-json\/wp\/v2\/pages\/27"}],"wp:attachment":[{"href":"https:\/\/citu-paragraphe.fr\/index.php\/wp-json\/wp\/v2\/media?parent=2820"}],"curies":[{"name":"wp","href":"https:\/\/api.w.org\/{rel}","templated":true}]}}