{"id":3099,"date":"2019-09-13T19:29:28","date_gmt":"2019-09-13T18:29:28","guid":{"rendered":"http:\/\/citu-paragraphe.fr\/?page_id=3099"},"modified":"2023-03-17T15:24:39","modified_gmt":"2023-03-17T14:24:39","slug":"membres-associes","status":"publish","type":"page","link":"https:\/\/citu-paragraphe.fr\/index.php\/membres-associes\/","title":{"rendered":"Membres associ\u00e9s"},"content":{"rendered":"\n<h2>Membres associ\u00e9s<\/h2>\n\n\n\n<figure class=\"wp-block-table\"><table><tbody><tr><td>Jacques Ducloy<\/td><td>Chercheur \u00e9m\u00e9rite LORIA<\/td><\/tr><tr><td>Kaaouas Nadia<\/td><td>Professeure des Universit\u00e9s \/ Universit\u00e9 Hassan II, Maroc<\/td><\/tr><tr><td>Hammou FADILI<\/td><td>Chercheur \/FMSH Paris<\/td><\/tr><\/tbody><\/table><\/figure>\n\n\n\n<p><\/p>\n","protected":false},"excerpt":{"rendered":"<p>Membres associ\u00e9s Jacques Ducloy Chercheur \u00e9m\u00e9rite LORIA Kaaouas Nadia Professeure des Universit\u00e9s \/ Universit\u00e9 Hassan II, Maroc Hammou FADILI Chercheur \/FMSH Paris<\/p>\n","protected":false},"author":15,"featured_media":0,"parent":0,"menu_order":0,"comment_status":"closed","ping_status":"closed","template":"","meta":[],"jetpack-related-posts":[{"id":2009,"url":"https:\/\/citu-paragraphe.fr\/index.php\/anciens-membres\/","url_meta":{"origin":3099,"position":0},"title":"Anciens membres","author":"Luis Torres Yepez","date":"21 janvier 2019","format":false,"excerpt":"Anciens membres Areti DamalaATERPierre Ch\u00e2tel-InnocentiIng\u00e9nieur de rechercheSamuel SzonieckyMa\u00eetre de Conf\u00e9rencesEverardo ReyesMa\u00eetre de Conf\u00e9rencesViviane FolcherMa\u00eetresse de Conf\u00e9rences HDRMarilou KordahiEnseignante-chercheuse","rel":"","context":"Article similaire","block_context":{"text":"Article similaire","link":""},"img":{"alt_text":"","src":"","width":0,"height":0},"classes":[]},{"id":193,"url":"https:\/\/citu-paragraphe.fr\/index.php\/membres\/doctorants\/","url_meta":{"origin":3099,"position":1},"title":"Doctorants","author":"Pierre Ch\u00e2tel-Innocenti","date":"27 novembre 2015","format":false,"excerpt":"","rel":"","context":"Article similaire","block_context":{"text":"Article similaire","link":""},"img":{"alt_text":"","src":"","width":0,"height":0},"classes":[]},{"id":189,"url":"https:\/\/citu-paragraphe.fr\/index.php\/membres\/imad-saleh\/","url_meta":{"origin":3099,"position":2},"title":"Imad Saleh","author":"Pierre Ch\u00e2tel-Innocenti","date":"27 novembre 2015","format":false,"excerpt":"Profil Enseignements et responsabilit\u00e9s administratives Publications","rel":"","context":"Article similaire","block_context":{"text":"Article similaire","link":""},"img":{"alt_text":"","src":"","width":0,"height":0},"classes":[]},{"id":3507,"url":"https:\/\/citu-paragraphe.fr\/index.php\/membres\/shumin-liang\/","url_meta":{"origin":3099,"position":3},"title":"Shumin Liang","author":"Luis Torres Yepez","date":"24 novembre 2020","format":false,"excerpt":"Profil Enseignements et responsabilit\u00e9s administratives Publications","rel":"","context":"Article similaire","block_context":{"text":"Article similaire","link":""},"img":{"alt_text":"","src":"","width":0,"height":0},"classes":[]},{"id":3510,"url":"https:\/\/citu-paragraphe.fr\/index.php\/membres\/manon-micaletti\/","url_meta":{"origin":3099,"position":4},"title":"Manon Micaletti","author":"Luis Torres Yepez","date":"24 novembre 2020","format":false,"excerpt":"Profil Enseignements et responsabilit\u00e9s administratives Publications","rel":"","context":"Article similaire","block_context":{"text":"Article similaire","link":""},"img":{"alt_text":"","src":"","width":0,"height":0},"classes":[]},{"id":3512,"url":"https:\/\/citu-paragraphe.fr\/index.php\/membres\/sabrina-mazigh\/","url_meta":{"origin":3099,"position":5},"title":"Sabrina Mazigh","author":"Luis Torres Yepez","date":"24 novembre 2020","format":false,"excerpt":"Profil Enseignements et responsabilit\u00e9s administratives Publications","rel":"","context":"Article similaire","block_context":{"text":"Article similaire","link":""},"img":{"alt_text":"","src":"","width":0,"height":0},"classes":[]}],"_links":{"self":[{"href":"https:\/\/citu-paragraphe.fr\/index.php\/wp-json\/wp\/v2\/pages\/3099"}],"collection":[{"href":"https:\/\/citu-paragraphe.fr\/index.php\/wp-json\/wp\/v2\/pages"}],"about":[{"href":"https:\/\/citu-paragraphe.fr\/index.php\/wp-json\/wp\/v2\/types\/page"}],"author":[{"embeddable":true,"href":"https:\/\/citu-paragraphe.fr\/index.php\/wp-json\/wp\/v2\/users\/15"}],"replies":[{"embeddable":true,"href":"https:\/\/citu-paragraphe.fr\/index.php\/wp-json\/wp\/v2\/comments?post=3099"}],"version-history":[{"count":2,"href":"https:\/\/citu-paragraphe.fr\/index.php\/wp-json\/wp\/v2\/pages\/3099\/revisions"}],"predecessor-version":[{"id":4436,"href":"https:\/\/citu-paragraphe.fr\/index.php\/wp-json\/wp\/v2\/pages\/3099\/revisions\/4436"}],"wp:attachment":[{"href":"https:\/\/citu-paragraphe.fr\/index.php\/wp-json\/wp\/v2\/media?parent=3099"}],"curies":[{"name":"wp","href":"https:\/\/api.w.org\/{rel}","templated":true}]}}