{"id":3514,"date":"2020-11-24T15:19:45","date_gmt":"2020-11-24T14:19:45","guid":{"rendered":"http:\/\/citu-paragraphe.fr\/?page_id=3514"},"modified":"2023-10-18T15:41:05","modified_gmt":"2023-10-18T14:41:05","slug":"alyse-yilmaz","status":"publish","type":"page","link":"https:\/\/citu-paragraphe.fr\/index.php\/membres\/alyse-yilmaz\/","title":{"rendered":"Alyse Yilmaz"},"content":{"rendered":"\n<p><\/p>\n\n\n<h1>Alyse Yilmaz<\/h1>\n<h2><em><strong>Doctorante contractuelle<\/strong><\/em><\/h2>\n<p>Actuellement doctorante en sciences humaines et sociales, Alyse Yilmaz se sp\u00e9cialise dans l&#8217;\u00e9tude des dynamiques d&#8217;appropriation des technologies. Son travail s&#8217;appuie sur une m\u00e9thodologie mixte, alliant des approches quantitatives et qualitatives pour une analyse exhaustive.<\/p>\n<p>Elle est affili\u00e9e au laboratoire Paragraphe, une collaboration entre l&#8217;Universit\u00e9 Paris 8 et CY Cergy Paris Universit\u00e9. Son champ de recherche est r\u00e9solument interdisciplinaire, faisant la jonction entre les sciences de l&#8217;information et de la communication (CNU 71<sup>e<\/sup> section) et la psychologie (CNU\u00a016<sup>e<\/sup> section). Elle est sous la direction de Khaldoun Zreik et Evelyne Cl\u00e9ment.<\/p>\n<p>Alyse Yilmaz porte une attention particuli\u00e8re aux dispositifs d&#8217;inclusion num\u00e9rique et \u00e0 leur r\u00f4le dans l&#8217;appropriation technologique en particulier au sein de groupes vuln\u00e9rables, tels que les personnes \u00e2g\u00e9es ou socialement isol\u00e9es. De plus, elle explore les impacts du sentiment de comp\u00e9tence et de la motivation sur ces processus d&#8217;appropriation des technologies. Au-del\u00e0 de l&#8217;impact acad\u00e9mique, ses recherches aspirent \u00e0 offrir des pistes de r\u00e9flexion pour les politiques publiques d&#8217;inclusion num\u00e9rique.<\/p>\n<h3>Formation<\/h3>\n<ul>\n<li>Doctorat en Sciences de l&#8217;Information et de la Communication,\u00a0Universit\u00e9 Paris VIII\u00a0(Saint-Denis, France), 2020-2024.<\/li>\n<li>Master en Humanit\u00e9s Num\u00e9riques, Universit\u00e9 Paris VIII (Saint-Denis, France), 2020.<\/li>\n<\/ul>\n<h3>Enseignements et responsabilit\u00e9s administratives<\/h3>\n<h4>Disciplines<\/h4>\n<ul>\n<li>Master en Sciences de l&#8217;Information et de la Communication<\/li>\n<\/ul>\n<h4>Domaines d&#8217;enseignements<\/h4>\n<ul>\n<li>M\u00e9thodologie de recherche qualitative et quantitative en Sciences Humaines et Sociales<\/li>\n<\/ul>\n<h3>Publications<\/h3>\n<h4>Articles<\/h4>\n<div class=\"csl-bib-body\">\n<ul>\n<li class=\"csl-entry\">Yilmaz, A., Yepez-Torres, L., &amp; Zreik, K. (2023). Analyse et visualisation des strat\u00e9gies de communication d\u2019une organisation sur Twitter. <i>Communication &amp; Organisation<\/i>, <i>64<\/i>\u00a0(\u00e0 paraitre).<\/li>\n<\/ul>\n<\/div>\n<h4>Actes de conf\u00e9rences\u00a0<\/h4>\n<div class=\"csl-bib-body\">\n<ul>\n<li class=\"csl-entry\">Yilmaz, A., Cl\u00e9ment, E., &amp; Zreik, K. (2023, juin). <i>De la fracture num\u00e9rique aux fronti\u00e8res num\u00e9riques. Pour une meilleure compr\u00e9hension des in\u00e9galit\u00e9s num\u00e9riques<\/i>. 5\u00e8me \u00e9dition Colloque Fronti\u00e8res Num\u00e9riques 2023, Hammamet, Tunisie. <a href=\"https:\/\/univ-paris8.hal.science\/hal-04125493\">https:\/\/univ-paris8.hal.science\/hal-04125493<\/a><\/li>\n<\/ul>\n<\/div>\n<h4>Vulgarisation scientifique<\/h4>\n<ul>\n<li>\n<div class=\"csl-bib-body\">\n<div class=\"csl-entry\">Yilmaz, A. (2022). Vinted, Fiverr, Blablacar, Leboncoin\u202f: Comment nos pratiques de consommation collaborative r\u00e9v\u00e8lent nos profils psychologiques\u202f? <i>Papier-M\u00e2ch\u00e9<\/i>. <a href=\"https:\/\/papiermachesciences.org\/2022\/06\/07\/vinted-fiverr-blablacar-leboncoin-comment-nos-pratiques-de-consommation-collaborative-revelent-nos-profils-psychologiques\/\">https:\/\/papiermachesciences.org\/2022\/06\/07\/vinted-fiverr-blablacar-leboncoin-comment-nos-pratiques-de-consommation-collaborative-revelent-nos-profils-psychologiques\/<\/a><\/div>\n<\/div>\n<\/li>\n<\/ul>\n<h4>Ouvrages<\/h4>\n<h3>Communications<\/h3>\n<div class=\"csl-bib-body\">\n<ul>\n<li class=\"csl-entry\">Yilmaz, A. (2023, f\u00e9vrier). <i>Impacts motivationnels li\u00e9s au suivi d\u2019une formation aux TIC et ses cons\u00e9quences sur l\u2019inclusion num\u00e9rique de personnes retrait\u00e9es d\u00e9butantes<\/i>. S\u00e9minaire CiTu Paragraphe, Universit\u00e9 Paris 8, Saint-Denis. <a href=\"https:\/\/citu-paragraphe.fr\/wp-admin\/customize.php?url=https%3A%2F%2Fcitu-paragraphe.fr%2Findex.php%2Fnos-seminaires-bimensuels%2F\">https:\/\/citu-paragraphe.fr\/wp-admin\/customize.php?url=https%3A%2F%2Fcitu-paragraphe.fr%2Findex.php%2Fnos-seminaires-bimensuels%2F<\/a><\/li>\n<\/ul>\n<\/div>\n<ul>\n<li>Puzos, D., &amp; Yilmaz, A. (2021, juillet).<span class=\"Apple-converted-space\">\u00a0<\/span><i>Analyse des configurations socio-spatiales et psycho-sociales d\u2019un environnement (in)capacitant. Etude d\u2019une formation rennaise au num\u00e9rique en p\u00e9riode de confinement<\/i><span class=\"Apple-converted-space\">\u00a0<\/span>[Communication scientifique]. S\u00e9minaire Marsouin\u202f: Les usages et transformations num\u00e9riques et leurs cons\u00e9quences soci\u00e9tales, Lannion, France.<\/li>\n<li>Yilmaz, A., &amp; Puzos, D. (2021).<span class=\"Apple-converted-space\">\u00a0<\/span><i>Les politiques de diffusion et de formation des technologies de l\u2019information et de la communication au prisme des th\u00e9ories de la justice sociale<\/i><span class=\"Apple-converted-space\">\u00a0<\/span>[Communication scientifique]. Colloque scientifique international Ludovia 2021\u202f: Le num\u00e9rique \u00e9ducatif est-il social\u202f?, Ax-Les-Thermes.<span class=\"Apple-converted-space\">\u00a0<\/span><\/li>\n<li>Stanislav, K., Micaletti, M., Pactole, T., &amp; Yilmaz, A. (2021, septembre).<span class=\"Apple-converted-space\">\u00a0<\/span><i>Perceptions patrimoniales\u202f: Une experience hybride\u202f?<\/i><span class=\"Apple-converted-space\">\u00a0<\/span>[Communication scientifique]. Colloque scientifique international TEXTE &amp; IMAGE 6\u202f: pour un nouveau contrat social de l\u2019errance entre Art[S], Territoire[S], Blockchain[S] et Crypto-monnaie[S], La Valette, Malte.<\/li>\n<li>\n<div class=\"csl-bib-body\">\n<div class=\"csl-entry\">Yilmaz, A. (2023, f\u00e9vrier). <i>Impacts motivationnels li\u00e9s au suivi d\u2019une formation aux TIC et ses cons\u00e9quences sur l\u2019inclusion num\u00e9rique de personnes retrait\u00e9es d\u00e9butantes<\/i>. S\u00e9minaire CiTu Paragraphe, Universit\u00e9 Paris 8, Saint-Denis.<\/div>\n<\/div>\n<\/li>\n<\/ul>\n<h3>Organisation d&#8217;\u00e9v\u00e8nements scientifiques<\/h3>\n\n\n<p><\/p>\n","protected":false},"excerpt":{"rendered":"<p>Alyse Yilmaz Doctorante contractuelle Actuellement doctorante en sciences humaines et sociales, Alyse Yilmaz se sp\u00e9cialise dans l&#8217;\u00e9tude des dynamiques d&#8217;appropriation des technologies. Son travail s&#8217;appuie sur une m\u00e9thodologie mixte, alliant des approches quantitatives et qualitatives pour une analyse exhaustive. Elle est affili\u00e9e au laboratoire Paragraphe, une collaboration entre l&#8217;Universit\u00e9 Paris 8 et CY Cergy Paris &hellip;<\/p>\n","protected":false},"author":17,"featured_media":0,"parent":15,"menu_order":0,"comment_status":"closed","ping_status":"closed","template":"","meta":[],"jetpack-related-posts":[{"id":15,"url":"https:\/\/citu-paragraphe.fr\/index.php\/membres\/","url_meta":{"origin":3514,"position":0},"title":"Membres","author":"Luis Torres Yepez","date":"13 novembre 2015","format":false,"excerpt":"Membres Khaldoun ZreikProfesseur des universit\u00e9sImad SalehProfesseur des universit\u00e9sArab Ben Ali Cherif Professeur des universit\u00e9sGilles BernardProfesseur des universit\u00e9sNasreddine BouhaiMa\u00eetre de Conf\u00e9rencesMarc VeyratMa\u00eetre de Conf\u00e9rences HDRGuillaume BesacierMa\u00eetre de Conf\u00e9rencesYoucef TouatiMa\u00eetre de Conf\u00e9rencesJean Jacques MariageMa\u00eetre de Conf\u00e9rencesRakia JaziriMa\u00eetresse de Conf\u00e9rencesSeddiki LyndaMa\u00eetresse de Conf\u00e9rencesMatthieu QuiniouMa\u00eetre de Conf\u00e9rencesNicolas SauretMa\u00eetre de Conf\u00e9rencesJean Jacques GayDocteur en SIC\u2026","rel":"","context":"Article similaire","block_context":{"text":"Article similaire","link":""},"img":{"alt_text":"","src":"","width":0,"height":0},"classes":[]},{"id":2129,"url":"https:\/\/citu-paragraphe.fr\/index.php\/membres\/luis-torres-yepez\/","url_meta":{"origin":3514,"position":1},"title":"Luis Torres-Yepez","author":"Luis Torres Yepez","date":"21 janvier 2019","format":false,"excerpt":"Luis Torres-Yepez Chercheur Associ\u00e9 Laboratoire Paragraphe FORMATION 2017 \u2013 2024. Doctorat en Sciences de l\u2019information et de la communication. Laboratoire CiTu \u2013 Paragraphe, Universit\u00e9 Paris 8 Vincennes - St. Denis, France. Th\u00e8se\u00a0: \u00ab\u00a0\u00c9tude de l\u2019appropriation du patrimoine culturel immat\u00e9riel gr\u00e2ce aux m\u00e9thodes num\u00e9riques. Visualisation et cartographie de la biopiraterie des\u2026","rel":"","context":"Article similaire","block_context":{"text":"Article similaire","link":""},"img":{"alt_text":"","src":"https:\/\/i0.wp.com\/img.youtube.com\/vi\/bobDY0AaTtg\/0.jpg?resize=350%2C200","width":350,"height":200},"classes":[]},{"id":4769,"url":"https:\/\/citu-paragraphe.fr\/index.php\/nos-seminaires-bimensuels\/","url_meta":{"origin":3514,"position":2},"title":"Nos s\u00e9minaires bimensuels","author":"Nasreddine Bouhai","date":"13 avril 2023","format":false,"excerpt":"Nos s\u00e9minaires bimensuels (2025\/2026) _________________________________________________________________________________ Cr\u00e9ation sonore g\u00e9n\u00e9rative : entre IA et h\u00e9ritage soufi \u00e0 travers ma pratique personnelle Dora Ben Lamine, Doctorante \u00c0 l\u2019\u00e8re de l\u2019intelligence artificielle, la cr\u00e9ation sonore se trouve confront\u00e9e \u00e0 un double d\u00e9fi : repenser ses modalit\u00e9s d\u2019\u00e9laboration et interroger ses conditions de r\u00e9ception dans\u2026","rel":"","context":"Article similaire","block_context":{"text":"Article similaire","link":""},"img":{"alt_text":"","src":"https:\/\/i0.wp.com\/citu-paragraphe.fr\/wp-content\/uploads\/2026\/03\/Gemini_Generated_Image_tu2iddtu2iddtu2i-1.png?resize=350%2C200&ssl=1","width":350,"height":200,"srcset":"https:\/\/i0.wp.com\/citu-paragraphe.fr\/wp-content\/uploads\/2026\/03\/Gemini_Generated_Image_tu2iddtu2iddtu2i-1.png?resize=350%2C200&ssl=1 1x, https:\/\/i0.wp.com\/citu-paragraphe.fr\/wp-content\/uploads\/2026\/03\/Gemini_Generated_Image_tu2iddtu2iddtu2i-1.png?resize=525%2C300&ssl=1 1.5x, https:\/\/i0.wp.com\/citu-paragraphe.fr\/wp-content\/uploads\/2026\/03\/Gemini_Generated_Image_tu2iddtu2iddtu2i-1.png?resize=700%2C400&ssl=1 2x"},"classes":[]},{"id":738,"url":"https:\/\/citu-paragraphe.fr\/index.php\/formation\/master-net\/","url_meta":{"origin":3514,"position":3},"title":"Master Num\u00e9rique : Enjeux, Technologies (M1\/M2 NET)","author":"Pierre Ch\u00e2tel-Innocenti","date":"9 f\u00e9vrier 2016","format":false,"excerpt":"Master Num\u00e9rique : Enjeux, Technologies (NET) Fiche descriptive Domaine\u00a0: Sciences humaines et sociale Mention : Humanit\u00e9s num\u00e9riques Parcours\u00a0: Num\u00e9rique\u00a0: Enjeux et Technologies Responsables de la mention : Ghislaine AZEMARD, Pierre QUETTIER Responsables du parcours\u00a0: M1\u00a0: Guillaume Besacier et Khaldoun Zreik, M2\u00a0: Pierre QUETTIER et Khaldoun ZREIK UFR de rattachement :\u2026","rel":"","context":"Article similaire","block_context":{"text":"Article similaire","link":""},"img":{"alt_text":"","src":"","width":0,"height":0},"classes":[]},{"id":25,"url":"https:\/\/citu-paragraphe.fr\/index.php\/recherche\/","url_meta":{"origin":3514,"position":4},"title":"Axes de recherche","author":"Pierre Ch\u00e2tel-Innocenti","date":"13 novembre 2015","format":false,"excerpt":"Nos axes de recherche Chaque n\u0153ud de cet arbre est un axe de recherche de l'\u00e9quipe; de mani\u00e8re \u00e0 repr\u00e9senter l'axe principal (la Conception d'Information Hypermedia) \u00e0 la racine de l'arbre et les sous-axes - transversaux puis\u00a0centraux - qui en d\u00e9coulent, ainsi que leurs d\u00e9pendances. Pour obtenir plus d'information sur\u2026","rel":"","context":"Article similaire","block_context":{"text":"Article similaire","link":""},"img":{"alt_text":"","src":"","width":0,"height":0},"classes":[]},{"id":29,"url":"https:\/\/citu-paragraphe.fr\/index.php\/formation\/","url_meta":{"origin":3514,"position":5},"title":"Formation","author":"Pierre Ch\u00e2tel-Innocenti","date":"13 novembre 2015","format":false,"excerpt":"Formation Activit\u00e9 D\u00e9tail de l\u2019activit\u00e9 Contact pour l\u2019activit\u00e9 Licence pro CDNL Cr\u00e9ation et d\u00e9veloppement num\u00e9riques en ligne Samuel SZONIECKY Master NET Num\u00e9rique : Enjeux, Technologies Khaldoun ZREIK Atelier M2 NET - BnF Conception de projets ergonomiques en \u00e9quipes pluridisciplinaires Khaldoun ZREIK, Viviane FOLCHER M2 THYP Imad SALEH, Nasreddine BOUHAI Les\u2026","rel":"","context":"Article similaire","block_context":{"text":"Article similaire","link":""},"img":{"alt_text":"","src":"","width":0,"height":0},"classes":[]}],"_links":{"self":[{"href":"https:\/\/citu-paragraphe.fr\/index.php\/wp-json\/wp\/v2\/pages\/3514"}],"collection":[{"href":"https:\/\/citu-paragraphe.fr\/index.php\/wp-json\/wp\/v2\/pages"}],"about":[{"href":"https:\/\/citu-paragraphe.fr\/index.php\/wp-json\/wp\/v2\/types\/page"}],"author":[{"embeddable":true,"href":"https:\/\/citu-paragraphe.fr\/index.php\/wp-json\/wp\/v2\/users\/17"}],"replies":[{"embeddable":true,"href":"https:\/\/citu-paragraphe.fr\/index.php\/wp-json\/wp\/v2\/comments?post=3514"}],"version-history":[{"count":6,"href":"https:\/\/citu-paragraphe.fr\/index.php\/wp-json\/wp\/v2\/pages\/3514\/revisions"}],"predecessor-version":[{"id":5591,"href":"https:\/\/citu-paragraphe.fr\/index.php\/wp-json\/wp\/v2\/pages\/3514\/revisions\/5591"}],"up":[{"embeddable":true,"href":"https:\/\/citu-paragraphe.fr\/index.php\/wp-json\/wp\/v2\/pages\/15"}],"wp:attachment":[{"href":"https:\/\/citu-paragraphe.fr\/index.php\/wp-json\/wp\/v2\/media?parent=3514"}],"curies":[{"name":"wp","href":"https:\/\/api.w.org\/{rel}","templated":true}]}}