{"id":3516,"date":"2020-11-24T15:22:33","date_gmt":"2020-11-24T14:22:33","guid":{"rendered":"http:\/\/citu-paragraphe.fr\/?page_id=3516"},"modified":"2020-11-24T15:23:04","modified_gmt":"2020-11-24T14:23:04","slug":"stanislav-kuraki","status":"publish","type":"page","link":"https:\/\/citu-paragraphe.fr\/index.php\/membres\/stanislav-kuraki\/","title":{"rendered":"Stanislav Kuraki"},"content":{"rendered":"<h1>Profil<\/h1>\n<h1>Enseignements et responsabilit\u00e9s administratives<\/h1>\n<h1>Publications<\/h1>\n","protected":false},"excerpt":{"rendered":"<p>Profil Enseignements et responsabilit\u00e9s administratives Publications<\/p>\n","protected":false},"author":15,"featured_media":0,"parent":15,"menu_order":0,"comment_status":"closed","ping_status":"closed","template":"","meta":[],"jetpack-related-posts":[{"id":189,"url":"https:\/\/citu-paragraphe.fr\/index.php\/membres\/imad-saleh\/","url_meta":{"origin":3516,"position":0},"title":"Imad Saleh","author":"Pierre Ch\u00e2tel-Innocenti","date":"27 novembre 2015","format":false,"excerpt":"Profil Enseignements et responsabilit\u00e9s administratives Publications","rel":"","context":"Article similaire","block_context":{"text":"Article similaire","link":""},"img":{"alt_text":"","src":"","width":0,"height":0},"classes":[]},{"id":3507,"url":"https:\/\/citu-paragraphe.fr\/index.php\/membres\/shumin-liang\/","url_meta":{"origin":3516,"position":1},"title":"Shumin Liang","author":"Luis Torres Yepez","date":"24 novembre 2020","format":false,"excerpt":"Profil Enseignements et responsabilit\u00e9s administratives Publications","rel":"","context":"Article similaire","block_context":{"text":"Article similaire","link":""},"img":{"alt_text":"","src":"","width":0,"height":0},"classes":[]},{"id":3510,"url":"https:\/\/citu-paragraphe.fr\/index.php\/membres\/manon-micaletti\/","url_meta":{"origin":3516,"position":2},"title":"Manon Micaletti","author":"Luis Torres Yepez","date":"24 novembre 2020","format":false,"excerpt":"Profil Enseignements et responsabilit\u00e9s administratives Publications","rel":"","context":"Article similaire","block_context":{"text":"Article similaire","link":""},"img":{"alt_text":"","src":"","width":0,"height":0},"classes":[]},{"id":3512,"url":"https:\/\/citu-paragraphe.fr\/index.php\/membres\/sabrina-mazigh\/","url_meta":{"origin":3516,"position":3},"title":"Sabrina Mazigh","author":"Luis Torres Yepez","date":"24 novembre 2020","format":false,"excerpt":"Profil Enseignements et responsabilit\u00e9s administratives Publications","rel":"","context":"Article similaire","block_context":{"text":"Article similaire","link":""},"img":{"alt_text":"","src":"","width":0,"height":0},"classes":[]},{"id":3514,"url":"https:\/\/citu-paragraphe.fr\/index.php\/membres\/alyse-yilmaz\/","url_meta":{"origin":3516,"position":4},"title":"Alyse Yilmaz","author":"Alyse Yilmaz","date":"24 novembre 2020","format":false,"excerpt":"Alyse Yilmaz Doctorante contractuelle Actuellement doctorante en sciences humaines et sociales, Alyse Yilmaz se sp\u00e9cialise dans l'\u00e9tude des dynamiques d'appropriation des technologies. Son travail s'appuie sur une m\u00e9thodologie mixte, alliant des approches quantitatives et qualitatives pour une analyse exhaustive. Elle est affili\u00e9e au laboratoire Paragraphe, une collaboration entre l'Universit\u00e9 Paris\u2026","rel":"","context":"Article similaire","block_context":{"text":"Article similaire","link":""},"img":{"alt_text":"","src":"","width":0,"height":0},"classes":[]},{"id":15,"url":"https:\/\/citu-paragraphe.fr\/index.php\/membres\/","url_meta":{"origin":3516,"position":5},"title":"Membres","author":"Luis Torres Yepez","date":"13 novembre 2015","format":false,"excerpt":"Membres Khaldoun ZreikProfesseur des universit\u00e9sImad SalehProfesseur des universit\u00e9sArab Ben Ali Cherif Professeur des universit\u00e9sGilles BernardProfesseur des universit\u00e9sNasreddine BouhaiMa\u00eetre de Conf\u00e9rencesMarc VeyratMa\u00eetre de Conf\u00e9rences HDRGuillaume BesacierMa\u00eetre de Conf\u00e9rencesYoucef TouatiMa\u00eetre de Conf\u00e9rencesJean Jacques MariageMa\u00eetre de Conf\u00e9rencesRakia JaziriMa\u00eetresse de Conf\u00e9rencesSeddiki LyndaMa\u00eetresse de Conf\u00e9rencesMatthieu QuiniouMa\u00eetre de Conf\u00e9rencesNicolas SauretMa\u00eetre de Conf\u00e9rencesJean Jacques GayDocteur en SIC\u2026","rel":"","context":"Article similaire","block_context":{"text":"Article similaire","link":""},"img":{"alt_text":"","src":"","width":0,"height":0},"classes":[]}],"_links":{"self":[{"href":"https:\/\/citu-paragraphe.fr\/index.php\/wp-json\/wp\/v2\/pages\/3516"}],"collection":[{"href":"https:\/\/citu-paragraphe.fr\/index.php\/wp-json\/wp\/v2\/pages"}],"about":[{"href":"https:\/\/citu-paragraphe.fr\/index.php\/wp-json\/wp\/v2\/types\/page"}],"author":[{"embeddable":true,"href":"https:\/\/citu-paragraphe.fr\/index.php\/wp-json\/wp\/v2\/users\/15"}],"replies":[{"embeddable":true,"href":"https:\/\/citu-paragraphe.fr\/index.php\/wp-json\/wp\/v2\/comments?post=3516"}],"version-history":[{"count":0,"href":"https:\/\/citu-paragraphe.fr\/index.php\/wp-json\/wp\/v2\/pages\/3516\/revisions"}],"up":[{"embeddable":true,"href":"https:\/\/citu-paragraphe.fr\/index.php\/wp-json\/wp\/v2\/pages\/15"}],"wp:attachment":[{"href":"https:\/\/citu-paragraphe.fr\/index.php\/wp-json\/wp\/v2\/media?parent=3516"}],"curies":[{"name":"wp","href":"https:\/\/api.w.org\/{rel}","templated":true}]}}