{"id":363,"date":"2015-12-07T08:58:52","date_gmt":"2015-12-07T07:58:52","guid":{"rendered":"http:\/\/citu-paragraphe.fr\/?page_id=363"},"modified":"2015-12-07T08:58:52","modified_gmt":"2015-12-07T07:58:52","slug":"the-art-collider","status":"publish","type":"page","link":"https:\/\/citu-paragraphe.fr\/index.php\/projets\/the-art-collider\/","title":{"rendered":"The Art Collider"},"content":{"rendered":"","protected":false},"excerpt":{"rendered":"","protected":false},"author":1,"featured_media":0,"parent":27,"menu_order":0,"comment_status":"closed","ping_status":"closed","template":"","meta":[],"jetpack-related-posts":[{"id":530,"url":"https:\/\/citu-paragraphe.fr\/index.php\/colloques\/cac\/","url_meta":{"origin":363,"position":0},"title":"CAC","author":"Pierre Ch\u00e2tel-Innocenti","date":"18 d\u00e9cembre 2015","format":false,"excerpt":"CAC - Computer Art Congress Dedicated website: https:\/\/cac8.sciencesconf.org\/ The Computer Art Congress is an international gathering around art, science, technology, and design. Its first edition was celebrated in Paris (2002), then the CAC traveled to Mexico City (2008), then came back to Paris (2012), and recently was hosted in Rio\u2026","rel":"","context":"Article similaire","block_context":{"text":"Article similaire","link":""},"img":{"alt_text":"","src":"https:\/\/i0.wp.com\/citu-paragraphe.fr\/wp-content\/uploads\/2016\/02\/12366134_10207541690674150_1583002390927422686_o.jpg?resize=350%2C200","width":350,"height":200},"classes":[]},{"id":577,"url":"https:\/\/citu-paragraphe.fr\/index.php\/formation\/ateliers\/atelier-conception-collaborative-ergonomique\/","url_meta":{"origin":363,"position":1},"title":"Atelier Conception Collaborative Ergonomique","author":"Pierre Ch\u00e2tel-Innocenti","date":"18 janvier 2016","format":false,"excerpt":"Atelier M2 NET\/Ergo - \u201cConception Collaborative Ergonomique\u201d Responsables de l\u2019atelier-laboratoire : Viviane Folcher et Khaldoun Zreik Sujet : Conception de projets ergonomiques en \u00e9quipes pluridisciplinaires Ann\u00e9e Sujet\u00a0de l'atelier 2011-2012 Re-conception d'un outil de diagnostic du b\u00e2ti pour l'Office Public de l'Habitat de la ville du Havre 2012-2013 Conception en zone\u2026","rel":"","context":"Article similaire","block_context":{"text":"Article similaire","link":""},"img":{"alt_text":"_Pre\u00cc\u0081sentation_Gallicasphe\u00cc\u0080re_","src":"https:\/\/i0.wp.com\/citu-paragraphe.fr\/wp-content\/uploads\/2016\/01\/Pre\u00cc\u0081sentation_Gallicasphe\u00cc\u0080re_-1024x615.png?resize=350%2C200","width":350,"height":200,"srcset":"https:\/\/i0.wp.com\/citu-paragraphe.fr\/wp-content\/uploads\/2016\/01\/Pre\u00cc\u0081sentation_Gallicasphe\u00cc\u0080re_-1024x615.png?resize=350%2C200 1x, https:\/\/i0.wp.com\/citu-paragraphe.fr\/wp-content\/uploads\/2016\/01\/Pre\u00cc\u0081sentation_Gallicasphe\u00cc\u0080re_-1024x615.png?resize=525%2C300 1.5x"},"classes":[]},{"id":950,"url":"https:\/\/citu-paragraphe.fr\/index.php\/projets\/dualcorps\/","url_meta":{"origin":363,"position":2},"title":"DualCorps","author":"Pierre Ch\u00e2tel-Innocenti","date":"9 juin 2016","format":false,"excerpt":"DUALCORPS Description DualCorps est un projet exp\u00e9rimental \u00e0 la crois\u00e9e de l\u2019art num\u00e9rique, de la performance et de la recherche-action. Le coeur du projet est une recherche Art-Science autour de la cyber-g\u00e9m\u00e9lleit\u00e9, du poids des donn\u00e9es dans la cr\u00e9ation des identit\u00e9s num\u00e9riques, et de la repr\u00e9sentation de ces derni\u00e8res. Les\u2026","rel":"","context":"Article similaire","block_context":{"text":"Article similaire","link":""},"img":{"alt_text":"visueldualcorps537","src":"https:\/\/i0.wp.com\/citu-paragraphe.fr\/wp-content\/uploads\/2016\/06\/visueldualcorps537.jpg?resize=350%2C200","width":350,"height":200,"srcset":"https:\/\/i0.wp.com\/citu-paragraphe.fr\/wp-content\/uploads\/2016\/06\/visueldualcorps537.jpg?resize=350%2C200 1x, https:\/\/i0.wp.com\/citu-paragraphe.fr\/wp-content\/uploads\/2016\/06\/visueldualcorps537.jpg?resize=525%2C300 1.5x"},"classes":[]},{"id":90,"url":"https:\/\/citu-paragraphe.fr\/index.php\/accueil-test\/","url_meta":{"origin":363,"position":3},"title":"A propos","author":"Pierre Ch\u00e2tel-Innocenti","date":"25 novembre 2015","format":false,"excerpt":"Qui sommes nous","rel":"","context":"Article similaire","block_context":{"text":"Article similaire","link":""},"img":{"alt_text":"","src":"","width":0,"height":0},"classes":[]},{"id":4337,"url":"https:\/\/citu-paragraphe.fr\/index.php\/membres\/marc-veyrat\/","url_meta":{"origin":363,"position":4},"title":"Marc Veyrat","author":"Luis Torres Yepez","date":"8 novembre 2021","format":false,"excerpt":"Marc Veyrat Universit\u00e9 Savoie Mont-Blanc\u00a0 MCF 18\u00e8me Section \/ Laboratoire LLSETI \u2014 AXE 2\u00a0\u2014 Texte Image & Arts Num\u00e9riques Responsable AXE 2-1 Les Fabriques des Histoires Chercheur associ\u00e9 Chaire UNESCO \/ ITEN Directeur D\u00e9partement Communication Hyperm\u00e9dia (2002 \u2013 2005 \/ 2008 \u2013 2012 & depuis 2018) Champ de recherche\u00a0: Complexit\u00e9\u2026","rel":"","context":"Article similaire","block_context":{"text":"Article similaire","link":""},"img":{"alt_text":"","src":"","width":0,"height":0},"classes":[]},{"id":17,"url":"https:\/\/citu-paragraphe.fr\/index.php\/membres\/khaldoun-zreik\/","url_meta":{"origin":363,"position":5},"title":"Khaldoun Zreik","author":"Pierre Ch\u00e2tel-Innocenti","date":"13 novembre 2015","format":false,"excerpt":"\u00a0 \u00a0Khaldoun ZREIK Professeur en Sciences de l'Information et d la Communication, Universit\u00e9 Paris 8 Directeur du D\u00e9partement Hyperm\u00e9dia (UFR MITSIC), Universit\u00e9 Paris 8 Responsable scientifique du\u00a0Groupe de recherche CITU- Paragraphe (Cybermedia, Interactions, Transdisciplinarit\u00e9 & Ubiquitous), Laboratoire Paragraphe, University of Paris 8 Co-directeur du\u00a0Master NET (Num\u00e9rique : Enjeux et Technologies):,\u2026","rel":"","context":"Article similaire","block_context":{"text":"Article similaire","link":""},"img":{"alt_text":"","src":"","width":0,"height":0},"classes":[]}],"_links":{"self":[{"href":"https:\/\/citu-paragraphe.fr\/index.php\/wp-json\/wp\/v2\/pages\/363"}],"collection":[{"href":"https:\/\/citu-paragraphe.fr\/index.php\/wp-json\/wp\/v2\/pages"}],"about":[{"href":"https:\/\/citu-paragraphe.fr\/index.php\/wp-json\/wp\/v2\/types\/page"}],"author":[{"embeddable":true,"href":"https:\/\/citu-paragraphe.fr\/index.php\/wp-json\/wp\/v2\/users\/1"}],"replies":[{"embeddable":true,"href":"https:\/\/citu-paragraphe.fr\/index.php\/wp-json\/wp\/v2\/comments?post=363"}],"version-history":[{"count":0,"href":"https:\/\/citu-paragraphe.fr\/index.php\/wp-json\/wp\/v2\/pages\/363\/revisions"}],"up":[{"embeddable":true,"href":"https:\/\/citu-paragraphe.fr\/index.php\/wp-json\/wp\/v2\/pages\/27"}],"wp:attachment":[{"href":"https:\/\/citu-paragraphe.fr\/index.php\/wp-json\/wp\/v2\/media?parent=363"}],"curies":[{"name":"wp","href":"https:\/\/api.w.org\/{rel}","templated":true}]}}