{"id":365,"date":"2015-12-07T08:59:13","date_gmt":"2015-12-07T07:59:13","guid":{"rendered":"http:\/\/citu-paragraphe.fr\/?page_id=365"},"modified":"2017-11-15T16:36:05","modified_gmt":"2017-11-15T15:36:05","slug":"terra-dynamica","status":"publish","type":"page","link":"https:\/\/citu-paragraphe.fr\/index.php\/projets\/terra-dynamica\/","title":{"rendered":"Terra Dynamica"},"content":{"rendered":"<p>TODO: Khaldoun<\/p>\n","protected":false},"excerpt":{"rendered":"<p>TODO: Khaldoun<\/p>\n","protected":false},"author":1,"featured_media":0,"parent":27,"menu_order":0,"comment_status":"closed","ping_status":"closed","template":"","meta":[],"jetpack-related-posts":[{"id":1122,"url":"https:\/\/citu-paragraphe.fr\/index.php\/projets\/montre-verte\/","url_meta":{"origin":365,"position":0},"title":"Montre Verte","author":"Guillaume Besacier","date":"15 novembre 2017","format":false,"excerpt":"TODO: Khaldoun","rel":"","context":"Article similaire","block_context":{"text":"Article similaire","link":""},"img":{"alt_text":"","src":"","width":0,"height":0},"classes":[]},{"id":658,"url":"https:\/\/citu-paragraphe.fr\/index.php\/formation\/ateliers\/atelier-hyperheritage\/","url_meta":{"origin":365,"position":1},"title":"Atelier HyperHeritage","author":"Pierre Ch\u00e2tel-Innocenti","date":"1 f\u00e9vrier 2016","format":false,"excerpt":"Atelier M2 Net - \"HyperHeritage\" Responsables de l\u2019atelier-laboratoire :\u00a0Khaldoun Zreik\u00a0et\u00a0Nasreddine Bouha\u00ef Sujet :\u00a0?","rel":"","context":"Article similaire","block_context":{"text":"Article similaire","link":""},"img":{"alt_text":"","src":"","width":0,"height":0},"classes":[]},{"id":649,"url":"https:\/\/citu-paragraphe.fr\/index.php\/formation\/ateliers\/atelier-hyperurbains-et-smartcities\/","url_meta":{"origin":365,"position":2},"title":"Atelier Hyperurbains et Smartcities","author":"Pierre Ch\u00e2tel-Innocenti","date":"1 f\u00e9vrier 2016","format":false,"excerpt":"Atelier M2 NET - \"Hyperurbains et Smartcities\" Responsables de l\u2019atelier-laboratoire : Khaldoun Zreik\u00a0et\u00a0Samuel Szoniecky Sujet : Explorer les nouvelles formes de communication et d\u2019interaction dans le cadre de la ville connect\u00e9e","rel":"","context":"Article similaire","block_context":{"text":"Article similaire","link":""},"img":{"alt_text":"","src":"","width":0,"height":0},"classes":[]},{"id":17,"url":"https:\/\/citu-paragraphe.fr\/index.php\/membres\/khaldoun-zreik\/","url_meta":{"origin":365,"position":3},"title":"Khaldoun Zreik","author":"Pierre Ch\u00e2tel-Innocenti","date":"13 novembre 2015","format":false,"excerpt":"\u00a0 \u00a0Khaldoun ZREIK Professeur en Sciences de l'Information et d la Communication, Universit\u00e9 Paris 8 Directeur du D\u00e9partement Hyperm\u00e9dia (UFR MITSIC), Universit\u00e9 Paris 8 Responsable scientifique du\u00a0Groupe de recherche CITU- Paragraphe (Cybermedia, Interactions, Transdisciplinarit\u00e9 & Ubiquitous), Laboratoire Paragraphe, University of Paris 8 Co-directeur du\u00a0Master NET (Num\u00e9rique : Enjeux et Technologies):,\u2026","rel":"","context":"Article similaire","block_context":{"text":"Article similaire","link":""},"img":{"alt_text":"","src":"","width":0,"height":0},"classes":[]},{"id":4337,"url":"https:\/\/citu-paragraphe.fr\/index.php\/membres\/marc-veyrat\/","url_meta":{"origin":365,"position":4},"title":"Marc Veyrat","author":"Luis Torres Yepez","date":"8 novembre 2021","format":false,"excerpt":"Marc Veyrat Universit\u00e9 Savoie Mont-Blanc\u00a0 MCF 18\u00e8me Section \/ Laboratoire LLSETI \u2014 AXE 2\u00a0\u2014 Texte Image & Arts Num\u00e9riques Responsable AXE 2-1 Les Fabriques des Histoires Chercheur associ\u00e9 Chaire UNESCO \/ ITEN Directeur D\u00e9partement Communication Hyperm\u00e9dia (2002 \u2013 2005 \/ 2008 \u2013 2012 & depuis 2018) Champ de recherche\u00a0: Complexit\u00e9\u2026","rel":"","context":"Article similaire","block_context":{"text":"Article similaire","link":""},"img":{"alt_text":"","src":"","width":0,"height":0},"classes":[]},{"id":15,"url":"https:\/\/citu-paragraphe.fr\/index.php\/membres\/","url_meta":{"origin":365,"position":5},"title":"Membres","author":"Luis Torres Yepez","date":"13 novembre 2015","format":false,"excerpt":"Membres Khaldoun ZreikProfesseur des universit\u00e9sImad SalehProfesseur des universit\u00e9sArab Ben Ali Cherif Professeur des universit\u00e9sGilles BernardProfesseur des universit\u00e9sNasreddine BouhaiMa\u00eetre de Conf\u00e9rencesMarc VeyratMa\u00eetre de Conf\u00e9rences HDRGuillaume BesacierMa\u00eetre de Conf\u00e9rencesYoucef TouatiMa\u00eetre de Conf\u00e9rencesJean Jacques MariageMa\u00eetre de Conf\u00e9rencesRakia JaziriMa\u00eetresse de Conf\u00e9rencesSeddiki LyndaMa\u00eetresse de Conf\u00e9rencesMatthieu QuiniouMa\u00eetre de Conf\u00e9rencesNicolas SauretMa\u00eetre de Conf\u00e9rencesJean Jacques GayDocteur en SIC\u2026","rel":"","context":"Article similaire","block_context":{"text":"Article similaire","link":""},"img":{"alt_text":"","src":"","width":0,"height":0},"classes":[]}],"_links":{"self":[{"href":"https:\/\/citu-paragraphe.fr\/index.php\/wp-json\/wp\/v2\/pages\/365"}],"collection":[{"href":"https:\/\/citu-paragraphe.fr\/index.php\/wp-json\/wp\/v2\/pages"}],"about":[{"href":"https:\/\/citu-paragraphe.fr\/index.php\/wp-json\/wp\/v2\/types\/page"}],"author":[{"embeddable":true,"href":"https:\/\/citu-paragraphe.fr\/index.php\/wp-json\/wp\/v2\/users\/1"}],"replies":[{"embeddable":true,"href":"https:\/\/citu-paragraphe.fr\/index.php\/wp-json\/wp\/v2\/comments?post=365"}],"version-history":[{"count":0,"href":"https:\/\/citu-paragraphe.fr\/index.php\/wp-json\/wp\/v2\/pages\/365\/revisions"}],"up":[{"embeddable":true,"href":"https:\/\/citu-paragraphe.fr\/index.php\/wp-json\/wp\/v2\/pages\/27"}],"wp:attachment":[{"href":"https:\/\/citu-paragraphe.fr\/index.php\/wp-json\/wp\/v2\/media?parent=365"}],"curies":[{"name":"wp","href":"https:\/\/api.w.org\/{rel}","templated":true}]}}