{"id":381,"date":"2015-12-07T14:42:49","date_gmt":"2015-12-07T13:42:49","guid":{"rendered":"http:\/\/citu-paragraphe.fr\/?page_id=381"},"modified":"2015-12-18T09:57:52","modified_gmt":"2015-12-18T08:57:52","slug":"master-2-thyp","status":"publish","type":"page","link":"https:\/\/citu-paragraphe.fr\/index.php\/formation\/master-2-thyp\/","title":{"rendered":"Master 2 THYP"},"content":{"rendered":"<h1><span style=\"font-weight: 400;\">Master 2 \u201cTechnologie de l\u2019hyperm\u00e9dia\u201d (THYP)<\/span><\/h1>\n<h2><span style=\"font-weight: 400;\">Fiche descriptive<\/span><\/h2>\n<ul>\n<li style=\"font-weight: 400;\"><b>Site Web d\u00e9di\u00e9<\/b><span style=\"font-weight: 400;\">: <\/span><\/li>\n<li style=\"font-weight: 400;\"><b>Domaine <\/b><span style=\"font-weight: 400;\">: Sciences, Technologies, Sant\u00e9<\/span><\/li>\n<li style=\"font-weight: 400;\"><b>Mention <\/b><span style=\"font-weight: 400;\">: Informatique<\/span><\/li>\n<li style=\"font-weight: 400;\"><b>Parcours <\/b><span style=\"font-weight: 400;\">: Technologies de l\u2019Hyperm\u00e9dia (THYP)<\/span><\/li>\n<li style=\"font-weight: 400;\"><b>Responsable de la mention<\/b><span style=\"font-weight: 400;\"> : Arab ALI CHERIF<\/span><\/li>\n<li style=\"font-weight: 400;\"><b>Responsables du parcours THYP<\/b><span style=\"font-weight: 400;\"> : <\/span><b>Imad SALEH, Nasreddine BOUHA\u00cf<\/b><\/li>\n<li style=\"font-weight: 400;\"><b>UFR de rattachement<\/b><span style=\"font-weight: 400;\"> : Math\u00e9matiques, Informatique, Technologies, Sciences de l\u2019Information et de la Communication(MITSIC)<\/span><\/li>\n<\/ul>\n<p><span style=\"font-weight: 400;\">Cette formation a \u00e9t\u00e9 lab\u00e9lis\u00e9e &#8221;\u00a0Formation d&#8217;excellence&#8221; dans le cadre du programme d\u2019initiative d\u2019excellence en formation innovante\u00a0(IDEFI) Cr\u00e9aTIC.<\/span><\/p>\n<h2><span style=\"font-weight: 400;\">Contenu de la formation<\/span><\/h2>\n<p><span style=\"font-weight: 400;\">Il s\u2019agit d\u2019une formation qui est sp\u00e9cialis\u00e9e dans la dimension de conception des syst\u00e8mes de Front-Office, mettant l\u2019accent sur le d\u00e9veloppement pour l\u2019usage avec la prise en compte des dimensions ergonomiques, cognitives et m\u00e9diatiques.<\/span><\/p>\n<p><span style=\"font-weight: 400;\">La sp\u00e9cialit\u00e9 est clairement professionnalisante avec les deux objectifs suivants :<\/span><\/p>\n<ol>\n<li style=\"font-weight: 400;\"><span style=\"font-weight: 400;\">former des ing\u00e9nieurs de haut niveau scientifique sous couvert des laboratoires et \u00e9quipes de recherche associ\u00e9s,<\/span><\/li>\n<li style=\"font-weight: 400;\"><span style=\"font-weight: 400;\">favoriser par le biais de partenariats professionnels les collaborations industrielles r\u00e9gionales dans le cadre du p\u00f4le \u00ab Technologique et Scientifique Nord\/Est \u00bb, du p\u00f4le \u00ab Image, Multim\u00e9dia et Vie Num\u00e9rique \u00bb de la r\u00e9gion Ile de France, de la Maison des Sciences de l\u2019Homme et de la future Plateforme Art, Sciences et Technologies (AST). Ce partenariat est actif et en pleine expansion, deux projets du laboratoire Paragraphe sur lequel s\u2019appuie cette sp\u00e9cialit\u00e9 sont pr\u00e9sent\u00e9s par le p\u00f4le image, multim\u00e9dia et vie num\u00e9rique, CITU (Cr\u00e9ation, Interactive Transdisciplinaire Universitaire, ce projet est soutenu par le d\u00e9partement Seine Saint-Denis, la DRAC et la r\u00e9gion Ile de France) et le projet Cosmopolis (villes num\u00e9riques). Les \u00e9tudiants b\u00e9n\u00e9ficient de cette collaboration en participant \u00e0 des projets innovants, originaux et ayant une implication industrielle.<\/span><\/li>\n<\/ol>\n","protected":false},"excerpt":{"rendered":"<p>Master 2 \u201cTechnologie de l\u2019hyperm\u00e9dia\u201d (THYP) Fiche descriptive Site Web d\u00e9di\u00e9: Domaine : Sciences, Technologies, Sant\u00e9 Mention : Informatique Parcours : Technologies de l\u2019Hyperm\u00e9dia (THYP) Responsable de la mention : Arab ALI CHERIF Responsables du parcours THYP : Imad SALEH, Nasreddine BOUHA\u00cf UFR de rattachement : Math\u00e9matiques, Informatique, Technologies, Sciences de l\u2019Information et de la &hellip;<\/p>\n","protected":false},"author":1,"featured_media":0,"parent":29,"menu_order":0,"comment_status":"closed","ping_status":"closed","template":"","meta":[],"jetpack-related-posts":[{"id":29,"url":"https:\/\/citu-paragraphe.fr\/index.php\/formation\/","url_meta":{"origin":381,"position":0},"title":"Formation","author":"Pierre Ch\u00e2tel-Innocenti","date":"13 novembre 2015","format":false,"excerpt":"Formation Activit\u00e9 D\u00e9tail de l\u2019activit\u00e9 Contact pour l\u2019activit\u00e9 Licence pro CDNL Cr\u00e9ation et d\u00e9veloppement num\u00e9riques en ligne Samuel SZONIECKY Master NET Num\u00e9rique : Enjeux, Technologies Khaldoun ZREIK Atelier M2 NET - BnF Conception de projets ergonomiques en \u00e9quipes pluridisciplinaires Khaldoun ZREIK, Viviane FOLCHER M2 THYP Imad SALEH, Nasreddine BOUHAI Les\u2026","rel":"","context":"Article similaire","block_context":{"text":"Article similaire","link":""},"img":{"alt_text":"","src":"","width":0,"height":0},"classes":[]},{"id":738,"url":"https:\/\/citu-paragraphe.fr\/index.php\/formation\/master-net\/","url_meta":{"origin":381,"position":1},"title":"Master Num\u00e9rique : Enjeux, Technologies (M1\/M2 NET)","author":"Pierre Ch\u00e2tel-Innocenti","date":"9 f\u00e9vrier 2016","format":false,"excerpt":"Master Num\u00e9rique : Enjeux, Technologies (NET) Fiche descriptive Domaine\u00a0: Sciences humaines et sociale Mention : Humanit\u00e9s num\u00e9riques Parcours\u00a0: Num\u00e9rique\u00a0: Enjeux et Technologies Responsables de la mention : Ghislaine AZEMARD, Pierre QUETTIER Responsables du parcours\u00a0: M1\u00a0: Guillaume Besacier et Khaldoun Zreik, M2\u00a0: Pierre QUETTIER et Khaldoun ZREIK UFR de rattachement :\u2026","rel":"","context":"Article similaire","block_context":{"text":"Article similaire","link":""},"img":{"alt_text":"","src":"","width":0,"height":0},"classes":[]},{"id":185,"url":"https:\/\/citu-paragraphe.fr\/index.php\/membres\/nasreddine-bouhai\/","url_meta":{"origin":381,"position":2},"title":"Nasreddine Bouhai","author":"Pierre Ch\u00e2tel-Innocenti","date":"27 novembre 2015","format":false,"excerpt":"est ma\u00eetre de conf\u00e9rence en informatique en Sciences de l'information et de la communication, \u00e0 l'Universit\u00e9 Paris 8, d\u00e9partement Humanit\u00e9s num\u00e9riques , Axe de recherche Citu-Paragraphe du laboratoire Paragraphe.","rel":"","context":"Article similaire","block_context":{"text":"Article similaire","link":""},"img":{"alt_text":"","src":"","width":0,"height":0},"classes":[]},{"id":3514,"url":"https:\/\/citu-paragraphe.fr\/index.php\/membres\/alyse-yilmaz\/","url_meta":{"origin":381,"position":3},"title":"Alyse Yilmaz","author":"Alyse Yilmaz","date":"24 novembre 2020","format":false,"excerpt":"Alyse Yilmaz Doctorante contractuelle Actuellement doctorante en sciences humaines et sociales, Alyse Yilmaz se sp\u00e9cialise dans l'\u00e9tude des dynamiques d'appropriation des technologies. Son travail s'appuie sur une m\u00e9thodologie mixte, alliant des approches quantitatives et qualitatives pour une analyse exhaustive. Elle est affili\u00e9e au laboratoire Paragraphe, une collaboration entre l'Universit\u00e9 Paris\u2026","rel":"","context":"Article similaire","block_context":{"text":"Article similaire","link":""},"img":{"alt_text":"","src":"","width":0,"height":0},"classes":[]},{"id":17,"url":"https:\/\/citu-paragraphe.fr\/index.php\/membres\/khaldoun-zreik\/","url_meta":{"origin":381,"position":4},"title":"Khaldoun Zreik","author":"Pierre Ch\u00e2tel-Innocenti","date":"13 novembre 2015","format":false,"excerpt":"\u00a0 \u00a0Khaldoun ZREIK Professeur en Sciences de l'Information et d la Communication, Universit\u00e9 Paris 8 Directeur du D\u00e9partement Hyperm\u00e9dia (UFR MITSIC), Universit\u00e9 Paris 8 Responsable scientifique du\u00a0Groupe de recherche CITU- Paragraphe (Cybermedia, Interactions, Transdisciplinarit\u00e9 & Ubiquitous), Laboratoire Paragraphe, University of Paris 8 Co-directeur du\u00a0Master NET (Num\u00e9rique : Enjeux et Technologies):,\u2026","rel":"","context":"Article similaire","block_context":{"text":"Article similaire","link":""},"img":{"alt_text":"","src":"","width":0,"height":0},"classes":[]},{"id":450,"url":"https:\/\/citu-paragraphe.fr\/index.php\/formation\/ateliers\/","url_meta":{"origin":381,"position":5},"title":"Ateliers Master","author":"Pierre Ch\u00e2tel-Innocenti","date":"9 d\u00e9cembre 2015","format":false,"excerpt":"Ateliers\u00a0Master Atelier D\u00e9tail de l'atelier Contact Conception Collaborative Conception de projets ergonomiques en \u00e9quipes pluridisciplinaires Viviane FOLCHER, Khaldoun ZREIK Hyperurbains et Smartcities Explorer les nouvelles formes de communication et d\u2019interaction dans le cadre de la ville connect\u00e9e Khaldoun ZREIK,\u00a0Samuel Szoniecky Proverbes et e-\u00e9ducation Concevoir un dispositif num\u00e9rique pour l\u2019E-education Salam\u2026","rel":"","context":"Article similaire","block_context":{"text":"Article similaire","link":""},"img":{"alt_text":"","src":"","width":0,"height":0},"classes":[]}],"_links":{"self":[{"href":"https:\/\/citu-paragraphe.fr\/index.php\/wp-json\/wp\/v2\/pages\/381"}],"collection":[{"href":"https:\/\/citu-paragraphe.fr\/index.php\/wp-json\/wp\/v2\/pages"}],"about":[{"href":"https:\/\/citu-paragraphe.fr\/index.php\/wp-json\/wp\/v2\/types\/page"}],"author":[{"embeddable":true,"href":"https:\/\/citu-paragraphe.fr\/index.php\/wp-json\/wp\/v2\/users\/1"}],"replies":[{"embeddable":true,"href":"https:\/\/citu-paragraphe.fr\/index.php\/wp-json\/wp\/v2\/comments?post=381"}],"version-history":[{"count":0,"href":"https:\/\/citu-paragraphe.fr\/index.php\/wp-json\/wp\/v2\/pages\/381\/revisions"}],"up":[{"embeddable":true,"href":"https:\/\/citu-paragraphe.fr\/index.php\/wp-json\/wp\/v2\/pages\/29"}],"wp:attachment":[{"href":"https:\/\/citu-paragraphe.fr\/index.php\/wp-json\/wp\/v2\/media?parent=381"}],"curies":[{"name":"wp","href":"https:\/\/api.w.org\/{rel}","templated":true}]}}