{"id":4393,"date":"2023-03-15T14:41:29","date_gmt":"2023-03-15T13:41:29","guid":{"rendered":"https:\/\/citu-paragraphe.fr\/?page_id=4393"},"modified":"2023-03-15T14:41:30","modified_gmt":"2023-03-15T13:41:30","slug":"nos-publications","status":"publish","type":"page","link":"https:\/\/citu-paragraphe.fr\/index.php\/nos-publications\/","title":{"rendered":"Nos publications"},"content":{"rendered":"","protected":false},"excerpt":{"rendered":"","protected":false},"author":7,"featured_media":0,"parent":0,"menu_order":0,"comment_status":"closed","ping_status":"closed","template":"","meta":[],"jetpack-related-posts":[{"id":189,"url":"https:\/\/citu-paragraphe.fr\/index.php\/membres\/imad-saleh\/","url_meta":{"origin":4393,"position":0},"title":"Imad Saleh","author":"Pierre Ch\u00e2tel-Innocenti","date":"27 novembre 2015","format":false,"excerpt":"Profil Enseignements et responsabilit\u00e9s administratives Publications","rel":"","context":"Article similaire","block_context":{"text":"Article similaire","link":""},"img":{"alt_text":"","src":"","width":0,"height":0},"classes":[]},{"id":3507,"url":"https:\/\/citu-paragraphe.fr\/index.php\/membres\/shumin-liang\/","url_meta":{"origin":4393,"position":1},"title":"Shumin Liang","author":"Luis Torres Yepez","date":"24 novembre 2020","format":false,"excerpt":"Profil Enseignements et responsabilit\u00e9s administratives Publications","rel":"","context":"Article similaire","block_context":{"text":"Article similaire","link":""},"img":{"alt_text":"","src":"","width":0,"height":0},"classes":[]},{"id":3510,"url":"https:\/\/citu-paragraphe.fr\/index.php\/membres\/manon-micaletti\/","url_meta":{"origin":4393,"position":2},"title":"Manon Micaletti","author":"Luis Torres Yepez","date":"24 novembre 2020","format":false,"excerpt":"Profil Enseignements et responsabilit\u00e9s administratives Publications","rel":"","context":"Article similaire","block_context":{"text":"Article similaire","link":""},"img":{"alt_text":"","src":"","width":0,"height":0},"classes":[]},{"id":3512,"url":"https:\/\/citu-paragraphe.fr\/index.php\/membres\/sabrina-mazigh\/","url_meta":{"origin":4393,"position":3},"title":"Sabrina Mazigh","author":"Luis Torres Yepez","date":"24 novembre 2020","format":false,"excerpt":"Profil Enseignements et responsabilit\u00e9s administratives Publications","rel":"","context":"Article similaire","block_context":{"text":"Article similaire","link":""},"img":{"alt_text":"","src":"","width":0,"height":0},"classes":[]},{"id":3516,"url":"https:\/\/citu-paragraphe.fr\/index.php\/membres\/stanislav-kuraki\/","url_meta":{"origin":4393,"position":4},"title":"Stanislav Kuraki","author":"Luis Torres Yepez","date":"24 novembre 2020","format":false,"excerpt":"Profil Enseignements et responsabilit\u00e9s administratives Publications","rel":"","context":"Article similaire","block_context":{"text":"Article similaire","link":""},"img":{"alt_text":"","src":"","width":0,"height":0},"classes":[]},{"id":3514,"url":"https:\/\/citu-paragraphe.fr\/index.php\/membres\/alyse-yilmaz\/","url_meta":{"origin":4393,"position":5},"title":"Alyse Yilmaz","author":"Alyse Yilmaz","date":"24 novembre 2020","format":false,"excerpt":"Alyse Yilmaz Doctorante contractuelle Actuellement doctorante en sciences humaines et sociales, Alyse Yilmaz se sp\u00e9cialise dans l'\u00e9tude des dynamiques d'appropriation des technologies. Son travail s'appuie sur une m\u00e9thodologie mixte, alliant des approches quantitatives et qualitatives pour une analyse exhaustive. Elle est affili\u00e9e au laboratoire Paragraphe, une collaboration entre l'Universit\u00e9 Paris\u2026","rel":"","context":"Article similaire","block_context":{"text":"Article similaire","link":""},"img":{"alt_text":"","src":"","width":0,"height":0},"classes":[]}],"_links":{"self":[{"href":"https:\/\/citu-paragraphe.fr\/index.php\/wp-json\/wp\/v2\/pages\/4393"}],"collection":[{"href":"https:\/\/citu-paragraphe.fr\/index.php\/wp-json\/wp\/v2\/pages"}],"about":[{"href":"https:\/\/citu-paragraphe.fr\/index.php\/wp-json\/wp\/v2\/types\/page"}],"author":[{"embeddable":true,"href":"https:\/\/citu-paragraphe.fr\/index.php\/wp-json\/wp\/v2\/users\/7"}],"replies":[{"embeddable":true,"href":"https:\/\/citu-paragraphe.fr\/index.php\/wp-json\/wp\/v2\/comments?post=4393"}],"version-history":[{"count":2,"href":"https:\/\/citu-paragraphe.fr\/index.php\/wp-json\/wp\/v2\/pages\/4393\/revisions"}],"predecessor-version":[{"id":4395,"href":"https:\/\/citu-paragraphe.fr\/index.php\/wp-json\/wp\/v2\/pages\/4393\/revisions\/4395"}],"wp:attachment":[{"href":"https:\/\/citu-paragraphe.fr\/index.php\/wp-json\/wp\/v2\/media?parent=4393"}],"curies":[{"name":"wp","href":"https:\/\/api.w.org\/{rel}","templated":true}]}}