{"id":532,"date":"2015-12-18T10:12:29","date_gmt":"2015-12-18T09:12:29","guid":{"rendered":"http:\/\/citu-paragraphe.fr\/?page_id=532"},"modified":"2016-02-12T11:25:20","modified_gmt":"2016-02-12T10:25:20","slug":"cide","status":"publish","type":"page","link":"https:\/\/citu-paragraphe.fr\/index.php\/colloques\/cide\/","title":{"rendered":"CIDE"},"content":{"rendered":"<h1>CIDE &#8211; Colloque International sur le Document Num\u00e9rique<\/h1>\n<p><strong>Site web d\u00e9di\u00e9:\u00a0<\/strong><a href=\"http:\/\/cide18.europia.org\/\">cide18.europia.org<\/a><\/p>\n<p>Depuis 1998, CIDE propose un cycle de manifestations scientifiques sur le th\u00e8me du document \u00e9lectronique, avec pour objectif de confronter les points de vue des diff\u00e9rentes disciplines concern\u00e9es par sa conception et ses usages et de diffuser les derniers r\u00e9sultats de la recherche acad\u00e9mique et industrielle. Les caract\u00e9ristiques apparemment tr\u00e8s diverses des documents \u00e9lectroniques qui circulent sur le web et dans les institutions t\u00e9moignent de la diversit\u00e9 des activit\u00e9s intellectuelles dont ils sont \u00e0 la fois la r\u00e9sultante et le support. Mais derri\u00e8re cette diversit\u00e9 apparente, les colloques CIDE visent \u00e0 d\u00e9gager un certain nombre d\u2019invariant qui caract\u00e9risent les supports documentaires, les formes d\u2019expression, les pratiques de communication, \u2026<\/p>\n<h1>Derni\u00e8re \u00e9dition<\/h1>\n<h2><a href=\"http:\/\/europia.org\/edition\/livres\/doc\/Cide18.htm\">CiDE.18<\/a> &#8211; Documents et dispositifs \u00e0 l&#8217;\u00e8re post-num\u00e9rique<\/h2>\n<p>Organis\u00e9 les 18 et 20 novembre 2015, Universit\u00e9 Paul-Val\u00e9ry, Montpellier, France<br \/>\n<a href=\"http:\/\/europia.org\/edition\/livres\/doc\/Cide18.htm\" rel=\"attachment wp-att-802\"><img decoding=\"async\" loading=\"lazy\" class=\"alignleft wp-image-802\" src=\"https:\/\/i0.wp.com\/citu-paragraphe.fr\/wp-content\/uploads\/2015\/12\/couvCiDE18.jpg?resize=285%2C428\" alt=\"couvCiDE18\" width=\"285\" height=\"428\" srcset=\"https:\/\/i0.wp.com\/citu-paragraphe.fr\/wp-content\/uploads\/2015\/12\/couvCiDE18.jpg?w=628&amp;ssl=1 628w, https:\/\/i0.wp.com\/citu-paragraphe.fr\/wp-content\/uploads\/2015\/12\/couvCiDE18.jpg?resize=200%2C300&amp;ssl=1 200w\" sizes=\"(max-width: 285px) 100vw, 285px\" data-recalc-dims=\"1\" \/><\/a><\/p>\n<p>La 18\u00e8me \u00e9dition du Colloque International sur le Document Electronique porte sur les documents et dispositifs informationnels \u00e0 l\u2019\u00e8re post-num\u00e9rique.<\/p>\n<p>Le document, en tant qu\u2019objet d\u2019\u00e9tude, a connu des acceptions diff\u00e9rentes suivant les \u00e9poques, les disciplines et les approches th\u00e9oriques revendiqu\u00e9es. Actuellement, il s\u2019inscrit pleinement dans les dispositifs informationnels et le terme \u00ab post-num\u00e9rique \u00bb permet de r\u00e9interroger les concepts fondateurs et les probl\u00e9matiques socio-techniques, \u00e9conomiques et s\u00e9miotiques qui s\u2019y rapportent.<\/p>\n<p>Cette 18\u00e8me \u00e9dition du colloque sera donc l\u2019occasion de discuter la question des documents et dispositifs informationnels post-num\u00e9riques \u00e0 l\u2019aune de r\u00e9flexions th\u00e9oriques, de revues de litt\u00e9rature, d\u2019\u00e9tudes de cas, de bilans de projets applicatifs ou exp\u00e9rimentaux en lien avec :<\/p>\n<ul>\n<li>Les mutations qui accompagnent le d\u00e9veloppement du num\u00e9rique, leurs espoirs et leurs nouveaux mythes ;<\/li>\n<li>Les usages et pratiques des acteurs concern\u00e9s par les documents et dispositifs informationnels, qu\u2019ils soient auteurs, lecteurs, m\u00e9diateurs ;<\/li>\n<li>Les formes de m\u00e9diation et le r\u00f4le des institutions de transmission ;<\/li>\n<li>Les enjeux \u00e9conomiques et politiques de l\u2019\u00e9conomie du document num\u00e9rique ;<\/li>\n<li>L\u2019\u00e9volution des supports et des techniques en lien avec les usages ;<\/li>\n<li>Les mutations et les contours de l\u2019objet document,<\/li>\n<li>Les modalit\u00e9s de traitement des documents pour organiser, g\u00e9rer et repr\u00e9senter les connaissances.<\/li>\n<\/ul>\n<p>L\u2019\u00e9dition 2015 de CIDE souhaite, \u00e0 travers une r\u00e9flexion collective et transverse de diff\u00e9rents acteurs du document \u00e9lectronique, r\u00e9v\u00e9ler les patterns stables ou \u00e9mergeants du post-num\u00e9rique quelque soit la ou les dimensions \u00e9tudi\u00e9es : historique, \u00e9conomique, s\u00e9miotique, technique, sociale, ou encore culturelle.<\/p>\n<h1>Pr\u00e9c\u00e9dentes \u00e9ditions<\/h1>\n<h2><a href=\"http:\/\/europia.org\/edition\/livres\/doc\/Cide17.htm\">CiDE.17<\/a> &#8211; Livre post-num\u00e9rique : historique, mutations et perspectives<\/h2>\n<p>Organis\u00e9 les 19 et 20 Novembre 2014 \u2013 F\u00e8s, Maroc<\/p>\n<p><a href=\"http:\/\/europia.org\/edition\/livres\/doc\/Cide17.htm\" rel=\"attachment wp-att-799\"><img decoding=\"async\" loading=\"lazy\" class=\"alignleft wp-image-799\" src=\"https:\/\/i0.wp.com\/citu-paragraphe.fr\/wp-content\/uploads\/2015\/12\/couvCiDE17.jpg?resize=288%2C431\" alt=\"couvCiDE17\" width=\"288\" height=\"431\" srcset=\"https:\/\/i0.wp.com\/citu-paragraphe.fr\/wp-content\/uploads\/2015\/12\/couvCiDE17.jpg?w=1890&amp;ssl=1 1890w, https:\/\/i0.wp.com\/citu-paragraphe.fr\/wp-content\/uploads\/2015\/12\/couvCiDE17.jpg?resize=200%2C300&amp;ssl=1 200w, https:\/\/i0.wp.com\/citu-paragraphe.fr\/wp-content\/uploads\/2015\/12\/couvCiDE17.jpg?resize=768%2C1152&amp;ssl=1 768w, https:\/\/i0.wp.com\/citu-paragraphe.fr\/wp-content\/uploads\/2015\/12\/couvCiDE17.jpg?resize=683%2C1024&amp;ssl=1 683w, https:\/\/i0.wp.com\/citu-paragraphe.fr\/wp-content\/uploads\/2015\/12\/couvCiDE17.jpg?w=1240&amp;ssl=1 1240w\" sizes=\"(max-width: 288px) 100vw, 288px\" data-recalc-dims=\"1\" \/><\/a>Aujourd\u2019hui, il est d\u2019usage de parler et de pratiquer la lecture et l\u2019\u00e9criture sur des ouvrages d\u00e9mat\u00e9rialis\u00e9s, augment\u00e9s, enrichis, contextualis\u00e9s, interactifs, hybrides, crossm\u00e9diatis\u00e9s, etc.\u00a0CiDE.17 prend acte de ce constat pour revoir des questionnements fondamentaux tels que :<\/p>\n<ul>\n<li>L\u2019objet livre se d\u00e9tache-t-il radicalement de son support papier ?<\/li>\n<li>Les pratiques traditionnelles de lecture et d\u2019\u00e9criture laissent\u2013elles la place \u00e0 des nouvelles exp\u00e9riences de consultation ?<\/li>\n<li>Les interfaces font elles \u00e9voluer, limiter, r\u00e9volutionner, \u2026 la construction s\u00e9mantique de l\u2019information ?<\/li>\n<\/ul>\n<p>CiDE.17 se voudrait ainsi reposer la probl\u00e9matique de l\u2019objet livre \u00e0 l\u2019\u00e8re du num\u00e9rique. Le colloque est\u00a0organis\u00e9 suivant trois axes :<\/p>\n<ul>\n<li>Le 1er axe th\u00e9orique abordera les principales mutations des pratiques et les nouvelles exp\u00e9riences de lecture et d\u2019\u00e9criture (dans toutes leurs formes)<\/li>\n<li>Le 2\u00e8me axe portera sur l\u2019\u00e9volution des supports, dispositifs de consultation et sur leurs interfaces<\/li>\n<li>Le 3\u00e8me axe proposera des applications innovantes pouvant \u00eatre pr\u00e9sent\u00e9es par des artistes, des \u00e9crivains, des chercheurs, \u2026<\/li>\n<\/ul>\n<h2><a href=\"http:\/\/europia.org\/edition\/livres\/doc\/Cide16.htm\">CiDE.16<\/a> \u2013 Dispositifs num\u00e9riques : contenus, interactivit\u00e9 et visualisation<\/h2>\n<p>Organis\u00e9 les 21 et 22 novembre 2013 \u00e0 la Maison de la Recherche \u00e0 Lille<\/p>\n<p><a href=\"http:\/\/europia.org\/edition\/livres\/doc\/Cide16.htm\" rel=\"attachment wp-att-796\"><img decoding=\"async\" loading=\"lazy\" class=\"alignleft wp-image-796\" src=\"https:\/\/i0.wp.com\/citu-paragraphe.fr\/wp-content\/uploads\/2015\/12\/CouvCIDE16.jpg?resize=273%2C409\" alt=\"CouvCIDE16\" width=\"273\" height=\"409\" srcset=\"https:\/\/i0.wp.com\/citu-paragraphe.fr\/wp-content\/uploads\/2015\/12\/CouvCIDE16.jpg?w=630&amp;ssl=1 630w, https:\/\/i0.wp.com\/citu-paragraphe.fr\/wp-content\/uploads\/2015\/12\/CouvCIDE16.jpg?resize=200%2C300&amp;ssl=1 200w\" sizes=\"(max-width: 273px) 100vw, 273px\" data-recalc-dims=\"1\" \/><\/a>Poursuivant ses travaux entam\u00e9s depuis 15 ans sur les mutations du document \u00e9lectronique, l\u2019\u00e9dition 2013 du Colloque International sur le Document \u00c9lectronique portera sur les questions de production et de r\u00e9ception des documents visuels interactifs. Ces documents, impl\u00e9ment\u00e9s dans des dispositifs tels que les livres num\u00e9riques interactifs, les serious games, les jeux vid\u00e9os, les tablettes tactiles interactives, les outils de visualisation de l\u2019information et de cartographie dynamique\u2026, ont en commun de permettre l\u2019acc\u00e8s \u00e0 diff\u00e9rents types d\u2019informations, scientifiques, culturelles, p\u00e9dagogiques, ludiques, etc.<\/p>\n<h2><a href=\"http:\/\/europia.org\/edition\/livres\/doc\/Cide15.htm\">CiDE.15<\/a> \u2013 M\u00e9tiers de l\u2019information, des biblioth\u00e8ques et des archives \u00e0 l\u2019\u00e8re de la diff\u00e9rentiation num\u00e9rique<\/h2>\n<p>Organis\u00e9 les 1,2,3 Novembre 2012 \u2013 Tunis, Tunisie<\/p>\n<p><a href=\"http:\/\/europia.org\/edition\/livres\/doc\/Cide15.htm\" rel=\"attachment wp-att-797\"><img decoding=\"async\" loading=\"lazy\" class=\"alignleft wp-image-797\" src=\"https:\/\/i0.wp.com\/citu-paragraphe.fr\/wp-content\/uploads\/2015\/12\/CouvCIDE15.jpg?resize=254%2C381\" alt=\"CouvCIDE15\" width=\"254\" height=\"381\" srcset=\"https:\/\/i0.wp.com\/citu-paragraphe.fr\/wp-content\/uploads\/2015\/12\/CouvCIDE15.jpg?w=630&amp;ssl=1 630w, https:\/\/i0.wp.com\/citu-paragraphe.fr\/wp-content\/uploads\/2015\/12\/CouvCIDE15.jpg?resize=200%2C300&amp;ssl=1 200w\" sizes=\"(max-width: 254px) 100vw, 254px\" data-recalc-dims=\"1\" \/><\/a>CiDE.15 s\u2019est fix\u00e9 pour objectif de valoriser les recherches sur les m\u00e9tiers de l\u2019information \u00e0 l\u2019\u00e8re du num\u00e9rique et plus particuli\u00e8rement ceux du web et des technologies qui s\u2019imposent dans tous les services offerts par les centres d\u2019information : num\u00e9risation, gestion du cycle de vie des documents, p\u00e9rennit\u00e9 des documents num\u00e9riques, m\u00e9tadonn\u00e9es, indexation sociale (folksonomies et ontologies), wikis (web inscriptible), diffusion s\u00e9lective de l\u2019information (flux RSS et Atom), r\u00e9seaux sociaux, blogs, Etc. Ainsi, plusieurs d\u00e9fis se dressant sur le chemin des m\u00e9tiers de l\u2019information peuvent \u00eatre identifi\u00e9s :<\/p>\n<ul>\n<li>Des d\u00e9fis financiers li\u00e9s \u00e0 l\u2019investissement dans les technologies et leur mise en place ;<\/li>\n<li>Des d\u00e9fis professionnels li\u00e9s \u00e0 la formation et \u00e0 la ma\u00eetrise des applications technologiques capables d\u2019offrir des services innovants dans les biblioth\u00e8ques et centres d\u2019information<\/li>\n<\/ul>\n","protected":false},"excerpt":{"rendered":"<p>CIDE &#8211; Colloque International sur le Document Num\u00e9rique Site web d\u00e9di\u00e9:\u00a0cide18.europia.org Depuis 1998, CIDE propose un cycle de manifestations scientifiques sur le th\u00e8me du document \u00e9lectronique, avec pour objectif de confronter les points de vue des diff\u00e9rentes disciplines concern\u00e9es par sa conception et ses usages et de diffuser les derniers r\u00e9sultats de la recherche acad\u00e9mique &hellip;<\/p>\n","protected":false},"author":1,"featured_media":0,"parent":78,"menu_order":0,"comment_status":"closed","ping_status":"closed","template":"","meta":[],"jetpack-related-posts":[{"id":17,"url":"https:\/\/citu-paragraphe.fr\/index.php\/membres\/khaldoun-zreik\/","url_meta":{"origin":532,"position":0},"title":"Khaldoun Zreik","author":"Pierre Ch\u00e2tel-Innocenti","date":"13 novembre 2015","format":false,"excerpt":"\u00a0 \u00a0Khaldoun ZREIK Professeur en Sciences de l'Information et d la Communication, Universit\u00e9 Paris 8 Directeur du D\u00e9partement Hyperm\u00e9dia (UFR MITSIC), Universit\u00e9 Paris 8 Responsable scientifique du\u00a0Groupe de recherche CITU- Paragraphe (Cybermedia, Interactions, Transdisciplinarit\u00e9 & Ubiquitous), Laboratoire Paragraphe, University of Paris 8 Co-directeur du\u00a0Master NET (Num\u00e9rique : Enjeux et Technologies):,\u2026","rel":"","context":"Article similaire","block_context":{"text":"Article similaire","link":""},"img":{"alt_text":"","src":"","width":0,"height":0},"classes":[]},{"id":90,"url":"https:\/\/citu-paragraphe.fr\/index.php\/accueil-test\/","url_meta":{"origin":532,"position":1},"title":"A propos","author":"Pierre Ch\u00e2tel-Innocenti","date":"25 novembre 2015","format":false,"excerpt":"Qui sommes nous","rel":"","context":"Article similaire","block_context":{"text":"Article similaire","link":""},"img":{"alt_text":"","src":"","width":0,"height":0},"classes":[]},{"id":577,"url":"https:\/\/citu-paragraphe.fr\/index.php\/formation\/ateliers\/atelier-conception-collaborative-ergonomique\/","url_meta":{"origin":532,"position":2},"title":"Atelier Conception Collaborative Ergonomique","author":"Pierre Ch\u00e2tel-Innocenti","date":"18 janvier 2016","format":false,"excerpt":"Atelier M2 NET\/Ergo - \u201cConception Collaborative Ergonomique\u201d Responsables de l\u2019atelier-laboratoire : Viviane Folcher et Khaldoun Zreik Sujet : Conception de projets ergonomiques en \u00e9quipes pluridisciplinaires Ann\u00e9e Sujet\u00a0de l'atelier 2011-2012 Re-conception d'un outil de diagnostic du b\u00e2ti pour l'Office Public de l'Habitat de la ville du Havre 2012-2013 Conception en zone\u2026","rel":"","context":"Article similaire","block_context":{"text":"Article similaire","link":""},"img":{"alt_text":"_Pre\u00cc\u0081sentation_Gallicasphe\u00cc\u0080re_","src":"https:\/\/i0.wp.com\/citu-paragraphe.fr\/wp-content\/uploads\/2016\/01\/Pre\u00cc\u0081sentation_Gallicasphe\u00cc\u0080re_-1024x615.png?resize=350%2C200","width":350,"height":200,"srcset":"https:\/\/i0.wp.com\/citu-paragraphe.fr\/wp-content\/uploads\/2016\/01\/Pre\u00cc\u0081sentation_Gallicasphe\u00cc\u0080re_-1024x615.png?resize=350%2C200 1x, https:\/\/i0.wp.com\/citu-paragraphe.fr\/wp-content\/uploads\/2016\/01\/Pre\u00cc\u0081sentation_Gallicasphe\u00cc\u0080re_-1024x615.png?resize=525%2C300 1.5x"},"classes":[]},{"id":78,"url":"https:\/\/citu-paragraphe.fr\/index.php\/colloques\/","url_meta":{"origin":532,"position":3},"title":"Colloques","author":"Pierre Ch\u00e2tel-Innocenti","date":"23 novembre 2015","format":false,"excerpt":"Colloques organis\u00e9s en 2016 01Design CAC Call for papers Important dates CIDE EIA, Fronti\u00e8res Num\u00e9riques, H2PTM, HyperHeritage, HyperUrbain, ICHSL","rel":"","context":"Article similaire","block_context":{"text":"Article similaire","link":""},"img":{"alt_text":"","src":"","width":0,"height":0},"classes":[]},{"id":2820,"url":"https:\/\/citu-paragraphe.fr\/index.php\/projets\/patrimoine-immateriel\/","url_meta":{"origin":532,"position":4},"title":"Patrimoine Immat\u00e9riel \u00e0 l&#8217;\u00e8re num\u00e9rique","author":"Luis Torres Yepez","date":"11 juin 2019","format":false,"excerpt":"Patrimoine Immat\u00e9riel \u00e0 l'\u00e8re num\u00e9rique En 2003, l'UNESCO adopte une Convention portant sur le sauvegarde du patrimoine culturel immat\u00e9riel (PCI) d\u00e9fini comme \"les pratiques, repr\u00e9sentations, expressions, connaissances et savoir-faire - ainsi que les instruments, objets, artefacts et espaces culturels qui leur sont associ\u00e9s - que les communaut\u00e9s, les groupes et,\u2026","rel":"","context":"Article similaire","block_context":{"text":"Article similaire","link":""},"img":{"alt_text":"Biopiraterie- Youtube","src":"https:\/\/i0.wp.com\/live.staticflickr.com\/65535\/48044744397_a49cab51a6_b.jpg?resize=350%2C200&ssl=1","width":350,"height":200,"srcset":"https:\/\/i0.wp.com\/live.staticflickr.com\/65535\/48044744397_a49cab51a6_b.jpg?resize=350%2C200&ssl=1 1x, https:\/\/i0.wp.com\/live.staticflickr.com\/65535\/48044744397_a49cab51a6_b.jpg?resize=525%2C300&ssl=1 1.5x, https:\/\/i0.wp.com\/live.staticflickr.com\/65535\/48044744397_a49cab51a6_b.jpg?resize=700%2C400&ssl=1 2x"},"classes":[]},{"id":25,"url":"https:\/\/citu-paragraphe.fr\/index.php\/recherche\/","url_meta":{"origin":532,"position":5},"title":"Axes de recherche","author":"Pierre Ch\u00e2tel-Innocenti","date":"13 novembre 2015","format":false,"excerpt":"Nos axes de recherche Chaque n\u0153ud de cet arbre est un axe de recherche de l'\u00e9quipe; de mani\u00e8re \u00e0 repr\u00e9senter l'axe principal (la Conception d'Information Hypermedia) \u00e0 la racine de l'arbre et les sous-axes - transversaux puis\u00a0centraux - qui en d\u00e9coulent, ainsi que leurs d\u00e9pendances. Pour obtenir plus d'information sur\u2026","rel":"","context":"Article similaire","block_context":{"text":"Article similaire","link":""},"img":{"alt_text":"","src":"","width":0,"height":0},"classes":[]}],"_links":{"self":[{"href":"https:\/\/citu-paragraphe.fr\/index.php\/wp-json\/wp\/v2\/pages\/532"}],"collection":[{"href":"https:\/\/citu-paragraphe.fr\/index.php\/wp-json\/wp\/v2\/pages"}],"about":[{"href":"https:\/\/citu-paragraphe.fr\/index.php\/wp-json\/wp\/v2\/types\/page"}],"author":[{"embeddable":true,"href":"https:\/\/citu-paragraphe.fr\/index.php\/wp-json\/wp\/v2\/users\/1"}],"replies":[{"embeddable":true,"href":"https:\/\/citu-paragraphe.fr\/index.php\/wp-json\/wp\/v2\/comments?post=532"}],"version-history":[{"count":0,"href":"https:\/\/citu-paragraphe.fr\/index.php\/wp-json\/wp\/v2\/pages\/532\/revisions"}],"up":[{"embeddable":true,"href":"https:\/\/citu-paragraphe.fr\/index.php\/wp-json\/wp\/v2\/pages\/78"}],"wp:attachment":[{"href":"https:\/\/citu-paragraphe.fr\/index.php\/wp-json\/wp\/v2\/media?parent=532"}],"curies":[{"name":"wp","href":"https:\/\/api.w.org\/{rel}","templated":true}]}}