{"id":536,"date":"2015-12-18T10:13:07","date_gmt":"2015-12-18T09:13:07","guid":{"rendered":"http:\/\/citu-paragraphe.fr\/?page_id=536"},"modified":"2015-12-18T10:13:07","modified_gmt":"2015-12-18T09:13:07","slug":"frontieres-numeriques","status":"publish","type":"page","link":"https:\/\/citu-paragraphe.fr\/index.php\/colloques\/frontieres-numeriques\/","title":{"rendered":"Fronti\u00e8res Num\u00e9riques"},"content":{"rendered":"","protected":false},"excerpt":{"rendered":"","protected":false},"author":1,"featured_media":0,"parent":78,"menu_order":0,"comment_status":"closed","ping_status":"closed","template":"","meta":[],"jetpack-related-posts":[{"id":78,"url":"https:\/\/citu-paragraphe.fr\/index.php\/colloques\/","url_meta":{"origin":536,"position":0},"title":"Colloques","author":"Pierre Ch\u00e2tel-Innocenti","date":"23 novembre 2015","format":false,"excerpt":"Colloques organis\u00e9s en 2016 01Design CAC Call for papers Important dates CIDE EIA, Fronti\u00e8res Num\u00e9riques, H2PTM, HyperHeritage, HyperUrbain, ICHSL","rel":"","context":"Article similaire","block_context":{"text":"Article similaire","link":""},"img":{"alt_text":"","src":"","width":0,"height":0},"classes":[]},{"id":3514,"url":"https:\/\/citu-paragraphe.fr\/index.php\/membres\/alyse-yilmaz\/","url_meta":{"origin":536,"position":1},"title":"Alyse Yilmaz","author":"Alyse Yilmaz","date":"24 novembre 2020","format":false,"excerpt":"Alyse Yilmaz Doctorante contractuelle Actuellement doctorante en sciences humaines et sociales, Alyse Yilmaz se sp\u00e9cialise dans l'\u00e9tude des dynamiques d'appropriation des technologies. Son travail s'appuie sur une m\u00e9thodologie mixte, alliant des approches quantitatives et qualitatives pour une analyse exhaustive. Elle est affili\u00e9e au laboratoire Paragraphe, une collaboration entre l'Universit\u00e9 Paris\u2026","rel":"","context":"Article similaire","block_context":{"text":"Article similaire","link":""},"img":{"alt_text":"","src":"","width":0,"height":0},"classes":[]},{"id":90,"url":"https:\/\/citu-paragraphe.fr\/index.php\/accueil-test\/","url_meta":{"origin":536,"position":2},"title":"A propos","author":"Pierre Ch\u00e2tel-Innocenti","date":"25 novembre 2015","format":false,"excerpt":"Qui sommes nous","rel":"","context":"Article similaire","block_context":{"text":"Article similaire","link":""},"img":{"alt_text":"","src":"","width":0,"height":0},"classes":[]},{"id":2129,"url":"https:\/\/citu-paragraphe.fr\/index.php\/membres\/luis-torres-yepez\/","url_meta":{"origin":536,"position":3},"title":"Luis Torres-Yepez","author":"Luis Torres Yepez","date":"21 janvier 2019","format":false,"excerpt":"Luis Torres-Yepez Chercheur Associ\u00e9 Laboratoire Paragraphe FORMATION 2017 \u2013 2024. Doctorat en Sciences de l\u2019information et de la communication. Laboratoire CiTu \u2013 Paragraphe, Universit\u00e9 Paris 8 Vincennes - St. Denis, France. Th\u00e8se\u00a0: \u00ab\u00a0\u00c9tude de l\u2019appropriation du patrimoine culturel immat\u00e9riel gr\u00e2ce aux m\u00e9thodes num\u00e9riques. Visualisation et cartographie de la biopiraterie des\u2026","rel":"","context":"Article similaire","block_context":{"text":"Article similaire","link":""},"img":{"alt_text":"","src":"https:\/\/i0.wp.com\/img.youtube.com\/vi\/bobDY0AaTtg\/0.jpg?resize=350%2C200","width":350,"height":200},"classes":[]},{"id":191,"url":"https:\/\/citu-paragraphe.fr\/index.php\/membres\/guillaume-besacier\/","url_meta":{"origin":536,"position":4},"title":"Guillaume Besacier","author":"Pierre Ch\u00e2tel-Innocenti","date":"27 novembre 2015","format":false,"excerpt":"Guillaume Besacier Ma\u00eetre de conf\u00e9rence \/ Associate Professor Guillaume Besacier is an Associate Professor in Computer Science at Universit\u00e9 Paris 8, in the Digital Humanities department and the Citu-Paragraphe research team. His research themes are broadly defined by how new digital devices and new interaction techniques can change the way\u2026","rel":"","context":"Article similaire","block_context":{"text":"Article similaire","link":""},"img":{"alt_text":"","src":"","width":0,"height":0},"classes":[]},{"id":185,"url":"https:\/\/citu-paragraphe.fr\/index.php\/membres\/nasreddine-bouhai\/","url_meta":{"origin":536,"position":5},"title":"Nasreddine Bouhai","author":"Pierre Ch\u00e2tel-Innocenti","date":"27 novembre 2015","format":false,"excerpt":"est ma\u00eetre de conf\u00e9rence en informatique en Sciences de l'information et de la communication, \u00e0 l'Universit\u00e9 Paris 8, d\u00e9partement Humanit\u00e9s num\u00e9riques , Axe de recherche Citu-Paragraphe du laboratoire Paragraphe.","rel":"","context":"Article similaire","block_context":{"text":"Article similaire","link":""},"img":{"alt_text":"","src":"","width":0,"height":0},"classes":[]}],"_links":{"self":[{"href":"https:\/\/citu-paragraphe.fr\/index.php\/wp-json\/wp\/v2\/pages\/536"}],"collection":[{"href":"https:\/\/citu-paragraphe.fr\/index.php\/wp-json\/wp\/v2\/pages"}],"about":[{"href":"https:\/\/citu-paragraphe.fr\/index.php\/wp-json\/wp\/v2\/types\/page"}],"author":[{"embeddable":true,"href":"https:\/\/citu-paragraphe.fr\/index.php\/wp-json\/wp\/v2\/users\/1"}],"replies":[{"embeddable":true,"href":"https:\/\/citu-paragraphe.fr\/index.php\/wp-json\/wp\/v2\/comments?post=536"}],"version-history":[{"count":0,"href":"https:\/\/citu-paragraphe.fr\/index.php\/wp-json\/wp\/v2\/pages\/536\/revisions"}],"up":[{"embeddable":true,"href":"https:\/\/citu-paragraphe.fr\/index.php\/wp-json\/wp\/v2\/pages\/78"}],"wp:attachment":[{"href":"https:\/\/citu-paragraphe.fr\/index.php\/wp-json\/wp\/v2\/media?parent=536"}],"curies":[{"name":"wp","href":"https:\/\/api.w.org\/{rel}","templated":true}]}}