{"id":538,"date":"2015-12-18T10:13:25","date_gmt":"2015-12-18T09:13:25","guid":{"rendered":"http:\/\/citu-paragraphe.fr\/?page_id=538"},"modified":"2015-12-18T10:13:32","modified_gmt":"2015-12-18T09:13:32","slug":"h2ptm","status":"publish","type":"page","link":"https:\/\/citu-paragraphe.fr\/index.php\/colloques\/h2ptm\/","title":{"rendered":"H2PTM"},"content":{"rendered":"","protected":false},"excerpt":{"rendered":"","protected":false},"author":1,"featured_media":0,"parent":78,"menu_order":0,"comment_status":"closed","ping_status":"closed","template":"","meta":[],"jetpack-related-posts":[{"id":78,"url":"https:\/\/citu-paragraphe.fr\/index.php\/colloques\/","url_meta":{"origin":538,"position":0},"title":"Colloques","author":"Pierre Ch\u00e2tel-Innocenti","date":"23 novembre 2015","format":false,"excerpt":"Colloques organis\u00e9s en 2016 01Design CAC Call for papers Important dates CIDE EIA, Fronti\u00e8res Num\u00e9riques, H2PTM, HyperHeritage, HyperUrbain, ICHSL","rel":"","context":"Article similaire","block_context":{"text":"Article similaire","link":""},"img":{"alt_text":"","src":"","width":0,"height":0},"classes":[]},{"id":90,"url":"https:\/\/citu-paragraphe.fr\/index.php\/accueil-test\/","url_meta":{"origin":538,"position":1},"title":"A propos","author":"Pierre Ch\u00e2tel-Innocenti","date":"25 novembre 2015","format":false,"excerpt":"Qui sommes nous","rel":"","context":"Article similaire","block_context":{"text":"Article similaire","link":""},"img":{"alt_text":"","src":"","width":0,"height":0},"classes":[]}],"_links":{"self":[{"href":"https:\/\/citu-paragraphe.fr\/index.php\/wp-json\/wp\/v2\/pages\/538"}],"collection":[{"href":"https:\/\/citu-paragraphe.fr\/index.php\/wp-json\/wp\/v2\/pages"}],"about":[{"href":"https:\/\/citu-paragraphe.fr\/index.php\/wp-json\/wp\/v2\/types\/page"}],"author":[{"embeddable":true,"href":"https:\/\/citu-paragraphe.fr\/index.php\/wp-json\/wp\/v2\/users\/1"}],"replies":[{"embeddable":true,"href":"https:\/\/citu-paragraphe.fr\/index.php\/wp-json\/wp\/v2\/comments?post=538"}],"version-history":[{"count":0,"href":"https:\/\/citu-paragraphe.fr\/index.php\/wp-json\/wp\/v2\/pages\/538\/revisions"}],"up":[{"embeddable":true,"href":"https:\/\/citu-paragraphe.fr\/index.php\/wp-json\/wp\/v2\/pages\/78"}],"wp:attachment":[{"href":"https:\/\/citu-paragraphe.fr\/index.php\/wp-json\/wp\/v2\/media?parent=538"}],"curies":[{"name":"wp","href":"https:\/\/api.w.org\/{rel}","templated":true}]}}