{"id":540,"date":"2015-12-18T10:13:57","date_gmt":"2015-12-18T09:13:57","guid":{"rendered":"http:\/\/citu-paragraphe.fr\/?page_id=540"},"modified":"2019-04-16T11:21:13","modified_gmt":"2019-04-16T10:21:13","slug":"his","status":"publish","type":"page","link":"https:\/\/citu-paragraphe.fr\/index.php\/colloques\/his\/","title":{"rendered":"HIS"},"content":{"rendered":"<h1>HIS6 &#8211; Hyperheritage International Seminar<\/h1>\n<p><strong class=\"TitreHIS2\"><span class=\"update\"><span class=\"TitreHIS\">La fabrique du patrimoine \u00e0 l&#8217;\u00e8re num\u00e9rique<\/span><\/span><\/strong><span lang=\"EN-US\" xml:lang=\"EN-US\"><br \/>\n<\/span><strong class=\"TitreHIS2\"><span class=\"TitreHIS1\"><span class=\"TitreHIS\">Heritage Fabric in the Digital Age<\/span><\/span><\/strong><\/p>\n<p><strong>Dedicated website:\u00a0<a href=\"http:\/\/europia.fr\/HIS6\/\">http:\/\/europia.fr\/HIS6\/<\/a><\/strong><\/p>\n<p><a href=\"https:\/\/i0.wp.com\/citu-paragraphe.fr\/wp-content\/uploads\/2019\/04\/Colloque_HIS_2020.jpg\"><img decoding=\"async\" loading=\"lazy\" class=\"size-medium wp-image-2679 alignleft\" src=\"https:\/\/i0.wp.com\/citu-paragraphe.fr\/wp-content\/uploads\/2019\/04\/Colloque_HIS_2020-300x300.jpg?resize=300%2C300\" alt=\"\" width=\"300\" height=\"300\" srcset=\"https:\/\/i0.wp.com\/citu-paragraphe.fr\/wp-content\/uploads\/2019\/04\/Colloque_HIS_2020.jpg?resize=300%2C300&amp;ssl=1 300w, https:\/\/i0.wp.com\/citu-paragraphe.fr\/wp-content\/uploads\/2019\/04\/Colloque_HIS_2020.jpg?resize=150%2C150&amp;ssl=1 150w, https:\/\/i0.wp.com\/citu-paragraphe.fr\/wp-content\/uploads\/2019\/04\/Colloque_HIS_2020.jpg?resize=768%2C768&amp;ssl=1 768w, https:\/\/i0.wp.com\/citu-paragraphe.fr\/wp-content\/uploads\/2019\/04\/Colloque_HIS_2020.jpg?resize=1024%2C1024&amp;ssl=1 1024w, https:\/\/i0.wp.com\/citu-paragraphe.fr\/wp-content\/uploads\/2019\/04\/Colloque_HIS_2020.jpg?w=1389&amp;ssl=1 1389w, https:\/\/i0.wp.com\/citu-paragraphe.fr\/wp-content\/uploads\/2019\/04\/Colloque_HIS_2020.jpg?w=1240&amp;ssl=1 1240w\" sizes=\"(max-width: 300px) 100vw, 300px\" data-recalc-dims=\"1\" \/><\/a><\/p>\n<p class=\"english\">The term HyperHeritage covers every hybrid cultural heritage environment augmented with digital information inviting us to explore new ways of perceiving, experiencing and practicing cultural heritage. Massive developments on ICT and the unprecedented spread of mobile, location-aware and immersive (Augmented and Virtual Reality) technologies and devices, advocate for the exploration of new forms of Human to Human, Human-Computer and Human-Environment interaction and information communication on Cultural Heritage. These advances also imply gradually establishing new ways and means to comprehend, access, process, experience and perceive digital and interconnected Cultural Heritage information on a variety of delivery platforms, devices and environments.<\/p>\n<p class=\"english\">Human-to-Human computer-mediated communication protocols, are inviting information designers to reconsider the design of all digitally augmented Cultural-Heritage environments. Rather than questioning or challenging the role of traditional Cultural Heritage institutions, HyperHeritage comes to offer new communication means for processing, experiencing and perceiving Cultural Heritage information, as produced, created, consumed and experienced in all digitally interconnected dimensions and spaces.<\/p>\n<p class=\"english\">In June 2016, at the last conference, UNESCO reaffirmed the importance of tangible and intangible cultural heritage for the preservation and promotion of culture and as an engine for sustainable development.<\/p>\n<p>We are moreover witnessing an increased engagement from researchers, social actors, institutions and diverse publics for reconceptualising the transmission of cultural heritage in all its dimensions. This phenomenon is inherent to the preservation, development, experiencing and transmission of cultural heritage. It occurs in different temporalities and merges all facets of cultural heritage as it is experienced, perceived and lived. It also evokes issues related with concepts such as the construction of self, identity, emotions, memory, creativity and imaginary heritage spaces.<\/p>\n<p><em>The sixth HyperHeritage International Symposium (HIS.6) will be focusing \u2013yet not limited- \u00a0on the theme <span style=\"color: #0000ff;\">&#8220;<strong>Heritage Factory in the Digital Age<\/strong>&#8220;<\/span>.<\/em><\/p>\n<h1>2019 edition &#8211;\u00a0Call for contributions<\/h1>\n<p>The 6th edition of HIS is particularly interested in, and not limited to, the folowing topics:<\/p>\n<ul>\n<li>Intangible heritage<\/li>\n<li>Ephemeral Heritage (Digital Art, Blogs, etc.)<\/li>\n<li>Digital heritage fabrics<\/li>\n<li>Invisible heritage,<\/li>\n<li>Destruction of heritage (including digital)<\/li>\n<li>Relation to heritage in the digital era<\/li>\n<li>Duplicated heritage (real \/ digital)<\/li>\n<li>Hybride heritage (real \/ digital)<\/li>\n<\/ul>\n<p>(1) https:\/\/ich.unesco.org\/en\/conventio)<\/p>\n<p><strong>Topics of interest for this conference include, and not limited to the following:<\/strong><\/p>\n<p><strong>Extended Topics (key words)<\/strong><\/p>\n<ul>\n<li>Augmented Reality and Virtual Reality for Cultural Heritage<\/li>\n<li>Cultural Heritage applications and Big Data<\/li>\n<li>Computer Vision for Cultural Heritage<\/li>\n<li>Archives and Data Management<\/li>\n<li>Data Visualisation and Cultural Heritage<\/li>\n<li>Spatial data\u00a0mining and Cultural Heritage<\/li>\n<li>Serious Games for Cultural Heritage<\/li>\n<li>Cultural Heritage Formal and Informal Education and Tools<\/li>\n<li>Cultural\u00a0Heritage Information acquisition, restitution and retrieval<\/li>\n<li>Cultural Heritage Information Design<\/li>\n<li>Experience Design<\/li>\n<li>Advanced digitization &amp; scanning<\/li>\n<li>GIS services and architectures for CH<\/li>\n<li>Human-Cultural Heritage Interaction<\/li>\n<li>Hyper Heritage\u00a0Project Development &amp; Management<\/li>\n<li>Hypermedia<\/li>\n<li>Internet-of-Things (IoT)<\/li>\n<li>Modeling and Simulation approaches<\/li>\n<li>Open Cultural Heritage Data Management<\/li>\n<li>Social Networks &amp; Communities in Cultural Heritage<\/li>\n<\/ul>\n<p>The conference aspires to explore and compare emerging scientific approaches on these topics. Authors are invited to submit papers describing past and current research projects and initiatives, as well as experience with proof-of-concept, prototype and operational systems.<\/p>\n<h2>Instructions to Authors<\/h2>\n<p><span style=\"color: #0000ff;\"><strong>1st Step:<\/strong><\/span><\/p>\n<p>Abstract (max 5000 characters) to be sent as follow:<br \/>\n<strong>First Page:\u00a0<\/strong>Paper Title and Subtitle<br \/>\nAuthor(s)\u2019s name(s) and affiliation<br \/>\n<strong>Second Page:<\/strong>\u00a0Abstract no longer than 5000 charcaters with a list of 6 keywords maximum.<\/p>\n<p><span style=\"color: #0000ff;\"><strong>2d Step:<\/strong><\/span><\/p>\n<p>Full papers (max 25000 characters) to be submitted as PDF file. Organized as follow:<br \/>\n<strong>First Page:\u00a0<\/strong>paper Title, Subtitle, Author(s)\u2019s name(s) and affiliation, Acknowledgments<br \/>\n<strong>Second Page:<\/strong>\u00a0Abstract no longer than 300 words.<br \/>\nList of 6 keywords maximum.<br \/>\n<strong>Third and following pages:\u00a0<\/strong>paper text. With numbered paragraphs.<br \/>\n<strong>References:<\/strong>\u00a0the citation style used for HIS.5 is APA. Please use the following resources on APA:<br \/>\n<a href=\"http:\/\/www.apastyle.org\/\">http:\/\/www.apastyle.org<\/a><br \/>\n<a href=\"https:\/\/owl.english.purdue.edu\/owl\/resource\/560\/01\/\">https:\/\/owl.english.purdue.edu\/owl\/resource\/560\/01\/<\/a><\/p>\n<p>Abstract and papers to be submitted directly on the following link:\u00a0<a href=\"https:\/\/easychair.org\/conferences\/?conf=his6\">click here<\/a>\u00a0&#8220;<u><a href=\"https:\/\/easychair.org\/conferences\/?conf=his6\" target=\"_blank\" rel=\"noopener\">Submission<\/a><\/u>&#8220;. For all questions, contact:\u00a0<a href=\"mailto:info@hyperheritage.org\">info@hyperheritage.org<\/a><br \/>\nThe contributions should be fully anonymized and should not reveal the name of the author(s). Authors of accepted papers will be invited to submit camera-ready papers in PDF (submitted directly to the conference submission system:\u00a0<strong><a href=\"https:\/\/easychair.org\/conferences\/?conf=his6\" target=\"_blank\" rel=\"noopener\">Submission<\/a><\/strong>)<\/p>\n<h2>Reviewing process<\/h2>\n<p>All submitted abstracts and papers will be reviewed using double blind refereeing process<\/p>\n<h2>Important dates<\/h2>\n<p>Abstract\u00a0<a href=\"https:\/\/easychair.org\/conferences\/?conf=his6\" target=\"_blank\" rel=\"noopener\">submission<\/a>: June 28, 2019<br \/>\nNotifications to authors:\u00a0<span class=\"chgt\">July<\/span>\u00a015, \u00a02019<br \/>\nFinal papers\u00a0<a href=\"https:\/\/easychair.org\/conferences\/?conf=his6\" target=\"_blank\" rel=\"noopener\">submission<\/a>:\u00a0<span class=\"chgt\">September 9<\/span>, 2019<br \/>\nNotifications to authors:\u00a0<span class=\"chgt\">September 30<\/span>, 2019<\/p>\n<hr class=\"ttfmake-hr\" style=\"border-style: solid; border-top-width: 1px;\" \/>\n<h1>Previous editions<\/h1>\n<h2>HIS.3<\/h2>\n<p>5-7 May, 2016 | Kerkena, Tunisia<\/p>\n<p>Digital technology has allowed to perceive, to practice and to deal differently with cultural in general and with cultural heritage in particular.<br \/>\nThe term HyperHeritage covers every cultural environment that embeds and includes traditional and digital cultural information &#8230;<\/p>\n<h2>HIS.2<\/h2>\n<p>April 3-4, 2015 &#8211; Kerkennah, Tunisia<\/p>\n<p>The 2d edition suggested to give priority to research and innovation actions related to Cultural Heritage Information (C.H.I) retrieval, C.H.I acquisition, C.H.I validation, C.H.I Archiving, C.H.I Indexing, &#8230; to enable better C.H.I Design, C.H.I Reconstruction, C.H.I Management, C.H.I Promotion, &#8230;<\/p>\n<h2>HIS.1<\/h2>\n<p>December 11-12, 2013 &#8211; Ramallah-Palestine<\/p>\n<p>The first edition showed that most of South Mediterranean Cultural Heritage is poorly digitalized and weakly informed and documented (on the digital space).<\/p>\n","protected":false},"excerpt":{"rendered":"<p>HIS6 &#8211; Hyperheritage International Seminar La fabrique du patrimoine \u00e0 l&#8217;\u00e8re num\u00e9rique Heritage Fabric in the Digital Age Dedicated website:\u00a0http:\/\/europia.fr\/HIS6\/ The term HyperHeritage covers every hybrid cultural heritage environment augmented with digital information inviting us to explore new ways of perceiving, experiencing and practicing cultural heritage. Massive developments on ICT and the unprecedented spread of &hellip;<\/p>\n","protected":false},"author":1,"featured_media":0,"parent":78,"menu_order":0,"comment_status":"closed","ping_status":"closed","template":"","meta":[],"jetpack-related-posts":[{"id":658,"url":"https:\/\/citu-paragraphe.fr\/index.php\/formation\/ateliers\/atelier-hyperheritage\/","url_meta":{"origin":540,"position":0},"title":"Atelier HyperHeritage","author":"Pierre Ch\u00e2tel-Innocenti","date":"1 f\u00e9vrier 2016","format":false,"excerpt":"Atelier M2 Net - \"HyperHeritage\" Responsables de l\u2019atelier-laboratoire :\u00a0Khaldoun Zreik\u00a0et\u00a0Nasreddine Bouha\u00ef Sujet :\u00a0?","rel":"","context":"Article similaire","block_context":{"text":"Article similaire","link":""},"img":{"alt_text":"","src":"","width":0,"height":0},"classes":[]},{"id":78,"url":"https:\/\/citu-paragraphe.fr\/index.php\/colloques\/","url_meta":{"origin":540,"position":1},"title":"Colloques","author":"Pierre Ch\u00e2tel-Innocenti","date":"23 novembre 2015","format":false,"excerpt":"Colloques organis\u00e9s en 2016 01Design CAC Call for papers Important dates CIDE EIA, Fronti\u00e8res Num\u00e9riques, H2PTM, HyperHeritage, HyperUrbain, ICHSL","rel":"","context":"Article similaire","block_context":{"text":"Article similaire","link":""},"img":{"alt_text":"","src":"","width":0,"height":0},"classes":[]},{"id":450,"url":"https:\/\/citu-paragraphe.fr\/index.php\/formation\/ateliers\/","url_meta":{"origin":540,"position":2},"title":"Ateliers Master","author":"Pierre Ch\u00e2tel-Innocenti","date":"9 d\u00e9cembre 2015","format":false,"excerpt":"Ateliers\u00a0Master Atelier D\u00e9tail de l'atelier Contact Conception Collaborative Conception de projets ergonomiques en \u00e9quipes pluridisciplinaires Viviane FOLCHER, Khaldoun ZREIK Hyperurbains et Smartcities Explorer les nouvelles formes de communication et d\u2019interaction dans le cadre de la ville connect\u00e9e Khaldoun ZREIK,\u00a0Samuel Szoniecky Proverbes et e-\u00e9ducation Concevoir un dispositif num\u00e9rique pour l\u2019E-education Salam\u2026","rel":"","context":"Article similaire","block_context":{"text":"Article similaire","link":""},"img":{"alt_text":"","src":"","width":0,"height":0},"classes":[]},{"id":90,"url":"https:\/\/citu-paragraphe.fr\/index.php\/accueil-test\/","url_meta":{"origin":540,"position":3},"title":"A propos","author":"Pierre Ch\u00e2tel-Innocenti","date":"25 novembre 2015","format":false,"excerpt":"Qui sommes nous","rel":"","context":"Article similaire","block_context":{"text":"Article similaire","link":""},"img":{"alt_text":"","src":"","width":0,"height":0},"classes":[]},{"id":544,"url":"https:\/\/citu-paragraphe.fr\/index.php\/colloques\/ichsl\/","url_meta":{"origin":540,"position":4},"title":"ICHSL","author":"Pierre Ch\u00e2tel-Innocenti","date":"18 d\u00e9cembre 2015","format":false,"excerpt":"ICHSL - International Conference on Human System Learning Dedicated website:\u00a0ichsl.net Human System Learning International Conferences are organized as a cross-platform for the study and analysis of the latest research and developments issues related to Human System Learning. What makes this conference unique is the interaction of different disciplines with regard\u2026","rel":"","context":"Article similaire","block_context":{"text":"Article similaire","link":""},"img":{"alt_text":"ichsl9","src":"https:\/\/i0.wp.com\/citu-paragraphe.fr\/wp-content\/uploads\/2015\/12\/ichsl9.jpg?resize=350%2C200","width":350,"height":200,"srcset":"https:\/\/i0.wp.com\/citu-paragraphe.fr\/wp-content\/uploads\/2015\/12\/ichsl9.jpg?resize=350%2C200 1x, https:\/\/i0.wp.com\/citu-paragraphe.fr\/wp-content\/uploads\/2015\/12\/ichsl9.jpg?resize=525%2C300 1.5x, https:\/\/i0.wp.com\/citu-paragraphe.fr\/wp-content\/uploads\/2015\/12\/ichsl9.jpg?resize=700%2C400 2x, https:\/\/i0.wp.com\/citu-paragraphe.fr\/wp-content\/uploads\/2015\/12\/ichsl9.jpg?resize=1050%2C600 3x"},"classes":[]},{"id":191,"url":"https:\/\/citu-paragraphe.fr\/index.php\/membres\/guillaume-besacier\/","url_meta":{"origin":540,"position":5},"title":"Guillaume Besacier","author":"Pierre Ch\u00e2tel-Innocenti","date":"27 novembre 2015","format":false,"excerpt":"Guillaume Besacier Ma\u00eetre de conf\u00e9rence \/ Associate Professor Guillaume Besacier is an Associate Professor in Computer Science at Universit\u00e9 Paris 8, in the Digital Humanities department and the Citu-Paragraphe research team. His research themes are broadly defined by how new digital devices and new interaction techniques can change the way\u2026","rel":"","context":"Article similaire","block_context":{"text":"Article similaire","link":""},"img":{"alt_text":"","src":"","width":0,"height":0},"classes":[]}],"_links":{"self":[{"href":"https:\/\/citu-paragraphe.fr\/index.php\/wp-json\/wp\/v2\/pages\/540"}],"collection":[{"href":"https:\/\/citu-paragraphe.fr\/index.php\/wp-json\/wp\/v2\/pages"}],"about":[{"href":"https:\/\/citu-paragraphe.fr\/index.php\/wp-json\/wp\/v2\/types\/page"}],"author":[{"embeddable":true,"href":"https:\/\/citu-paragraphe.fr\/index.php\/wp-json\/wp\/v2\/users\/1"}],"replies":[{"embeddable":true,"href":"https:\/\/citu-paragraphe.fr\/index.php\/wp-json\/wp\/v2\/comments?post=540"}],"version-history":[{"count":0,"href":"https:\/\/citu-paragraphe.fr\/index.php\/wp-json\/wp\/v2\/pages\/540\/revisions"}],"up":[{"embeddable":true,"href":"https:\/\/citu-paragraphe.fr\/index.php\/wp-json\/wp\/v2\/pages\/78"}],"wp:attachment":[{"href":"https:\/\/citu-paragraphe.fr\/index.php\/wp-json\/wp\/v2\/media?parent=540"}],"curies":[{"name":"wp","href":"https:\/\/api.w.org\/{rel}","templated":true}]}}