{"id":544,"date":"2015-12-18T10:14:38","date_gmt":"2015-12-18T09:14:38","guid":{"rendered":"http:\/\/citu-paragraphe.fr\/?page_id=544"},"modified":"2016-02-12T14:03:05","modified_gmt":"2016-02-12T13:03:05","slug":"ichsl","status":"publish","type":"page","link":"https:\/\/citu-paragraphe.fr\/index.php\/colloques\/ichsl\/","title":{"rendered":"ICHSL"},"content":{"rendered":"<h1>ICHSL &#8211; International Conference on Human System Learning<\/h1>\n<p><strong>Dedicated website:<\/strong>\u00a0<a href=\"http:\/\/www.ichsl.net\/9\/history.htm\">ichsl.net<\/a><\/p>\n<p>Human System Learning International Conferences are organized as a cross-platform for the study and analysis of the latest research and developments issues related to Human System Learning. <strong>What makes this conference unique is the interaction of different disciplines<\/strong> with regard to their approaches, methods and techniques for the application of advanced technologies in Learning areas. Specifics of disciplines are not only the subject of the conference but serve as cases. Cross-platform discussions and interactions help to enhance the scope of those technologies beyond their existing application limits. Furthermore, ICHSL conferences seek a discussion of terms and conditions for <strong>introducing new concepts and tools (offered by the latest research and developments results) and new strategies (required by the inevitable changes of the professional and educational working environments)<\/strong>.<\/p>\n<h1>Latest edition<\/h1>\n<h2><a href=\"http:\/\/www.ichsl.net\/9\">ICHSL.9<\/a> &#8211; Alternative Learning Systems<\/h2>\n<p>Conference co-sponsored by IEEE SMCS Society<br \/>\nJune, 11-13, 2014 &#8211; Cotonou, Benin, West Africa<\/p>\n<p><a href=\"http:\/\/www.ichsl.net\/9\" rel=\"attachment wp-att-817\"><img decoding=\"async\" loading=\"lazy\" class=\"aligncenter size-full wp-image-817\" src=\"https:\/\/i0.wp.com\/citu-paragraphe.fr\/wp-content\/uploads\/2015\/12\/ichsl9.jpg?resize=620%2C113\" alt=\"ichsl9\" width=\"620\" height=\"113\" srcset=\"https:\/\/i0.wp.com\/citu-paragraphe.fr\/wp-content\/uploads\/2015\/12\/ichsl9.jpg?w=1100&amp;ssl=1 1100w, https:\/\/i0.wp.com\/citu-paragraphe.fr\/wp-content\/uploads\/2015\/12\/ichsl9.jpg?resize=300%2C55&amp;ssl=1 300w, https:\/\/i0.wp.com\/citu-paragraphe.fr\/wp-content\/uploads\/2015\/12\/ichsl9.jpg?resize=768%2C140&amp;ssl=1 768w, https:\/\/i0.wp.com\/citu-paragraphe.fr\/wp-content\/uploads\/2015\/12\/ichsl9.jpg?resize=1024%2C186&amp;ssl=1 1024w\" sizes=\"(max-width: 620px) 100vw, 620px\" data-recalc-dims=\"1\" \/><\/a><\/p>\n<p>Nowadays and more than ever, learning and teaching paradigms look to tightly depend on the advances in various information and communication technological (ICT) domains such as: e-learning, distance learning, machine learning, HCI, social networking, augmented reality, virtual reality, serious game, cloud computing, crowd sourcing, &#8230;<\/p>\n<p>Considering, as fact, the use of information and communication spaces and tools, has allowed practitioners, researchers and users to re-debate and to re-question some dogmatic phenomenon\u2019s involved in teaching and\/or learning process.\u00a0ICT protocols have also changed interrelations and distances between learning and teaching systems. The nonstop using of ICT has led to the emergence of some unforeseen Alternative Learning Systems.\u00a0Alternative Learning System could be considered in this conference as the in progress learning hybrid space that includes innovative approaches related to knowledge transferring, acquisition and discovering.<\/p>\n<p>The 9th international conference on human system learning will be focused mainly on advances and experiences related to alternative learning systems design.<\/p>\n<h1>Previous editions<\/h1>\n<h2><a href=\"http:\/\/europia.org\/ICHSL8\/\">ICHSL.8<\/a> &#8211; Augmented learning: corporality, interference and temporality in knowledge acquisition and transmission<\/h2>\n<p>December, 4th &amp; 5th 2012 &#8211; Paris, France<\/p>\n<p>ICHSL.8 is interested in questioning, modeling and describing the environments (systems), the technical factors as well as the practices that take part during training and learning activities. By taking into account that intelligence is shared between the learners and the teaching devices, it is thus possible to consider that both human and learning media can be considered as &#8220;learner&#8221;.<\/p>\n<p><a href=\"http:\/\/europia.org\/ICHSL8\/\" rel=\"attachment wp-att-821\"><img decoding=\"async\" loading=\"lazy\" class=\"aligncenter size-full wp-image-821\" src=\"https:\/\/i0.wp.com\/citu-paragraphe.fr\/wp-content\/uploads\/2015\/12\/ichsl8.jpg?resize=620%2C124\" alt=\"ichsl8\" width=\"620\" height=\"124\" srcset=\"https:\/\/i0.wp.com\/citu-paragraphe.fr\/wp-content\/uploads\/2015\/12\/ichsl8.jpg?w=1000&amp;ssl=1 1000w, https:\/\/i0.wp.com\/citu-paragraphe.fr\/wp-content\/uploads\/2015\/12\/ichsl8.jpg?resize=300%2C60&amp;ssl=1 300w, https:\/\/i0.wp.com\/citu-paragraphe.fr\/wp-content\/uploads\/2015\/12\/ichsl8.jpg?resize=768%2C154&amp;ssl=1 768w\" sizes=\"(max-width: 620px) 100vw, 620px\" data-recalc-dims=\"1\" \/><\/a><\/p>\n<p>Learning Media could afford, within a social organization, the management and identification of cognitive skills, in the sense where multiple informational phenomena with their context, expressiveness and purposes have to be taken into account.\u00a0According to various theoretical approaches and analysis of e-learning and remote training systems, ICHSL.8 is keen to study role and impact of augmented\/mixed reality environments into those &#8220;complex systems of training. The &#8220;augmented reality&#8221; concept appears to be closer to a &#8220;physical&#8221; world than a virtual one as it is conditioned by users&#8217; physical actions, actions that translate an effect, a modification or a contribution to the underlying communication system of augmented learning. An augmented learning system is seen here as a mediator combining mutualy physical (traditional) and virtual (digital) information within a learning session (for teachers and learners).<\/p>\n<p>ICHSL.8 focuses on the following topics:<\/p>\n<ul>\n<li>New learning spaces: augmented classroom<\/li>\n<li>Spatio-temporality of learning and the &#8220;augmented&#8221; training: roles and impacts of ICT on the perception of time<\/li>\n<li>Human-technology interferences during knowledge acquisition process<\/li>\n<li>Embodiment of information, knowledge and know-how: &#8220;body discourses&#8221; in augmented interactions<\/li>\n<li>Cognitive and Corporal Personalization of learning processes<\/li>\n<\/ul>\n<h2><a href=\"http:\/\/ichsl7.paragraphe.info\/\">ICHSL.7<\/a> &#8211; Jeux &#8211; Apprentissages \/ Personnes &#8211; Syst\u00e8mes<\/h2>\n<p>14 et 15 d\u00e9cembre 2011 &#8211; Paris, France<\/p>\n<p>Mieux comprendre la dimension ludique de l\u2019apprentissage en situation m\u00e9diatis\u00e9e permettrait d\u2019une part de valider certaines initiatives techno-p\u00e9dagogiques sur lesquelles il est n\u00e9cessaire de faire le point, et, d\u2019autre part, de mieux expliquer comment l\u2019homme construit un savoir distinct dans l\u2019interaction, avec d\u2019autres mais aussi avec la multitude de syst\u00e8mes imbriqu\u00e9s qui supportent, voir propulsent, ses capacit\u00e9s cognitive et m\u00e9tacognitive.<br \/>\nCette dimension ludique que nous voulons explorer au cours de cette manifestation constitue un levier trop souvent informel dans l\u2019organisation de l\u2019enseignement sup\u00e9rieur ou dans la formation tout au long de la vie. L\u2019animation d\u2019une fonction ludique et r\u00e9cr\u00e9ative dans l\u2019apprentissage rel\u00e8ve trop souvent d\u2019un savoir-\u00eatre, voire d\u2019un \u00ab art d\u2019enseigner \u00bb, qui ne saurait \u00eatre conceptualis\u00e9. Or, cette conceptualisation est n\u00e9cessaire dans le design d\u2019interface et de supports d\u2019information qui, ind\u00e9pendamment de la volont\u00e9 des institutions prescriptives, sont aujourd\u2019hui intrins\u00e8quement li\u00e9s aux pratiques des uns et des autres, des formateurs\/enseignants dans la gestion de leur cours, de leur \u00e9valuation, et des apprenants au cours des activit\u00e9s distantes qui nourrissent leur travail personnel et alimentent leur style d\u2019acquisition de connaissance. Les jeux dans l\u2019acception large du terme, ont permis de faire \u00e9voluer par ailleurs la notion de distance, notamment gr\u00e2ce aux possibilit\u00e9s offertes par les technologies de l\u2019information et de la communication qui ont successivement transformer les activit\u00e9s humaines ; comment qualifier les nouvelles propri\u00e9t\u00e9s de la \u00ab distance \u00bb en dehors de l\u2019espace physique, arriverions-nous \u00e0 la notion d\u2019hyper-distance ?<\/p>\n<h2><a href=\"http:\/\/europia.org\/edition\/livres\/cogn\/ICHSL6.htm\">ICHSL.6<\/a> &#8211; Common Innovation in e-Learning, Machine Learning and Humanoid<\/h2>\n<p>14-16 May, 2008 &#8211; Toulouse, France<\/p>\n<p><strong><a href=\"http:\/\/europia.org\/edition\/livres\/cogn\/ICHSL6.htm\" rel=\"attachment wp-att-826\"><img decoding=\"async\" loading=\"lazy\" class=\"alignleft size-full wp-image-826\" src=\"https:\/\/i0.wp.com\/citu-paragraphe.fr\/wp-content\/uploads\/2015\/12\/CouverICHSL6.jpg?resize=170%2C240\" alt=\"CouverICHSL6\" width=\"170\" height=\"240\" data-recalc-dims=\"1\" \/><\/a>What is learning?<\/strong> The Information Society is burgeoning and new technology is shifting educational, learning and training paradigms. Virtual Universities, Cyber-Classrooms, e-Learning, Wireless Based Learning, Humanoid Robots, Data Mining, Text Mining, Web Semantic, etc. may be cryptic catch phrases now but will be within the main learning and teaching norm in a very near future.<\/p>\n<p>The sixth ICHSL observes that, Machine Learning, Humanoid (mainly Human Robot Interaction) and e-Learning system have in common a real complex challenge: What learning has become?\u00a0Whether learning has to occur within Humans, Machines or Interactions between Humans and Machine, the process of learning is still perceived as complex.\u00a0Learning context has shifted. Learning paradigms have shifted as well as learning Strategies. Learning environment has totally be changed as well as learning assessment, learning control, learning evolving, learning scheduling, etc. etc.<\/p>\n<p>ICHSL.6 dares to bring up again this non ended question: What is learning into a very modern and dynamic hybrid environment.<\/p>\n","protected":false},"excerpt":{"rendered":"<p>ICHSL &#8211; International Conference on Human System Learning Dedicated website:\u00a0ichsl.net Human System Learning International Conferences are organized as a cross-platform for the study and analysis of the latest research and developments issues related to Human System Learning. What makes this conference unique is the interaction of different disciplines with regard to their approaches, methods and &hellip;<\/p>\n","protected":false},"author":1,"featured_media":0,"parent":78,"menu_order":0,"comment_status":"closed","ping_status":"closed","template":"","meta":[],"jetpack-related-posts":[{"id":17,"url":"https:\/\/citu-paragraphe.fr\/index.php\/membres\/khaldoun-zreik\/","url_meta":{"origin":544,"position":0},"title":"Khaldoun Zreik","author":"Pierre Ch\u00e2tel-Innocenti","date":"13 novembre 2015","format":false,"excerpt":"\u00a0 \u00a0Khaldoun ZREIK Professeur en Sciences de l'Information et d la Communication, Universit\u00e9 Paris 8 Directeur du D\u00e9partement Hyperm\u00e9dia (UFR MITSIC), Universit\u00e9 Paris 8 Responsable scientifique du\u00a0Groupe de recherche CITU- Paragraphe (Cybermedia, Interactions, Transdisciplinarit\u00e9 & Ubiquitous), Laboratoire Paragraphe, University of Paris 8 Co-directeur du\u00a0Master NET (Num\u00e9rique : Enjeux et Technologies):,\u2026","rel":"","context":"Article similaire","block_context":{"text":"Article similaire","link":""},"img":{"alt_text":"","src":"","width":0,"height":0},"classes":[]},{"id":540,"url":"https:\/\/citu-paragraphe.fr\/index.php\/colloques\/his\/","url_meta":{"origin":544,"position":1},"title":"HIS","author":"Pierre Ch\u00e2tel-Innocenti","date":"18 d\u00e9cembre 2015","format":false,"excerpt":"HIS6 - Hyperheritage International Seminar La fabrique du patrimoine \u00e0 l'\u00e8re num\u00e9rique Heritage Fabric in the Digital Age Dedicated website:\u00a0http:\/\/europia.fr\/HIS6\/ The term HyperHeritage covers every hybrid cultural heritage environment augmented with digital information inviting us to explore new ways of perceiving, experiencing and practicing cultural heritage. Massive developments on ICT\u2026","rel":"","context":"Article similaire","block_context":{"text":"Article similaire","link":""},"img":{"alt_text":"","src":"https:\/\/i0.wp.com\/citu-paragraphe.fr\/wp-content\/uploads\/2019\/04\/Colloque_HIS_2020-300x300.jpg?resize=350%2C200","width":350,"height":200},"classes":[]},{"id":3514,"url":"https:\/\/citu-paragraphe.fr\/index.php\/membres\/alyse-yilmaz\/","url_meta":{"origin":544,"position":2},"title":"Alyse Yilmaz","author":"Alyse Yilmaz","date":"24 novembre 2020","format":false,"excerpt":"Alyse Yilmaz Doctorante contractuelle Actuellement doctorante en sciences humaines et sociales, Alyse Yilmaz se sp\u00e9cialise dans l'\u00e9tude des dynamiques d'appropriation des technologies. Son travail s'appuie sur une m\u00e9thodologie mixte, alliant des approches quantitatives et qualitatives pour une analyse exhaustive. Elle est affili\u00e9e au laboratoire Paragraphe, une collaboration entre l'Universit\u00e9 Paris\u2026","rel":"","context":"Article similaire","block_context":{"text":"Article similaire","link":""},"img":{"alt_text":"","src":"","width":0,"height":0},"classes":[]},{"id":2129,"url":"https:\/\/citu-paragraphe.fr\/index.php\/membres\/luis-torres-yepez\/","url_meta":{"origin":544,"position":3},"title":"Luis Torres-Yepez","author":"Luis Torres Yepez","date":"21 janvier 2019","format":false,"excerpt":"Luis Torres-Yepez Chercheur Associ\u00e9 Laboratoire Paragraphe FORMATION 2017 \u2013 2024. Doctorat en Sciences de l\u2019information et de la communication. Laboratoire CiTu \u2013 Paragraphe, Universit\u00e9 Paris 8 Vincennes - St. Denis, France. Th\u00e8se\u00a0: \u00ab\u00a0\u00c9tude de l\u2019appropriation du patrimoine culturel immat\u00e9riel gr\u00e2ce aux m\u00e9thodes num\u00e9riques. Visualisation et cartographie de la biopiraterie des\u2026","rel":"","context":"Article similaire","block_context":{"text":"Article similaire","link":""},"img":{"alt_text":"","src":"https:\/\/i0.wp.com\/img.youtube.com\/vi\/bobDY0AaTtg\/0.jpg?resize=350%2C200","width":350,"height":200},"classes":[]},{"id":532,"url":"https:\/\/citu-paragraphe.fr\/index.php\/colloques\/cide\/","url_meta":{"origin":544,"position":4},"title":"CIDE","author":"Pierre Ch\u00e2tel-Innocenti","date":"18 d\u00e9cembre 2015","format":false,"excerpt":"CIDE - Colloque International sur le Document Num\u00e9rique Site web d\u00e9di\u00e9:\u00a0cide18.europia.org Depuis 1998, CIDE propose un cycle de manifestations scientifiques sur le th\u00e8me du document \u00e9lectronique, avec pour objectif de confronter les points de vue des diff\u00e9rentes disciplines concern\u00e9es par sa conception et ses usages et de diffuser les derniers\u2026","rel":"","context":"Article similaire","block_context":{"text":"Article similaire","link":""},"img":{"alt_text":"","src":"https:\/\/i0.wp.com\/citu-paragraphe.fr\/wp-content\/uploads\/2015\/12\/couvCiDE18.jpg?resize=350%2C200","width":350,"height":200},"classes":[]},{"id":530,"url":"https:\/\/citu-paragraphe.fr\/index.php\/colloques\/cac\/","url_meta":{"origin":544,"position":5},"title":"CAC","author":"Pierre Ch\u00e2tel-Innocenti","date":"18 d\u00e9cembre 2015","format":false,"excerpt":"CAC - Computer Art Congress Dedicated website: https:\/\/cac8.sciencesconf.org\/ The Computer Art Congress is an international gathering around art, science, technology, and design. Its first edition was celebrated in Paris (2002), then the CAC traveled to Mexico City (2008), then came back to Paris (2012), and recently was hosted in Rio\u2026","rel":"","context":"Article similaire","block_context":{"text":"Article similaire","link":""},"img":{"alt_text":"","src":"https:\/\/i0.wp.com\/citu-paragraphe.fr\/wp-content\/uploads\/2016\/02\/12366134_10207541690674150_1583002390927422686_o.jpg?resize=350%2C200","width":350,"height":200},"classes":[]}],"_links":{"self":[{"href":"https:\/\/citu-paragraphe.fr\/index.php\/wp-json\/wp\/v2\/pages\/544"}],"collection":[{"href":"https:\/\/citu-paragraphe.fr\/index.php\/wp-json\/wp\/v2\/pages"}],"about":[{"href":"https:\/\/citu-paragraphe.fr\/index.php\/wp-json\/wp\/v2\/types\/page"}],"author":[{"embeddable":true,"href":"https:\/\/citu-paragraphe.fr\/index.php\/wp-json\/wp\/v2\/users\/1"}],"replies":[{"embeddable":true,"href":"https:\/\/citu-paragraphe.fr\/index.php\/wp-json\/wp\/v2\/comments?post=544"}],"version-history":[{"count":0,"href":"https:\/\/citu-paragraphe.fr\/index.php\/wp-json\/wp\/v2\/pages\/544\/revisions"}],"up":[{"embeddable":true,"href":"https:\/\/citu-paragraphe.fr\/index.php\/wp-json\/wp\/v2\/pages\/78"}],"wp:attachment":[{"href":"https:\/\/citu-paragraphe.fr\/index.php\/wp-json\/wp\/v2\/media?parent=544"}],"curies":[{"name":"wp","href":"https:\/\/api.w.org\/{rel}","templated":true}]}}