{"id":646,"date":"2016-02-01T13:28:19","date_gmt":"2016-02-01T12:28:19","guid":{"rendered":"http:\/\/citu-paragraphe.fr\/?page_id=646"},"modified":"2016-02-01T13:41:08","modified_gmt":"2016-02-01T12:41:08","slug":"atelier-proverbes-et-e-education","status":"publish","type":"page","link":"https:\/\/citu-paragraphe.fr\/index.php\/formation\/ateliers\/atelier-proverbes-et-e-education\/","title":{"rendered":"Atelier Proverbes et e-\u00e9ducation"},"content":{"rendered":"<h1>Atelier Master Linguistique d\u2019une langue \u00e9trang\u00e8re &#8211; &#8220;Proverbes et e-\u00e9ducation&#8221;<\/h1>\n<p><b>Responsables de l\u2019atelier-laboratoire<\/b> : <a href=\"mailto:salam.diab-duranton@univ-paris8.fr\">Salam Diab-Duranton<\/a>\u00a0et\u00a0<a href=\"http:\/\/citu-paragraphe.fr\/index.php\/membres\/samuel-szoniecky\/\">Samuel Szoniecky<\/a><br \/>\n<b>Sujet<\/b> :\u00a0Concevoir un dispositif num\u00e9rique pour l\u2019E-education<\/p>\n","protected":false},"excerpt":{"rendered":"<p>Atelier Master Linguistique d\u2019une langue \u00e9trang\u00e8re &#8211; &#8220;Proverbes et e-\u00e9ducation&#8221; Responsables de l\u2019atelier-laboratoire : Salam Diab-Duranton\u00a0et\u00a0Samuel Szoniecky Sujet :\u00a0Concevoir un dispositif num\u00e9rique pour l\u2019E-education<\/p>\n","protected":false},"author":1,"featured_media":0,"parent":450,"menu_order":0,"comment_status":"closed","ping_status":"closed","template":"","meta":[],"jetpack-related-posts":[{"id":450,"url":"https:\/\/citu-paragraphe.fr\/index.php\/formation\/ateliers\/","url_meta":{"origin":646,"position":0},"title":"Ateliers Master","author":"Pierre Ch\u00e2tel-Innocenti","date":"9 d\u00e9cembre 2015","format":false,"excerpt":"Ateliers\u00a0Master Atelier D\u00e9tail de l'atelier Contact Conception Collaborative Conception de projets ergonomiques en \u00e9quipes pluridisciplinaires Viviane FOLCHER, Khaldoun ZREIK Hyperurbains et Smartcities Explorer les nouvelles formes de communication et d\u2019interaction dans le cadre de la ville connect\u00e9e Khaldoun ZREIK,\u00a0Samuel Szoniecky Proverbes et e-\u00e9ducation Concevoir un dispositif num\u00e9rique pour l\u2019E-education Salam\u2026","rel":"","context":"Article similaire","block_context":{"text":"Article similaire","link":""},"img":{"alt_text":"","src":"","width":0,"height":0},"classes":[]},{"id":649,"url":"https:\/\/citu-paragraphe.fr\/index.php\/formation\/ateliers\/atelier-hyperurbains-et-smartcities\/","url_meta":{"origin":646,"position":1},"title":"Atelier Hyperurbains et Smartcities","author":"Pierre Ch\u00e2tel-Innocenti","date":"1 f\u00e9vrier 2016","format":false,"excerpt":"Atelier M2 NET - \"Hyperurbains et Smartcities\" Responsables de l\u2019atelier-laboratoire : Khaldoun Zreik\u00a0et\u00a0Samuel Szoniecky Sujet : Explorer les nouvelles formes de communication et d\u2019interaction dans le cadre de la ville connect\u00e9e","rel":"","context":"Article similaire","block_context":{"text":"Article similaire","link":""},"img":{"alt_text":"","src":"","width":0,"height":0},"classes":[]},{"id":658,"url":"https:\/\/citu-paragraphe.fr\/index.php\/formation\/ateliers\/atelier-hyperheritage\/","url_meta":{"origin":646,"position":2},"title":"Atelier HyperHeritage","author":"Pierre Ch\u00e2tel-Innocenti","date":"1 f\u00e9vrier 2016","format":false,"excerpt":"Atelier M2 Net - \"HyperHeritage\" Responsables de l\u2019atelier-laboratoire :\u00a0Khaldoun Zreik\u00a0et\u00a0Nasreddine Bouha\u00ef Sujet :\u00a0?","rel":"","context":"Article similaire","block_context":{"text":"Article similaire","link":""},"img":{"alt_text":"","src":"","width":0,"height":0},"classes":[]},{"id":577,"url":"https:\/\/citu-paragraphe.fr\/index.php\/formation\/ateliers\/atelier-conception-collaborative-ergonomique\/","url_meta":{"origin":646,"position":3},"title":"Atelier Conception Collaborative Ergonomique","author":"Pierre Ch\u00e2tel-Innocenti","date":"18 janvier 2016","format":false,"excerpt":"Atelier M2 NET\/Ergo - \u201cConception Collaborative Ergonomique\u201d Responsables de l\u2019atelier-laboratoire : Viviane Folcher et Khaldoun Zreik Sujet : Conception de projets ergonomiques en \u00e9quipes pluridisciplinaires Ann\u00e9e Sujet\u00a0de l'atelier 2011-2012 Re-conception d'un outil de diagnostic du b\u00e2ti pour l'Office Public de l'Habitat de la ville du Havre 2012-2013 Conception en zone\u2026","rel":"","context":"Article similaire","block_context":{"text":"Article similaire","link":""},"img":{"alt_text":"_Pre\u00cc\u0081sentation_Gallicasphe\u00cc\u0080re_","src":"https:\/\/i0.wp.com\/citu-paragraphe.fr\/wp-content\/uploads\/2016\/01\/Pre\u00cc\u0081sentation_Gallicasphe\u00cc\u0080re_-1024x615.png?resize=350%2C200","width":350,"height":200,"srcset":"https:\/\/i0.wp.com\/citu-paragraphe.fr\/wp-content\/uploads\/2016\/01\/Pre\u00cc\u0081sentation_Gallicasphe\u00cc\u0080re_-1024x615.png?resize=350%2C200 1x, https:\/\/i0.wp.com\/citu-paragraphe.fr\/wp-content\/uploads\/2016\/01\/Pre\u00cc\u0081sentation_Gallicasphe\u00cc\u0080re_-1024x615.png?resize=525%2C300 1.5x"},"classes":[]},{"id":90,"url":"https:\/\/citu-paragraphe.fr\/index.php\/accueil-test\/","url_meta":{"origin":646,"position":4},"title":"A propos","author":"Pierre Ch\u00e2tel-Innocenti","date":"25 novembre 2015","format":false,"excerpt":"Qui sommes nous","rel":"","context":"Article similaire","block_context":{"text":"Article similaire","link":""},"img":{"alt_text":"","src":"","width":0,"height":0},"classes":[]},{"id":2129,"url":"https:\/\/citu-paragraphe.fr\/index.php\/membres\/luis-torres-yepez\/","url_meta":{"origin":646,"position":5},"title":"Luis Torres-Yepez","author":"Luis Torres Yepez","date":"21 janvier 2019","format":false,"excerpt":"Luis Torres-Yepez Chercheur Associ\u00e9 Laboratoire Paragraphe FORMATION 2017 \u2013 2024. Doctorat en Sciences de l\u2019information et de la communication. Laboratoire CiTu \u2013 Paragraphe, Universit\u00e9 Paris 8 Vincennes - St. Denis, France. Th\u00e8se\u00a0: \u00ab\u00a0\u00c9tude de l\u2019appropriation du patrimoine culturel immat\u00e9riel gr\u00e2ce aux m\u00e9thodes num\u00e9riques. Visualisation et cartographie de la biopiraterie des\u2026","rel":"","context":"Article similaire","block_context":{"text":"Article similaire","link":""},"img":{"alt_text":"","src":"https:\/\/i0.wp.com\/img.youtube.com\/vi\/bobDY0AaTtg\/0.jpg?resize=350%2C200","width":350,"height":200},"classes":[]}],"_links":{"self":[{"href":"https:\/\/citu-paragraphe.fr\/index.php\/wp-json\/wp\/v2\/pages\/646"}],"collection":[{"href":"https:\/\/citu-paragraphe.fr\/index.php\/wp-json\/wp\/v2\/pages"}],"about":[{"href":"https:\/\/citu-paragraphe.fr\/index.php\/wp-json\/wp\/v2\/types\/page"}],"author":[{"embeddable":true,"href":"https:\/\/citu-paragraphe.fr\/index.php\/wp-json\/wp\/v2\/users\/1"}],"replies":[{"embeddable":true,"href":"https:\/\/citu-paragraphe.fr\/index.php\/wp-json\/wp\/v2\/comments?post=646"}],"version-history":[{"count":0,"href":"https:\/\/citu-paragraphe.fr\/index.php\/wp-json\/wp\/v2\/pages\/646\/revisions"}],"up":[{"embeddable":true,"href":"https:\/\/citu-paragraphe.fr\/index.php\/wp-json\/wp\/v2\/pages\/450"}],"wp:attachment":[{"href":"https:\/\/citu-paragraphe.fr\/index.php\/wp-json\/wp\/v2\/media?parent=646"}],"curies":[{"name":"wp","href":"https:\/\/api.w.org\/{rel}","templated":true}]}}