{"id":78,"date":"2015-11-23T09:01:12","date_gmt":"2015-11-23T08:01:12","guid":{"rendered":"http:\/\/01design.eu\/citu\/WordPress3\/?page_id=78"},"modified":"2015-11-23T09:01:12","modified_gmt":"2015-11-23T08:01:12","slug":"colloques","status":"publish","type":"page","link":"https:\/\/citu-paragraphe.fr\/index.php\/colloques\/","title":{"rendered":"Colloques"},"content":{"rendered":"<h1>Colloques organis\u00e9s en 2016<\/h1>\n<h2>01Design<\/h2>\n<h2>CAC<\/h2>\n<h3>Call for papers<\/h3>\n<h4>Important dates<\/h4>\n<h2>CIDE<\/h2>\n<p>EIA, Fronti\u00e8res Num\u00e9riques, H2PTM, HyperHeritage, HyperUrbain, ICHSL<\/p>\n","protected":false},"excerpt":{"rendered":"<p>Colloques organis\u00e9s en 2016 01Design CAC Call for papers Important dates CIDE EIA, Fronti\u00e8res Num\u00e9riques, H2PTM, HyperHeritage, HyperUrbain, ICHSL<\/p>\n","protected":false},"author":1,"featured_media":0,"parent":0,"menu_order":4,"comment_status":"closed","ping_status":"closed","template":"","meta":[],"jetpack-related-posts":[{"id":528,"url":"https:\/\/citu-paragraphe.fr\/index.php\/colloques\/01design\/","url_meta":{"origin":78,"position":0},"title":"01Design","author":"Pierre Ch\u00e2tel-Innocenti","date":"18 d\u00e9cembre 2015","format":false,"excerpt":"","rel":"","context":"Article similaire","block_context":{"text":"Article similaire","link":""},"img":{"alt_text":"","src":"","width":0,"height":0},"classes":[]},{"id":538,"url":"https:\/\/citu-paragraphe.fr\/index.php\/colloques\/h2ptm\/","url_meta":{"origin":78,"position":1},"title":"H2PTM","author":"Pierre Ch\u00e2tel-Innocenti","date":"18 d\u00e9cembre 2015","format":false,"excerpt":"","rel":"","context":"Article similaire","block_context":{"text":"Article similaire","link":""},"img":{"alt_text":"","src":"","width":0,"height":0},"classes":[]},{"id":542,"url":"https:\/\/citu-paragraphe.fr\/index.php\/colloques\/hyperurbain\/","url_meta":{"origin":78,"position":2},"title":"HyperUrbain","author":"Pierre Ch\u00e2tel-Innocenti","date":"18 d\u00e9cembre 2015","format":false,"excerpt":"","rel":"","context":"Article similaire","block_context":{"text":"Article similaire","link":""},"img":{"alt_text":"","src":"","width":0,"height":0},"classes":[]},{"id":536,"url":"https:\/\/citu-paragraphe.fr\/index.php\/colloques\/frontieres-numeriques\/","url_meta":{"origin":78,"position":3},"title":"Fronti\u00e8res Num\u00e9riques","author":"Pierre Ch\u00e2tel-Innocenti","date":"18 d\u00e9cembre 2015","format":false,"excerpt":"","rel":"","context":"Article similaire","block_context":{"text":"Article similaire","link":""},"img":{"alt_text":"","src":"","width":0,"height":0},"classes":[]},{"id":532,"url":"https:\/\/citu-paragraphe.fr\/index.php\/colloques\/cide\/","url_meta":{"origin":78,"position":4},"title":"CIDE","author":"Pierre Ch\u00e2tel-Innocenti","date":"18 d\u00e9cembre 2015","format":false,"excerpt":"CIDE - Colloque International sur le Document Num\u00e9rique Site web d\u00e9di\u00e9:\u00a0cide18.europia.org Depuis 1998, CIDE propose un cycle de manifestations scientifiques sur le th\u00e8me du document \u00e9lectronique, avec pour objectif de confronter les points de vue des diff\u00e9rentes disciplines concern\u00e9es par sa conception et ses usages et de diffuser les derniers\u2026","rel":"","context":"Article similaire","block_context":{"text":"Article similaire","link":""},"img":{"alt_text":"","src":"https:\/\/i0.wp.com\/citu-paragraphe.fr\/wp-content\/uploads\/2015\/12\/couvCiDE18.jpg?resize=350%2C200","width":350,"height":200},"classes":[]},{"id":530,"url":"https:\/\/citu-paragraphe.fr\/index.php\/colloques\/cac\/","url_meta":{"origin":78,"position":5},"title":"CAC","author":"Pierre Ch\u00e2tel-Innocenti","date":"18 d\u00e9cembre 2015","format":false,"excerpt":"CAC - Computer Art Congress Dedicated website: https:\/\/cac8.sciencesconf.org\/ The Computer Art Congress is an international gathering around art, science, technology, and design. Its first edition was celebrated in Paris (2002), then the CAC traveled to Mexico City (2008), then came back to Paris (2012), and recently was hosted in Rio\u2026","rel":"","context":"Article similaire","block_context":{"text":"Article similaire","link":""},"img":{"alt_text":"","src":"https:\/\/i0.wp.com\/citu-paragraphe.fr\/wp-content\/uploads\/2016\/02\/12366134_10207541690674150_1583002390927422686_o.jpg?resize=350%2C200","width":350,"height":200},"classes":[]}],"_links":{"self":[{"href":"https:\/\/citu-paragraphe.fr\/index.php\/wp-json\/wp\/v2\/pages\/78"}],"collection":[{"href":"https:\/\/citu-paragraphe.fr\/index.php\/wp-json\/wp\/v2\/pages"}],"about":[{"href":"https:\/\/citu-paragraphe.fr\/index.php\/wp-json\/wp\/v2\/types\/page"}],"author":[{"embeddable":true,"href":"https:\/\/citu-paragraphe.fr\/index.php\/wp-json\/wp\/v2\/users\/1"}],"replies":[{"embeddable":true,"href":"https:\/\/citu-paragraphe.fr\/index.php\/wp-json\/wp\/v2\/comments?post=78"}],"version-history":[{"count":0,"href":"https:\/\/citu-paragraphe.fr\/index.php\/wp-json\/wp\/v2\/pages\/78\/revisions"}],"wp:attachment":[{"href":"https:\/\/citu-paragraphe.fr\/index.php\/wp-json\/wp\/v2\/media?parent=78"}],"curies":[{"name":"wp","href":"https:\/\/api.w.org\/{rel}","templated":true}]}}