{"id":950,"date":"2016-06-09T08:31:35","date_gmt":"2016-06-09T07:31:35","guid":{"rendered":"http:\/\/citu-paragraphe.fr\/?page_id=950"},"modified":"2016-06-09T08:56:06","modified_gmt":"2016-06-09T07:56:06","slug":"dualcorps","status":"publish","type":"page","link":"https:\/\/citu-paragraphe.fr\/index.php\/projets\/dualcorps\/","title":{"rendered":"DualCorps"},"content":{"rendered":"<h1>DUALCORPS<\/h1>\n<div class=\"one_half\">\n<p><strong>Porteur du projet : <\/strong>Equipe CITU-Paragraphe &#8211;\u00a0<a href=\"mailto:pierre.chatel@univ-paris8.fr\">Pierre Ch\u00e2tel-Innocenti<\/a><\/p>\n<p><strong>Direction scientifique :<\/strong> <a href=\"mailto:khaldoun.zreik@univ-paris8.fr\">Khaldoun Zreik<\/a>\u00a0(CITU), Alain Berthoz (CdF), Fran\u00e7ois Garnier (ENSAD)<br \/>\n<strong>Auteures et direction artistique :<\/strong> Claire Sistach et Soizic Sanson<\/p>\n<p><strong>En collaboration avec :<\/strong><br \/>\nGalerie H+<br \/>\nReticular Art Center<\/p>\n<\/div><div class=\"one_half_last_clear\">\n<p><strong>Partenaires :<br \/>\n<\/strong><a href=\"http:\/\/www.univ-paris8.fr\/\">Universit\u00e9 Paris 8 (Saint-Denis)<\/a><br \/>\n<a href=\"http:\/\/paragraphe.info\/\">Laboratoire Paragraphe &#8211; EA 349 (Paris 8)<br \/>\n<\/a><a href=\"http:\/\/www.labex-arts-h2h.fr\/dualcorps-1060.html\">Labex Arts-H2H (Paris 8)<\/a><br \/>\n<a href=\"http:\/\/www.ensad.fr\/\">Ecole nationale sup\u00e9rieure des Arts D\u00e9coratifs (Paris)<\/a><br \/>\n<a href=\"https:\/\/www.college-de-france.fr\/\">Coll\u00e8ge de France (Paris)<\/a><br \/>\n<a href=\"http:\/\/www.eunicevsg.org\/\">Association Eunice VSG (Paris)<\/a><\/p>\n<\/div><div class=\"clear\"><\/div>\n<h1>Description<\/h1>\n<p>DualCorps est un projet exp\u00e9rimental \u00e0 la crois\u00e9e de l\u2019art num\u00e9rique, de la performance et de la recherche-action. Le coeur du projet est une recherche Art-Science autour de la cyber-g\u00e9m\u00e9lleit\u00e9, du poids des donn\u00e9es dans la cr\u00e9ation des identit\u00e9s num\u00e9riques, et de la repr\u00e9sentation de ces derni\u00e8res. Les r\u00e9alisations s\u2019articulent autour d\u2019une performance immersive o\u00f9 na\u00eetra le DualCorps et d\u2019un ensemble d\u2019installations interactives venant enrichir la recherche.<\/p>\n<p><img decoding=\"async\" loading=\"lazy\" class=\"aligncenter wp-image-953 size-full\" src=\"https:\/\/i0.wp.com\/citu-paragraphe.fr\/wp-content\/uploads\/2016\/06\/visueldualcorps537.jpg?resize=537%2C316\" alt=\"visueldualcorps537\" width=\"537\" height=\"316\" srcset=\"https:\/\/i0.wp.com\/citu-paragraphe.fr\/wp-content\/uploads\/2016\/06\/visueldualcorps537.jpg?w=537&amp;ssl=1 537w, https:\/\/i0.wp.com\/citu-paragraphe.fr\/wp-content\/uploads\/2016\/06\/visueldualcorps537.jpg?resize=300%2C177&amp;ssl=1 300w\" sizes=\"(max-width: 537px) 100vw, 537px\" data-recalc-dims=\"1\" \/><\/p>\n<p>Le projet est actuellement financ\u00e9 par le <a href=\"http:\/\/www.labex-arts-h2h.fr\/dualcorps-1060.html\">Labex Arts-H2H<\/a> de l&#8217;Universit\u00e9 Paris 8, partenaire du projet.<\/p>\n<h1>Derni\u00e8res actualit\u00e9s &#8211;\u00a0Calendrier<\/h1>\n<h2>Jeudi 16 juin 2016<\/h2>\n<p>L\u2019\u00e9quipe CITU du Laboratoire Paragraphe organise une rencontre avec le Professeur Alain Berthoz, dans le cadre de la collaboration du Coll\u00e8ge de France au projet DualCorps. Le Pr. Berthoz viendra animer une pr\u00e9sentation d\u2019une heure et une discussion sur le sujet des &#8220;Bases neurales de la relation avec autrui et de l\u2019interaction avec, et entre, les avatars num\u00e9riques&#8221;.<\/p>\n<p><strong>Informations pratiques<\/strong><br \/>\nJeudi 16 juin 2016<br \/>\nUniversit\u00e9 Paris 8<br \/>\nEspace Deleuze (Salle des Th\u00e8ses)<br \/>\nDe 10h \u00e0 12h<\/p>\n","protected":false},"excerpt":{"rendered":"<p>DUALCORPS Description DualCorps est un projet exp\u00e9rimental \u00e0 la crois\u00e9e de l\u2019art num\u00e9rique, de la performance et de la recherche-action. Le coeur du projet est une recherche Art-Science autour de la cyber-g\u00e9m\u00e9lleit\u00e9, du poids des donn\u00e9es dans la cr\u00e9ation des identit\u00e9s num\u00e9riques, et de la repr\u00e9sentation de ces derni\u00e8res. Les r\u00e9alisations s\u2019articulent autour d\u2019une performance &hellip;<\/p>\n","protected":false},"author":1,"featured_media":0,"parent":27,"menu_order":0,"comment_status":"closed","ping_status":"closed","template":"","meta":[],"jetpack-related-posts":[{"id":185,"url":"https:\/\/citu-paragraphe.fr\/index.php\/membres\/nasreddine-bouhai\/","url_meta":{"origin":950,"position":0},"title":"Nasreddine Bouhai","author":"Pierre Ch\u00e2tel-Innocenti","date":"27 novembre 2015","format":false,"excerpt":"est ma\u00eetre de conf\u00e9rence en informatique en Sciences de l'information et de la communication, \u00e0 l'Universit\u00e9 Paris 8, d\u00e9partement Humanit\u00e9s num\u00e9riques , Axe de recherche Citu-Paragraphe du laboratoire Paragraphe.","rel":"","context":"Article similaire","block_context":{"text":"Article similaire","link":""},"img":{"alt_text":"","src":"","width":0,"height":0},"classes":[]},{"id":3514,"url":"https:\/\/citu-paragraphe.fr\/index.php\/membres\/alyse-yilmaz\/","url_meta":{"origin":950,"position":1},"title":"Alyse Yilmaz","author":"Alyse Yilmaz","date":"24 novembre 2020","format":false,"excerpt":"Alyse Yilmaz Doctorante contractuelle Actuellement doctorante en sciences humaines et sociales, Alyse Yilmaz se sp\u00e9cialise dans l'\u00e9tude des dynamiques d'appropriation des technologies. Son travail s'appuie sur une m\u00e9thodologie mixte, alliant des approches quantitatives et qualitatives pour une analyse exhaustive. Elle est affili\u00e9e au laboratoire Paragraphe, une collaboration entre l'Universit\u00e9 Paris\u2026","rel":"","context":"Article similaire","block_context":{"text":"Article similaire","link":""},"img":{"alt_text":"","src":"","width":0,"height":0},"classes":[]},{"id":2129,"url":"https:\/\/citu-paragraphe.fr\/index.php\/membres\/luis-torres-yepez\/","url_meta":{"origin":950,"position":2},"title":"Luis Torres-Yepez","author":"Luis Torres Yepez","date":"21 janvier 2019","format":false,"excerpt":"Luis Torres-Yepez Chercheur Associ\u00e9 Laboratoire Paragraphe FORMATION 2017 \u2013 2024. Doctorat en Sciences de l\u2019information et de la communication. Laboratoire CiTu \u2013 Paragraphe, Universit\u00e9 Paris 8 Vincennes - St. Denis, France. Th\u00e8se\u00a0: \u00ab\u00a0\u00c9tude de l\u2019appropriation du patrimoine culturel immat\u00e9riel gr\u00e2ce aux m\u00e9thodes num\u00e9riques. Visualisation et cartographie de la biopiraterie des\u2026","rel":"","context":"Article similaire","block_context":{"text":"Article similaire","link":""},"img":{"alt_text":"","src":"https:\/\/i0.wp.com\/img.youtube.com\/vi\/bobDY0AaTtg\/0.jpg?resize=350%2C200","width":350,"height":200},"classes":[]},{"id":1117,"url":"https:\/\/citu-paragraphe.fr\/index.php\/projets\/prevu\/","url_meta":{"origin":950,"position":3},"title":"Pr\u00e9vu","author":"Guillaume Besacier","date":"15 novembre 2017","format":false,"excerpt":"Le projet Pr\u00e9vu consiste \u00e0 mettre en place une plateforme d\u2019acc\u00e8s et de visualisation autour d\u2019un corpus de donn\u00e9es sp\u00e9cifique : les donn\u00e9es de la biblioth\u00e8que de l\u2019Universit\u00e9 de Paris 8 afin\u00a0d\u2019encourager \u00e0 travers leur consultation la recherche scientifique et de faire \u00e9merger de nouvelles\u00a0pratiques de recherche et de nouvelles\u2026","rel":"","context":"Article similaire","block_context":{"text":"Article similaire","link":""},"img":{"alt_text":"","src":"","width":0,"height":0},"classes":[]},{"id":191,"url":"https:\/\/citu-paragraphe.fr\/index.php\/membres\/guillaume-besacier\/","url_meta":{"origin":950,"position":4},"title":"Guillaume Besacier","author":"Pierre Ch\u00e2tel-Innocenti","date":"27 novembre 2015","format":false,"excerpt":"Guillaume Besacier Ma\u00eetre de conf\u00e9rence \/ Associate Professor Guillaume Besacier is an Associate Professor in Computer Science at Universit\u00e9 Paris 8, in the Digital Humanities department and the Citu-Paragraphe research team. His research themes are broadly defined by how new digital devices and new interaction techniques can change the way\u2026","rel":"","context":"Article similaire","block_context":{"text":"Article similaire","link":""},"img":{"alt_text":"","src":"","width":0,"height":0},"classes":[]},{"id":3099,"url":"https:\/\/citu-paragraphe.fr\/index.php\/membres-associes\/","url_meta":{"origin":950,"position":5},"title":"Membres associ\u00e9s","author":"Luis Torres Yepez","date":"13 septembre 2019","format":false,"excerpt":"Membres associ\u00e9s Jacques DucloyChercheur \u00e9m\u00e9rite LORIAKaaouas NadiaProfesseure des Universit\u00e9s \/ Universit\u00e9 Hassan II, MarocHammou FADILIChercheur \/FMSH Paris","rel":"","context":"Article similaire","block_context":{"text":"Article similaire","link":""},"img":{"alt_text":"","src":"","width":0,"height":0},"classes":[]}],"_links":{"self":[{"href":"https:\/\/citu-paragraphe.fr\/index.php\/wp-json\/wp\/v2\/pages\/950"}],"collection":[{"href":"https:\/\/citu-paragraphe.fr\/index.php\/wp-json\/wp\/v2\/pages"}],"about":[{"href":"https:\/\/citu-paragraphe.fr\/index.php\/wp-json\/wp\/v2\/types\/page"}],"author":[{"embeddable":true,"href":"https:\/\/citu-paragraphe.fr\/index.php\/wp-json\/wp\/v2\/users\/1"}],"replies":[{"embeddable":true,"href":"https:\/\/citu-paragraphe.fr\/index.php\/wp-json\/wp\/v2\/comments?post=950"}],"version-history":[{"count":0,"href":"https:\/\/citu-paragraphe.fr\/index.php\/wp-json\/wp\/v2\/pages\/950\/revisions"}],"up":[{"embeddable":true,"href":"https:\/\/citu-paragraphe.fr\/index.php\/wp-json\/wp\/v2\/pages\/27"}],"wp:attachment":[{"href":"https:\/\/citu-paragraphe.fr\/index.php\/wp-json\/wp\/v2\/media?parent=950"}],"curies":[{"name":"wp","href":"https:\/\/api.w.org\/{rel}","templated":true}]}}